{"id":742952,"date":"2025-03-03T18:24:20","date_gmt":"2025-03-03T17:24:20","guid":{"rendered":"https:\/\/stoic-curie.212-227-153-4.plesk.page\/producto\/rucka-s-dvostrukim-vakumskim-hvatanjem-do-80-kg\/"},"modified":"2026-02-25T00:01:06","modified_gmt":"2026-02-25T00:01:06","slug":"rucka-s-dvostrukim-vakumskim-hvatanjem-do-80-kg","status":"publish","type":"product","link":"https:\/\/stoic-curie.212-227-153-4.plesk.page\/hr\/product\/rucka-s-dvostrukim-vakumskim-hvatanjem-do-80-kg\/","title":{"rendered":"Rucka s dvostrukim vakumskim hvatanjem do 80 kg"},"content":{"rendered":"<p>Rucka s dvostrukim vakumskim hvatanjem do 80 kg &#8211; <\/p>\n<p>Oja\u010dana plasti\u010dna i nehr\u0111aju\u0107a \u010deli\u010dna ru\u010dka s usisnom \u010da\u0161om savr\u0161ena je kao dr\u017ea\u010d trupca, kao to\u010dka oslonca ili kao alat za transport ravnih predmeta. Sposobnost podizanja 40 kg po usisnoj \u010da\u0161i.<\/p>\n","protected":false},"excerpt":{"rendered":"<p>Rucka s dvostrukim vakumskim hvatanjem do 80 kg &#8211; Oja\u010dana plasti\u010dna i nehr\u0111aju\u0107a \u010deli\u010dna ru\u010dka s usisnom \u010da\u0161om savr\u0161ena je<\/p>\n","protected":false},"featured_media":5942150,"comment_status":"open","ping_status":"closed","template":"","meta":[],"product_brand":[3236],"product_cat":[1631],"product_tag":[],"class_list":{"0":"post-742952","1":"product","2":"type-product","3":"status-publish","4":"has-post-thumbnail","6":"product_brand-osculati-hr","7":"product_cat-alati-za-ciscenje","9":"first","10":"instock","11":"shipping-taxable","12":"purchasable","13":"product-type-simple"},"_links":{"self":[{"href":"https:\/\/stoic-curie.212-227-153-4.plesk.page\/hr\/wp-json\/wp\/v2\/product\/742952","targetHints":{"allow":["GET"]}}],"collection":[{"href":"https:\/\/stoic-curie.212-227-153-4.plesk.page\/hr\/wp-json\/wp\/v2\/product"}],"about":[{"href":"https:\/\/stoic-curie.212-227-153-4.plesk.page\/hr\/wp-json\/wp\/v2\/types\/product"}],"replies":[{"embeddable":true,"href":"https:\/\/stoic-curie.212-227-153-4.plesk.page\/hr\/wp-json\/wp\/v2\/comments?post=742952"}],"version-history":[{"count":0,"href":"https:\/\/stoic-curie.212-227-153-4.plesk.page\/hr\/wp-json\/wp\/v2\/product\/742952\/revisions"}],"wp:featuredmedia":[{"embeddable":true,"href":"https:\/\/stoic-curie.212-227-153-4.plesk.page\/hr\/wp-json\/wp\/v2\/media\/5942150"}],"wp:attachment":[{"href":"https:\/\/stoic-curie.212-227-153-4.plesk.page\/hr\/wp-json\/wp\/v2\/media?parent=742952"}],"wp:term":[{"taxonomy":"product_brand","embeddable":true,"href":"https:\/\/stoic-curie.212-227-153-4.plesk.page\/hr\/wp-json\/wp\/v2\/product_brand?post=742952"},{"taxonomy":"product_cat","embeddable":true,"href":"https:\/\/stoic-curie.212-227-153-4.plesk.page\/hr\/wp-json\/wp\/v2\/product_cat?post=742952"},{"taxonomy":"product_tag","embeddable":true,"href":"https:\/\/stoic-curie.212-227-153-4.plesk.page\/hr\/wp-json\/wp\/v2\/product_tag?post=742952"}],"curies":[{"name":"wp","href":"https:\/\/api.w.org\/{rel}","templated":true}]}}