{"id":742953,"date":"2025-03-03T18:24:20","date_gmt":"2025-03-03T17:24:20","guid":{"rendered":"https:\/\/stoic-curie.212-227-153-4.plesk.page\/producto\/antena-glomex-ra300dab-120-mt\/"},"modified":"2026-02-25T00:01:06","modified_gmt":"2026-02-25T00:01:06","slug":"antena-glomex-ra300dab-120-mt","status":"publish","type":"product","link":"https:\/\/stoic-curie.212-227-153-4.plesk.page\/hr\/product\/antena-glomex-ra300dab-120-mt\/","title":{"rendered":"Antena Glomex RA300DAB 1,20 mt"},"content":{"rendered":"<p>Antena Glomex RA300DAB 1,20 mt &#8211; <\/p>\n<p>UV-otporna fleksibilna staklena DAB (Digital Audio Broadcasting) RA300DAB antena za sve tipove plovila. Omogu\u0107uje prijem DAB digitalnog radio signala s boljoj kvaliteti, \u010dak i tijekom navigacije. FME konektor omogu\u0107uje brzo i jednostavno postavljanje zahvaljuju\u0107i priklju\u010denim kablovima i adapterima. 5\/8&#8243; x 24 navojna baza. 174-240 MHz \/ 50 Ohm. Visina: 1,2 m. S produ\u017eetkom ili adapterom, antena se mo\u017ee montirati na 1&#8243; x 14 navojne baze. Konektor omogu\u0107uje povezivanje FME navoja s PL258 koaksijalnom vezom.<\/p>\n","protected":false},"excerpt":{"rendered":"<p>Antena Glomex RA300DAB 1,20 mt &#8211; UV-otporna fleksibilna staklena DAB (Digital Audio Broadcasting) RA300DAB antena za sve tipove plovila. Omogu\u0107uje<\/p>\n","protected":false},"featured_media":5944511,"comment_status":"open","ping_status":"closed","template":"","meta":[],"product_brand":[2981],"product_cat":[1733],"product_tag":[],"class_list":{"0":"post-742953","1":"product","2":"type-product","3":"status-publish","4":"has-post-thumbnail","6":"product_brand-glomex-hr","7":"product_cat-stereo-i-zvucnici","9":"first","10":"instock","11":"shipping-taxable","12":"purchasable","13":"product-type-simple"},"_links":{"self":[{"href":"https:\/\/stoic-curie.212-227-153-4.plesk.page\/hr\/wp-json\/wp\/v2\/product\/742953","targetHints":{"allow":["GET"]}}],"collection":[{"href":"https:\/\/stoic-curie.212-227-153-4.plesk.page\/hr\/wp-json\/wp\/v2\/product"}],"about":[{"href":"https:\/\/stoic-curie.212-227-153-4.plesk.page\/hr\/wp-json\/wp\/v2\/types\/product"}],"replies":[{"embeddable":true,"href":"https:\/\/stoic-curie.212-227-153-4.plesk.page\/hr\/wp-json\/wp\/v2\/comments?post=742953"}],"version-history":[{"count":0,"href":"https:\/\/stoic-curie.212-227-153-4.plesk.page\/hr\/wp-json\/wp\/v2\/product\/742953\/revisions"}],"wp:featuredmedia":[{"embeddable":true,"href":"https:\/\/stoic-curie.212-227-153-4.plesk.page\/hr\/wp-json\/wp\/v2\/media\/5944511"}],"wp:attachment":[{"href":"https:\/\/stoic-curie.212-227-153-4.plesk.page\/hr\/wp-json\/wp\/v2\/media?parent=742953"}],"wp:term":[{"taxonomy":"product_brand","embeddable":true,"href":"https:\/\/stoic-curie.212-227-153-4.plesk.page\/hr\/wp-json\/wp\/v2\/product_brand?post=742953"},{"taxonomy":"product_cat","embeddable":true,"href":"https:\/\/stoic-curie.212-227-153-4.plesk.page\/hr\/wp-json\/wp\/v2\/product_cat?post=742953"},{"taxonomy":"product_tag","embeddable":true,"href":"https:\/\/stoic-curie.212-227-153-4.plesk.page\/hr\/wp-json\/wp\/v2\/product_tag?post=742953"}],"curies":[{"name":"wp","href":"https:\/\/api.w.org\/{rel}","templated":true}]}}