{"id":742958,"date":"2025-03-03T18:24:21","date_gmt":"2025-03-03T17:24:21","guid":{"rendered":"https:\/\/stoic-curie.212-227-153-4.plesk.page\/producto\/glomex-ra303-produzetak-od-staklenih-vlakana-12-mt\/"},"modified":"2026-02-25T00:01:06","modified_gmt":"2026-02-25T00:01:06","slug":"glomex-ra303-produzetak-od-staklenih-vlakana-12-mt","status":"publish","type":"product","link":"https:\/\/stoic-curie.212-227-153-4.plesk.page\/hr\/product\/glomex-ra303-produzetak-od-staklenih-vlakana-12-mt\/","title":{"rendered":"Glomex Ra303 produ\u017eetak od staklenih vlakana 1,2 mt"},"content":{"rendered":"<p>Glomex Ra303 produ\u017eetak od staklenih vlakana 1,2 mt &#8211; <\/p>\n<p>UV-otporna fleksibilna stakloplasti\u010dna antena RA300AIS (Automatski identifikacijski sustav) za sve vrste brodova. Omogu\u0107uje prijem AIS signala i relevantne informacije o prometu u okolini. FME konektor omogu\u0107uje brzu i jednostavnu instalaciju zahvaljuju\u0107i priklju\u010denim kabelima i adapterima. Navoj: 5\/8&#8243; x 24. 100W \/ 6db \/ 161.975-162.025 MHz \/ 50 Ohm. Visina: 1,2 m. Uz produ\u017eetak ili adapter, antenu je mogu\u0107e montirati na navoje 1&#8243; x 14. Konektor omogu\u0107uje povezivanje FME navoja s PL258 koaksijalnom vezom.<\/p>\n","protected":false},"excerpt":{"rendered":"<p>Glomex Ra303 produ\u017eetak od staklenih vlakana 1,2 mt &#8211; UV-otporna fleksibilna stakloplasti\u010dna antena RA300AIS (Automatski identifikacijski sustav) za sve vrste<\/p>\n","protected":false},"featured_media":5944522,"comment_status":"open","ping_status":"closed","template":"","meta":[],"product_brand":[2279,2981],"product_cat":[1753],"product_tag":[],"class_list":{"0":"post-742958","1":"product","2":"type-product","3":"status-publish","4":"has-post-thumbnail","6":"product_brand-glomex","7":"product_brand-glomex-hr","8":"product_cat-vhf-antene","10":"first","11":"instock","12":"shipping-taxable","13":"purchasable","14":"product-type-simple"},"_links":{"self":[{"href":"https:\/\/stoic-curie.212-227-153-4.plesk.page\/hr\/wp-json\/wp\/v2\/product\/742958","targetHints":{"allow":["GET"]}}],"collection":[{"href":"https:\/\/stoic-curie.212-227-153-4.plesk.page\/hr\/wp-json\/wp\/v2\/product"}],"about":[{"href":"https:\/\/stoic-curie.212-227-153-4.plesk.page\/hr\/wp-json\/wp\/v2\/types\/product"}],"replies":[{"embeddable":true,"href":"https:\/\/stoic-curie.212-227-153-4.plesk.page\/hr\/wp-json\/wp\/v2\/comments?post=742958"}],"version-history":[{"count":0,"href":"https:\/\/stoic-curie.212-227-153-4.plesk.page\/hr\/wp-json\/wp\/v2\/product\/742958\/revisions"}],"wp:featuredmedia":[{"embeddable":true,"href":"https:\/\/stoic-curie.212-227-153-4.plesk.page\/hr\/wp-json\/wp\/v2\/media\/5944522"}],"wp:attachment":[{"href":"https:\/\/stoic-curie.212-227-153-4.plesk.page\/hr\/wp-json\/wp\/v2\/media?parent=742958"}],"wp:term":[{"taxonomy":"product_brand","embeddable":true,"href":"https:\/\/stoic-curie.212-227-153-4.plesk.page\/hr\/wp-json\/wp\/v2\/product_brand?post=742958"},{"taxonomy":"product_cat","embeddable":true,"href":"https:\/\/stoic-curie.212-227-153-4.plesk.page\/hr\/wp-json\/wp\/v2\/product_cat?post=742958"},{"taxonomy":"product_tag","embeddable":true,"href":"https:\/\/stoic-curie.212-227-153-4.plesk.page\/hr\/wp-json\/wp\/v2\/product_tag?post=742958"}],"curies":[{"name":"wp","href":"https:\/\/api.w.org\/{rel}","templated":true}]}}