{"id":742959,"date":"2025-03-03T18:24:22","date_gmt":"2025-03-03T17:24:22","guid":{"rendered":"https:\/\/stoic-curie.212-227-153-4.plesk.page\/producto\/daljinski-upravljac-fusion-ms-nrx300\/"},"modified":"2026-02-25T00:01:06","modified_gmt":"2026-02-25T00:01:06","slug":"daljinski-upravljac-fusion-ms-nrx300","status":"publish","type":"product","link":"https:\/\/stoic-curie.212-227-153-4.plesk.page\/hr\/product\/daljinski-upravljac-fusion-ms-nrx300\/","title":{"rendered":"Daljinski upravlja\u010d Fusion Ms-Nrx300"},"content":{"rendered":"<p>Daljinski upravlja\u010d Fusion Ms-Nrx300 &#8211; <\/p>\n<p>Marinski stereo ure\u0111aj Fusion MS-RA70N za plo\u010de s LCD zaslonom sa staklenim vezivom i pozadinskim osvjetljenjem. Radio RDS FM\/AM DAB spreman, USB i stra\u017enji AUX ulaz. Ugra\u0111eni Bluetooth za streaming zvuka s pametnog telefona i kompatibilnih ure\u0111aja. Opremljen funkcijom daljinskog upravljanja Fusion-Link koja omogu\u0107uje upravljanje stereo ure\u0111ajem uz Garmin sat ili kompatibilni NMEA2000 multifunkcijski zaslon. Nezavisna kontrola postavki vi\u0161e zona za dvije odvojene audio zone. Vodootporan IPx7, mo\u017ee se montirati ravno ili uvu\u010deno. D=dukost<\/p>\n","protected":false},"excerpt":{"rendered":"<p>Daljinski upravlja\u010d Fusion Ms-Nrx300 &#8211; Marinski stereo ure\u0111aj Fusion MS-RA70N za plo\u010de s LCD zaslonom sa staklenim vezivom i pozadinskim<\/p>\n","protected":false},"featured_media":5942877,"comment_status":"open","ping_status":"closed","template":"","meta":[],"product_brand":[2961],"product_cat":[1733],"product_tag":[],"class_list":{"0":"post-742959","1":"product","2":"type-product","3":"status-publish","4":"has-post-thumbnail","6":"product_brand-fusion-hr","7":"product_cat-stereo-i-zvucnici","9":"first","10":"instock","11":"shipping-taxable","12":"purchasable","13":"product-type-simple"},"_links":{"self":[{"href":"https:\/\/stoic-curie.212-227-153-4.plesk.page\/hr\/wp-json\/wp\/v2\/product\/742959","targetHints":{"allow":["GET"]}}],"collection":[{"href":"https:\/\/stoic-curie.212-227-153-4.plesk.page\/hr\/wp-json\/wp\/v2\/product"}],"about":[{"href":"https:\/\/stoic-curie.212-227-153-4.plesk.page\/hr\/wp-json\/wp\/v2\/types\/product"}],"replies":[{"embeddable":true,"href":"https:\/\/stoic-curie.212-227-153-4.plesk.page\/hr\/wp-json\/wp\/v2\/comments?post=742959"}],"version-history":[{"count":0,"href":"https:\/\/stoic-curie.212-227-153-4.plesk.page\/hr\/wp-json\/wp\/v2\/product\/742959\/revisions"}],"wp:featuredmedia":[{"embeddable":true,"href":"https:\/\/stoic-curie.212-227-153-4.plesk.page\/hr\/wp-json\/wp\/v2\/media\/5942877"}],"wp:attachment":[{"href":"https:\/\/stoic-curie.212-227-153-4.plesk.page\/hr\/wp-json\/wp\/v2\/media?parent=742959"}],"wp:term":[{"taxonomy":"product_brand","embeddable":true,"href":"https:\/\/stoic-curie.212-227-153-4.plesk.page\/hr\/wp-json\/wp\/v2\/product_brand?post=742959"},{"taxonomy":"product_cat","embeddable":true,"href":"https:\/\/stoic-curie.212-227-153-4.plesk.page\/hr\/wp-json\/wp\/v2\/product_cat?post=742959"},{"taxonomy":"product_tag","embeddable":true,"href":"https:\/\/stoic-curie.212-227-153-4.plesk.page\/hr\/wp-json\/wp\/v2\/product_tag?post=742959"}],"curies":[{"name":"wp","href":"https:\/\/api.w.org\/{rel}","templated":true}]}}