{"id":742960,"date":"2025-03-03T18:24:22","date_gmt":"2025-03-03T17:24:22","guid":{"rendered":"https:\/\/stoic-curie.212-227-153-4.plesk.page\/producto\/ruksak-helly-hansen-stockholm-crna\/"},"modified":"2026-02-25T00:01:06","modified_gmt":"2026-02-25T00:01:06","slug":"ruksak-helly-hansen-stockholm-crna","status":"publish","type":"product","link":"https:\/\/stoic-curie.212-227-153-4.plesk.page\/hr\/product\/ruksak-helly-hansen-stockholm-crna\/","title":{"rendered":"Ruksak Helly Hansen Stockholm Crna"},"content":{"rendered":"<p>Ruksak Helly Hansen Stockholm Crna &#8211; <\/p>\n<p>Izdr\u017eljivi vodootporni glavni materijal ruksaka Helly Hansen Stockholm s \u0161irokim glavnim kop\u010dama, preklopnim dijelom za zatvaranje, vanjskim odjeljkom sa zatvara\u010dem i podesivim jastu\u010di\u0107ima za ramena.<\/p>\n","protected":false},"excerpt":{"rendered":"<p>Ruksak Helly Hansen Stockholm Crna &#8211; Izdr\u017eljivi vodootporni glavni materijal ruksaka Helly Hansen Stockholm s \u0161irokim glavnim kop\u010dama, preklopnim dijelom<\/p>\n","protected":false},"featured_media":5944532,"comment_status":"open","ping_status":"closed","template":"","meta":[],"product_brand":[3001],"product_cat":[1857,1855],"product_tag":[],"class_list":{"0":"post-742960","1":"product","2":"type-product","3":"status-publish","4":"has-post-thumbnail","6":"product_brand-helly-hansen-hr","7":"product_cat-jedrilicarska-odjeca-helly-hansen","8":"product_cat-suhe-torbe","10":"first","11":"outofstock","12":"shipping-taxable","13":"purchasable","14":"product-type-simple"},"_links":{"self":[{"href":"https:\/\/stoic-curie.212-227-153-4.plesk.page\/hr\/wp-json\/wp\/v2\/product\/742960","targetHints":{"allow":["GET"]}}],"collection":[{"href":"https:\/\/stoic-curie.212-227-153-4.plesk.page\/hr\/wp-json\/wp\/v2\/product"}],"about":[{"href":"https:\/\/stoic-curie.212-227-153-4.plesk.page\/hr\/wp-json\/wp\/v2\/types\/product"}],"replies":[{"embeddable":true,"href":"https:\/\/stoic-curie.212-227-153-4.plesk.page\/hr\/wp-json\/wp\/v2\/comments?post=742960"}],"version-history":[{"count":0,"href":"https:\/\/stoic-curie.212-227-153-4.plesk.page\/hr\/wp-json\/wp\/v2\/product\/742960\/revisions"}],"wp:featuredmedia":[{"embeddable":true,"href":"https:\/\/stoic-curie.212-227-153-4.plesk.page\/hr\/wp-json\/wp\/v2\/media\/5944532"}],"wp:attachment":[{"href":"https:\/\/stoic-curie.212-227-153-4.plesk.page\/hr\/wp-json\/wp\/v2\/media?parent=742960"}],"wp:term":[{"taxonomy":"product_brand","embeddable":true,"href":"https:\/\/stoic-curie.212-227-153-4.plesk.page\/hr\/wp-json\/wp\/v2\/product_brand?post=742960"},{"taxonomy":"product_cat","embeddable":true,"href":"https:\/\/stoic-curie.212-227-153-4.plesk.page\/hr\/wp-json\/wp\/v2\/product_cat?post=742960"},{"taxonomy":"product_tag","embeddable":true,"href":"https:\/\/stoic-curie.212-227-153-4.plesk.page\/hr\/wp-json\/wp\/v2\/product_tag?post=742960"}],"curies":[{"name":"wp","href":"https:\/\/api.w.org\/{rel}","templated":true}]}}