{"id":742969,"date":"2025-03-03T18:24:25","date_gmt":"2025-03-03T17:24:25","guid":{"rendered":"https:\/\/stoic-curie.212-227-153-4.plesk.page\/producto\/boatasy-hooklinker-kuka-za-vez\/"},"modified":"2026-02-25T00:01:06","modified_gmt":"2026-02-25T00:01:06","slug":"boatasy-hooklinker-kuka-za-vez","status":"publish","type":"product","link":"https:\/\/stoic-curie.212-227-153-4.plesk.page\/hr\/product\/boatasy-hooklinker-kuka-za-vez\/","title":{"rendered":"Boatasy Hooklinker kuka za vez"},"content":{"rendered":"<p>Boatasy Hooklinker kuka za vez &#8211; <\/p>\n<p>Boatasy Hooklinker je vi\u0161enamjenski brodski \u010dep za brzo i lako vezivanje. Omogu\u0107uje prolazak konopa za vezivanje kroz oko boje ili u o\u010dnicu dokova. Zahvaljuju\u0107i integriranoj svjetiljci, mo\u017ee se koristiti i no\u0107u.<\/p>\n","protected":false},"excerpt":{"rendered":"<p>Boatasy Hooklinker kuka za vez &#8211; Boatasy Hooklinker je vi\u0161enamjenski brodski \u010dep za brzo i lako vezivanje. Omogu\u0107uje prolazak konopa<\/p>\n","protected":false},"featured_media":5944551,"comment_status":"open","ping_status":"closed","template":"","meta":[],"product_brand":[2836],"product_cat":[1616],"product_tag":[],"class_list":{"0":"post-742969","1":"product","2":"type-product","3":"status-publish","4":"has-post-thumbnail","6":"product_brand-boatasy-hr","7":"product_cat-kuke-za-privez-i-pristajanje","9":"first","10":"instock","11":"shipping-taxable","12":"purchasable","13":"product-type-simple"},"_links":{"self":[{"href":"https:\/\/stoic-curie.212-227-153-4.plesk.page\/hr\/wp-json\/wp\/v2\/product\/742969","targetHints":{"allow":["GET"]}}],"collection":[{"href":"https:\/\/stoic-curie.212-227-153-4.plesk.page\/hr\/wp-json\/wp\/v2\/product"}],"about":[{"href":"https:\/\/stoic-curie.212-227-153-4.plesk.page\/hr\/wp-json\/wp\/v2\/types\/product"}],"replies":[{"embeddable":true,"href":"https:\/\/stoic-curie.212-227-153-4.plesk.page\/hr\/wp-json\/wp\/v2\/comments?post=742969"}],"version-history":[{"count":0,"href":"https:\/\/stoic-curie.212-227-153-4.plesk.page\/hr\/wp-json\/wp\/v2\/product\/742969\/revisions"}],"wp:featuredmedia":[{"embeddable":true,"href":"https:\/\/stoic-curie.212-227-153-4.plesk.page\/hr\/wp-json\/wp\/v2\/media\/5944551"}],"wp:attachment":[{"href":"https:\/\/stoic-curie.212-227-153-4.plesk.page\/hr\/wp-json\/wp\/v2\/media?parent=742969"}],"wp:term":[{"taxonomy":"product_brand","embeddable":true,"href":"https:\/\/stoic-curie.212-227-153-4.plesk.page\/hr\/wp-json\/wp\/v2\/product_brand?post=742969"},{"taxonomy":"product_cat","embeddable":true,"href":"https:\/\/stoic-curie.212-227-153-4.plesk.page\/hr\/wp-json\/wp\/v2\/product_cat?post=742969"},{"taxonomy":"product_tag","embeddable":true,"href":"https:\/\/stoic-curie.212-227-153-4.plesk.page\/hr\/wp-json\/wp\/v2\/product_tag?post=742969"}],"curies":[{"name":"wp","href":"https:\/\/api.w.org\/{rel}","templated":true}]}}