{"id":742976,"date":"2025-03-03T18:24:27","date_gmt":"2025-03-03T17:24:27","guid":{"rendered":"https:\/\/stoic-curie.212-227-153-4.plesk.page\/producto\/helly-hansen-storm-990-narancasta-jakna-velicina-m\/"},"modified":"2026-02-25T00:01:06","modified_gmt":"2026-02-25T00:01:06","slug":"helly-hansen-storm-990-narancasta-jakna-velicina-m","status":"publish","type":"product","link":"https:\/\/stoic-curie.212-227-153-4.plesk.page\/hr\/product\/helly-hansen-storm-990-narancasta-jakna-velicina-m\/","title":{"rendered":"Helly Hansen Storm 990 narancasta jakna (velicina: M)"},"content":{"rendered":"<p>Helly Hansen Storm 990 narancasta jakna (velicina: M) &#8211; <\/p>\n<p>Helly Hansen Storm ki\u0161na jakna izra\u0111ena je od poliestera debljine 310 g\/m\u00b2 s PVC premazom, idealna za za\u0161titu od vode prilikom ribolova ili bilo koje druge aktivnosti na brodu ili palubi. Ima dvostruki prednji preklop, unutarnji d\u017eep sa zatvara\u010dem i rupama za slu\u0161alice, bez ramena \u0161avova, kapulja\u010du s pode\u0161avanjem uzicom, neoprenske man\u017eete i om\u010du za identifikacijske kartice.<\/p>\n","protected":false},"excerpt":{"rendered":"<p>Helly Hansen Storm 990 narancasta jakna (velicina: M) &#8211; Helly Hansen Storm ki\u0161na jakna izra\u0111ena je od poliestera debljine 310<\/p>\n","protected":false},"featured_media":5944557,"comment_status":"open","ping_status":"closed","template":"","meta":[],"product_brand":[3001],"product_cat":[1857],"product_tag":[],"class_list":{"0":"post-742976","1":"product","2":"type-product","3":"status-publish","4":"has-post-thumbnail","6":"product_brand-helly-hansen-hr","7":"product_cat-jedrilicarska-odjeca-helly-hansen","9":"first","10":"instock","11":"shipping-taxable","12":"purchasable","13":"product-type-simple"},"_links":{"self":[{"href":"https:\/\/stoic-curie.212-227-153-4.plesk.page\/hr\/wp-json\/wp\/v2\/product\/742976","targetHints":{"allow":["GET"]}}],"collection":[{"href":"https:\/\/stoic-curie.212-227-153-4.plesk.page\/hr\/wp-json\/wp\/v2\/product"}],"about":[{"href":"https:\/\/stoic-curie.212-227-153-4.plesk.page\/hr\/wp-json\/wp\/v2\/types\/product"}],"replies":[{"embeddable":true,"href":"https:\/\/stoic-curie.212-227-153-4.plesk.page\/hr\/wp-json\/wp\/v2\/comments?post=742976"}],"version-history":[{"count":0,"href":"https:\/\/stoic-curie.212-227-153-4.plesk.page\/hr\/wp-json\/wp\/v2\/product\/742976\/revisions"}],"wp:featuredmedia":[{"embeddable":true,"href":"https:\/\/stoic-curie.212-227-153-4.plesk.page\/hr\/wp-json\/wp\/v2\/media\/5944557"}],"wp:attachment":[{"href":"https:\/\/stoic-curie.212-227-153-4.plesk.page\/hr\/wp-json\/wp\/v2\/media?parent=742976"}],"wp:term":[{"taxonomy":"product_brand","embeddable":true,"href":"https:\/\/stoic-curie.212-227-153-4.plesk.page\/hr\/wp-json\/wp\/v2\/product_brand?post=742976"},{"taxonomy":"product_cat","embeddable":true,"href":"https:\/\/stoic-curie.212-227-153-4.plesk.page\/hr\/wp-json\/wp\/v2\/product_cat?post=742976"},{"taxonomy":"product_tag","embeddable":true,"href":"https:\/\/stoic-curie.212-227-153-4.plesk.page\/hr\/wp-json\/wp\/v2\/product_tag?post=742976"}],"curies":[{"name":"wp","href":"https:\/\/api.w.org\/{rel}","templated":true}]}}