{"id":742978,"date":"2025-03-03T18:24:27","date_gmt":"2025-03-03T17:24:27","guid":{"rendered":"https:\/\/stoic-curie.212-227-153-4.plesk.page\/producto\/helly-hansen-storm-990-narancasta-jakna-velicina-xxl\/"},"modified":"2026-02-25T00:01:06","modified_gmt":"2026-02-25T00:01:06","slug":"helly-hansen-storm-990-narancasta-jakna-velicina-xxl","status":"publish","type":"product","link":"https:\/\/stoic-curie.212-227-153-4.plesk.page\/hr\/product\/helly-hansen-storm-990-narancasta-jakna-velicina-xxl\/","title":{"rendered":"Helly Hansen Storm 990 narancasta jakna (velicina: XXL)"},"content":{"rendered":"<p>Helly Hansen Storm 990 narancasta jakna (velicina: XXL) &#8211; <\/p>\n<p>Helly Hansen Storm jakna za ki\u0161u izra\u0111ena je od poliesterske tkanine mase 310 g\/m\u00b2 s PVC premazom, idealna za za\u0161titu od vode tijekom ribolova ili bilo koje druge aktivnosti na brodu ili palubi. Ima dvostranu prednju preklopnu tkaninu, unutra\u0161nji d\u017eep s patentnim zatvara\u010dem s rupama za slu\u0161alice, bez rameni \u0161avova, kapulja\u010du sa pode\u0161avanjem uzicom, neoprenske man\u017eete i petlju za identifikacijsku karticu.<\/p>\n","protected":false},"excerpt":{"rendered":"<p>Helly Hansen Storm 990 narancasta jakna (velicina: XXL) &#8211; Helly Hansen Storm jakna za ki\u0161u izra\u0111ena je od poliesterske tkanine<\/p>\n","protected":false},"featured_media":5944557,"comment_status":"open","ping_status":"closed","template":"","meta":[],"product_brand":[3001],"product_cat":[1857],"product_tag":[],"class_list":{"0":"post-742978","1":"product","2":"type-product","3":"status-publish","4":"has-post-thumbnail","6":"product_brand-helly-hansen-hr","7":"product_cat-jedrilicarska-odjeca-helly-hansen","9":"first","10":"instock","11":"shipping-taxable","12":"purchasable","13":"product-type-simple"},"_links":{"self":[{"href":"https:\/\/stoic-curie.212-227-153-4.plesk.page\/hr\/wp-json\/wp\/v2\/product\/742978","targetHints":{"allow":["GET"]}}],"collection":[{"href":"https:\/\/stoic-curie.212-227-153-4.plesk.page\/hr\/wp-json\/wp\/v2\/product"}],"about":[{"href":"https:\/\/stoic-curie.212-227-153-4.plesk.page\/hr\/wp-json\/wp\/v2\/types\/product"}],"replies":[{"embeddable":true,"href":"https:\/\/stoic-curie.212-227-153-4.plesk.page\/hr\/wp-json\/wp\/v2\/comments?post=742978"}],"version-history":[{"count":0,"href":"https:\/\/stoic-curie.212-227-153-4.plesk.page\/hr\/wp-json\/wp\/v2\/product\/742978\/revisions"}],"wp:featuredmedia":[{"embeddable":true,"href":"https:\/\/stoic-curie.212-227-153-4.plesk.page\/hr\/wp-json\/wp\/v2\/media\/5944557"}],"wp:attachment":[{"href":"https:\/\/stoic-curie.212-227-153-4.plesk.page\/hr\/wp-json\/wp\/v2\/media?parent=742978"}],"wp:term":[{"taxonomy":"product_brand","embeddable":true,"href":"https:\/\/stoic-curie.212-227-153-4.plesk.page\/hr\/wp-json\/wp\/v2\/product_brand?post=742978"},{"taxonomy":"product_cat","embeddable":true,"href":"https:\/\/stoic-curie.212-227-153-4.plesk.page\/hr\/wp-json\/wp\/v2\/product_cat?post=742978"},{"taxonomy":"product_tag","embeddable":true,"href":"https:\/\/stoic-curie.212-227-153-4.plesk.page\/hr\/wp-json\/wp\/v2\/product_tag?post=742978"}],"curies":[{"name":"wp","href":"https:\/\/api.w.org\/{rel}","templated":true}]}}