{"id":742982,"date":"2025-03-03T18:24:28","date_gmt":"2025-03-03T17:24:28","guid":{"rendered":"https:\/\/stoic-curie.212-227-153-4.plesk.page\/producto\/bib-hlace-helly-hansen-oluja-narancasta-velicina-xs\/"},"modified":"2026-02-25T00:01:06","modified_gmt":"2026-02-25T00:01:06","slug":"bib-hlace-helly-hansen-oluja-narancasta-velicina-xs","status":"publish","type":"product","link":"https:\/\/stoic-curie.212-227-153-4.plesk.page\/hr\/product\/bib-hlace-helly-hansen-oluja-narancasta-velicina-xs\/","title":{"rendered":"Bib Hlace Helly Hansen Oluja Narancasta &#8211; Velicina XS"},"content":{"rendered":"<p>Bib Hlace Helly Hansen Oluja Narancasta &#8211; Velicina XS &#8211; <\/p>\n<p>Helly Hansen Storm Rain Bib od 310 g\/m2 poliestera s PVC premazom idealan je za za\u0161titu od vode tijekom ribolova ili drugih aktivnosti na \u010damcu ili u luci. Ima unutarnji prednji d\u017eep sa zatvara\u010dem i elasti\u010dne trakice.<\/p>\n","protected":false},"excerpt":{"rendered":"<p>Bib Hlace Helly Hansen Oluja Narancasta &#8211; Velicina XS &#8211; Helly Hansen Storm Rain Bib od 310 g\/m2 poliestera s<\/p>\n","protected":false},"featured_media":5944562,"comment_status":"open","ping_status":"closed","template":"","meta":[],"product_brand":[3001],"product_cat":[1857],"product_tag":[],"class_list":{"0":"post-742982","1":"product","2":"type-product","3":"status-publish","4":"has-post-thumbnail","6":"product_brand-helly-hansen-hr","7":"product_cat-jedrilicarska-odjeca-helly-hansen","9":"first","10":"instock","11":"shipping-taxable","12":"purchasable","13":"product-type-simple"},"_links":{"self":[{"href":"https:\/\/stoic-curie.212-227-153-4.plesk.page\/hr\/wp-json\/wp\/v2\/product\/742982","targetHints":{"allow":["GET"]}}],"collection":[{"href":"https:\/\/stoic-curie.212-227-153-4.plesk.page\/hr\/wp-json\/wp\/v2\/product"}],"about":[{"href":"https:\/\/stoic-curie.212-227-153-4.plesk.page\/hr\/wp-json\/wp\/v2\/types\/product"}],"replies":[{"embeddable":true,"href":"https:\/\/stoic-curie.212-227-153-4.plesk.page\/hr\/wp-json\/wp\/v2\/comments?post=742982"}],"version-history":[{"count":0,"href":"https:\/\/stoic-curie.212-227-153-4.plesk.page\/hr\/wp-json\/wp\/v2\/product\/742982\/revisions"}],"wp:featuredmedia":[{"embeddable":true,"href":"https:\/\/stoic-curie.212-227-153-4.plesk.page\/hr\/wp-json\/wp\/v2\/media\/5944562"}],"wp:attachment":[{"href":"https:\/\/stoic-curie.212-227-153-4.plesk.page\/hr\/wp-json\/wp\/v2\/media?parent=742982"}],"wp:term":[{"taxonomy":"product_brand","embeddable":true,"href":"https:\/\/stoic-curie.212-227-153-4.plesk.page\/hr\/wp-json\/wp\/v2\/product_brand?post=742982"},{"taxonomy":"product_cat","embeddable":true,"href":"https:\/\/stoic-curie.212-227-153-4.plesk.page\/hr\/wp-json\/wp\/v2\/product_cat?post=742982"},{"taxonomy":"product_tag","embeddable":true,"href":"https:\/\/stoic-curie.212-227-153-4.plesk.page\/hr\/wp-json\/wp\/v2\/product_tag?post=742982"}],"curies":[{"name":"wp","href":"https:\/\/api.w.org\/{rel}","templated":true}]}}