{"id":742991,"date":"2025-03-03T18:24:31","date_gmt":"2025-03-03T17:24:31","guid":{"rendered":"https:\/\/stoic-curie.212-227-153-4.plesk.page\/producto\/jakna-za-padaline-helly-hansen-gale-blue-velicina-xs\/"},"modified":"2026-02-25T00:01:06","modified_gmt":"2026-02-25T00:01:06","slug":"jakna-za-padaline-helly-hansen-gale-blue-velicina-xs","status":"publish","type":"product","link":"https:\/\/stoic-curie.212-227-153-4.plesk.page\/hr\/product\/jakna-za-padaline-helly-hansen-gale-blue-velicina-xs\/","title":{"rendered":"Jakna za padaline Helly Hansen Gale Blue &#8211; Velicina XS"},"content":{"rendered":"<p>Jakna za padaline Helly Hansen Gale Blue &#8211; Velicina XS &#8211; <\/p>\n<p>Helly Hansen Gale ki\u0161na jakna izra\u0111ena je od poliester tkanine debljine 240 g\/m2 s PU premazom, idealna za za\u0161titu od vode prilikom ribolova ili bilo koje druge aktivnosti na brodu ili palubi. Jakna ima dvostruki prednji sloj tkanine, unutra\u0161nji d\u017eep sa patentnim zatvara\u010dem s otvorima za slu\u0161alice, dva prednja d\u017eepa, kapulja\u010du s pode\u0161avanjem u\u017eeta, neopren rukave, donji rub s mogu\u0107no\u0161\u0107u pode\u0161avanja i petlju za identifikacijske kartice.<\/p>\n","protected":false},"excerpt":{"rendered":"<p>Jakna za padaline Helly Hansen Gale Blue &#8211; Velicina XS &#8211; Helly Hansen Gale ki\u0161na jakna izra\u0111ena je od poliester<\/p>\n","protected":false},"featured_media":5944567,"comment_status":"open","ping_status":"closed","template":"","meta":[],"product_brand":[3001],"product_cat":[1857],"product_tag":[],"class_list":{"0":"post-742991","1":"product","2":"type-product","3":"status-publish","4":"has-post-thumbnail","6":"product_brand-helly-hansen-hr","7":"product_cat-jedrilicarska-odjeca-helly-hansen","9":"first","10":"instock","11":"shipping-taxable","12":"purchasable","13":"product-type-simple"},"_links":{"self":[{"href":"https:\/\/stoic-curie.212-227-153-4.plesk.page\/hr\/wp-json\/wp\/v2\/product\/742991","targetHints":{"allow":["GET"]}}],"collection":[{"href":"https:\/\/stoic-curie.212-227-153-4.plesk.page\/hr\/wp-json\/wp\/v2\/product"}],"about":[{"href":"https:\/\/stoic-curie.212-227-153-4.plesk.page\/hr\/wp-json\/wp\/v2\/types\/product"}],"replies":[{"embeddable":true,"href":"https:\/\/stoic-curie.212-227-153-4.plesk.page\/hr\/wp-json\/wp\/v2\/comments?post=742991"}],"version-history":[{"count":0,"href":"https:\/\/stoic-curie.212-227-153-4.plesk.page\/hr\/wp-json\/wp\/v2\/product\/742991\/revisions"}],"wp:featuredmedia":[{"embeddable":true,"href":"https:\/\/stoic-curie.212-227-153-4.plesk.page\/hr\/wp-json\/wp\/v2\/media\/5944567"}],"wp:attachment":[{"href":"https:\/\/stoic-curie.212-227-153-4.plesk.page\/hr\/wp-json\/wp\/v2\/media?parent=742991"}],"wp:term":[{"taxonomy":"product_brand","embeddable":true,"href":"https:\/\/stoic-curie.212-227-153-4.plesk.page\/hr\/wp-json\/wp\/v2\/product_brand?post=742991"},{"taxonomy":"product_cat","embeddable":true,"href":"https:\/\/stoic-curie.212-227-153-4.plesk.page\/hr\/wp-json\/wp\/v2\/product_cat?post=742991"},{"taxonomy":"product_tag","embeddable":true,"href":"https:\/\/stoic-curie.212-227-153-4.plesk.page\/hr\/wp-json\/wp\/v2\/product_tag?post=742991"}],"curies":[{"name":"wp","href":"https:\/\/api.w.org\/{rel}","templated":true}]}}