{"id":742992,"date":"2025-03-03T18:24:31","date_gmt":"2025-03-03T17:24:31","guid":{"rendered":"https:\/\/stoic-curie.212-227-153-4.plesk.page\/producto\/jakna-za-padaline-helly-hansen-gale-blue-velicina-s\/"},"modified":"2026-02-25T00:01:06","modified_gmt":"2026-02-25T00:01:06","slug":"jakna-za-padaline-helly-hansen-gale-blue-velicina-s","status":"publish","type":"product","link":"https:\/\/stoic-curie.212-227-153-4.plesk.page\/hr\/product\/jakna-za-padaline-helly-hansen-gale-blue-velicina-s\/","title":{"rendered":"Jakna za padaline Helly Hansen Gale Blue &#8211; Velicina S"},"content":{"rendered":"<p>Jakna za padaline Helly Hansen Gale Blue &#8211; Velicina S &#8211; <\/p>\n<p>Helly Hansen Gale vodootporna jakna od 240 g\/m\u00b2 poliestera s PU premazom idealna je za za\u0161titu od vode tijekom ribolova ili bilo koje druge aktivnosti na brodu ili palubi. Ima dvostruku prednju preklopu od glavnog materijala, unutarnju zip punu sa rupama za slu\u0161alice, dvije prednje d\u017eepove, kapulja\u010du s podesivom \u0161pagom, neoprenske man\u017eete, donji rub s podesivom \u0161pagom i petlju za identifikacijsku karticu.<\/p>\n","protected":false},"excerpt":{"rendered":"<p>Jakna za padaline Helly Hansen Gale Blue &#8211; Velicina S &#8211; Helly Hansen Gale vodootporna jakna od 240 g\/m\u00b2 poliestera<\/p>\n","protected":false},"featured_media":5944567,"comment_status":"open","ping_status":"closed","template":"","meta":[],"product_brand":[3001],"product_cat":[1857],"product_tag":[],"class_list":{"0":"post-742992","1":"product","2":"type-product","3":"status-publish","4":"has-post-thumbnail","6":"product_brand-helly-hansen-hr","7":"product_cat-jedrilicarska-odjeca-helly-hansen","9":"first","10":"instock","11":"shipping-taxable","12":"purchasable","13":"product-type-simple"},"_links":{"self":[{"href":"https:\/\/stoic-curie.212-227-153-4.plesk.page\/hr\/wp-json\/wp\/v2\/product\/742992","targetHints":{"allow":["GET"]}}],"collection":[{"href":"https:\/\/stoic-curie.212-227-153-4.plesk.page\/hr\/wp-json\/wp\/v2\/product"}],"about":[{"href":"https:\/\/stoic-curie.212-227-153-4.plesk.page\/hr\/wp-json\/wp\/v2\/types\/product"}],"replies":[{"embeddable":true,"href":"https:\/\/stoic-curie.212-227-153-4.plesk.page\/hr\/wp-json\/wp\/v2\/comments?post=742992"}],"version-history":[{"count":0,"href":"https:\/\/stoic-curie.212-227-153-4.plesk.page\/hr\/wp-json\/wp\/v2\/product\/742992\/revisions"}],"wp:featuredmedia":[{"embeddable":true,"href":"https:\/\/stoic-curie.212-227-153-4.plesk.page\/hr\/wp-json\/wp\/v2\/media\/5944567"}],"wp:attachment":[{"href":"https:\/\/stoic-curie.212-227-153-4.plesk.page\/hr\/wp-json\/wp\/v2\/media?parent=742992"}],"wp:term":[{"taxonomy":"product_brand","embeddable":true,"href":"https:\/\/stoic-curie.212-227-153-4.plesk.page\/hr\/wp-json\/wp\/v2\/product_brand?post=742992"},{"taxonomy":"product_cat","embeddable":true,"href":"https:\/\/stoic-curie.212-227-153-4.plesk.page\/hr\/wp-json\/wp\/v2\/product_cat?post=742992"},{"taxonomy":"product_tag","embeddable":true,"href":"https:\/\/stoic-curie.212-227-153-4.plesk.page\/hr\/wp-json\/wp\/v2\/product_tag?post=742992"}],"curies":[{"name":"wp","href":"https:\/\/api.w.org\/{rel}","templated":true}]}}