{"id":743017,"date":"2025-03-03T18:24:38","date_gmt":"2025-03-03T17:24:38","guid":{"rendered":"https:\/\/stoic-curie.212-227-153-4.plesk.page\/producto\/bib-hlace-helly-hansen-pier-2-siva-zena-velicina-m\/"},"modified":"2026-02-25T00:01:06","modified_gmt":"2026-02-25T00:01:06","slug":"bib-hlace-helly-hansen-pier-2-siva-zena-velicina-m","status":"publish","type":"product","link":"https:\/\/stoic-curie.212-227-153-4.plesk.page\/hr\/product\/bib-hlace-helly-hansen-pier-2-siva-zena-velicina-m\/","title":{"rendered":"Bib Hlace Helly Hansen Pier 2 Siva \u017dena &#8211; Velicina M"},"content":{"rendered":"<p>Bib Hlace Helly Hansen Pier 2 Siva \u017dena &#8211; Velicina M &#8211; <\/p>\n<p>Helly Hansen Pier 3.0 hla\u010de idealne su za bilo koju obalu ili brodsku aktivnost. Izra\u0111ene su od HellyTech Performance dvoslojnog materijala tretiranog dugotrajnim otporom na vodu (DWR), \u0161to zna\u010di da su vodootporne, vjetroodporne i prozra\u010dne. P\u5177\u6709\u5b8c\u5168\u7136\u540e\u7684\u6652\u5355 \u901a\u8fc7\u62c9\u94fe\u3002 \u901a\u8fc7\u62c9\u94fe\u3002 \u901a\u8fc7\u62c9\u94fe\u3002 \u4e2a\u62bd\u5c49\u3002 \u81ea\u5df1\u6709\u60c5\u61f7\u5728\u4e0a\u9762\u7684\u504f\u79fb\u57fa\u7684\u4e0a\u7684\u9876\u90bb\u6240\u6709\u8c03\u8d28\u54c1\u5728\u7279\u77e9\u5e03\u5168\u8fb9\u8fb9\u9762\u8fb9\u9762\u3002\u540c\u65f6\uff0c\u53e6\u5916\u7684\u80fd\u4ee3\u7cbe\u6cb9\u3002 \u6a19\u6807\uff0c\u4e13\u95e8\u4e13\u95e8\u89e3\u653e\uff0c\u5e76\u4ece\u9ad8\u8fbe\u9001\u8fbe\u60c5\u51b5\u4e0b\u60c5\u51b5\u4e0b<\/p>\n","protected":false},"excerpt":{"rendered":"<p>Bib Hlace Helly Hansen Pier 2 Siva \u017dena &#8211; Velicina M &#8211; Helly Hansen Pier 3.0 hla\u010de idealne su za<\/p>\n","protected":false},"featured_media":5944581,"comment_status":"open","ping_status":"closed","template":"","meta":[],"product_brand":[3001],"product_cat":[1857],"product_tag":[],"class_list":{"0":"post-743017","1":"product","2":"type-product","3":"status-publish","4":"has-post-thumbnail","6":"product_brand-helly-hansen-hr","7":"product_cat-jedrilicarska-odjeca-helly-hansen","9":"first","10":"instock","11":"shipping-taxable","12":"purchasable","13":"product-type-simple"},"_links":{"self":[{"href":"https:\/\/stoic-curie.212-227-153-4.plesk.page\/hr\/wp-json\/wp\/v2\/product\/743017","targetHints":{"allow":["GET"]}}],"collection":[{"href":"https:\/\/stoic-curie.212-227-153-4.plesk.page\/hr\/wp-json\/wp\/v2\/product"}],"about":[{"href":"https:\/\/stoic-curie.212-227-153-4.plesk.page\/hr\/wp-json\/wp\/v2\/types\/product"}],"replies":[{"embeddable":true,"href":"https:\/\/stoic-curie.212-227-153-4.plesk.page\/hr\/wp-json\/wp\/v2\/comments?post=743017"}],"version-history":[{"count":0,"href":"https:\/\/stoic-curie.212-227-153-4.plesk.page\/hr\/wp-json\/wp\/v2\/product\/743017\/revisions"}],"wp:featuredmedia":[{"embeddable":true,"href":"https:\/\/stoic-curie.212-227-153-4.plesk.page\/hr\/wp-json\/wp\/v2\/media\/5944581"}],"wp:attachment":[{"href":"https:\/\/stoic-curie.212-227-153-4.plesk.page\/hr\/wp-json\/wp\/v2\/media?parent=743017"}],"wp:term":[{"taxonomy":"product_brand","embeddable":true,"href":"https:\/\/stoic-curie.212-227-153-4.plesk.page\/hr\/wp-json\/wp\/v2\/product_brand?post=743017"},{"taxonomy":"product_cat","embeddable":true,"href":"https:\/\/stoic-curie.212-227-153-4.plesk.page\/hr\/wp-json\/wp\/v2\/product_cat?post=743017"},{"taxonomy":"product_tag","embeddable":true,"href":"https:\/\/stoic-curie.212-227-153-4.plesk.page\/hr\/wp-json\/wp\/v2\/product_tag?post=743017"}],"curies":[{"name":"wp","href":"https:\/\/api.w.org\/{rel}","templated":true}]}}