{"id":743018,"date":"2025-03-03T18:24:38","date_gmt":"2025-03-03T17:24:38","guid":{"rendered":"https:\/\/stoic-curie.212-227-153-4.plesk.page\/producto\/bib-hlace-helly-hansen-pier-2-siva-zena-velicina-l\/"},"modified":"2026-02-25T00:01:06","modified_gmt":"2026-02-25T00:01:06","slug":"bib-hlace-helly-hansen-pier-2-siva-zena-velicina-l","status":"publish","type":"product","link":"https:\/\/stoic-curie.212-227-153-4.plesk.page\/hr\/product\/bib-hlace-helly-hansen-pier-2-siva-zena-velicina-l\/","title":{"rendered":"Bib Hlace Helly Hansen Pier 2 Siva \u017dena &#8211; Velicina L"},"content":{"rendered":"<p>Bib Hlace Helly Hansen Pier 2 Siva \u017dena &#8211; Velicina L &#8211; <\/p>\n<p>Helly Hansen Pier 3.0 Hla\u010de su idealne za bilo koju obalu ili aktivnosti na \u010damcu. S HellyTech Performance dvostrukim slojem, pru\u017eaju izdr\u017eljivo odbijanje vode (DWR) te su vodootporne, vjetrootporne i prozra\u010dne. Imaju potpuno zape\u010datene \u0161avove, mre\u017eastu podstavu koja se brzo su\u0161i, oja\u010danja na stra\u017enjem dijelu i koljenima, visoki stra\u017enji dio s podesivim naramenicama, podesiv struk, dvostruki prednji patentni zatvara\u010d, cargo d\u017eep, podesive otvorene nogavice i oblikovana sjedala i koljena.<\/p>\n","protected":false},"excerpt":{"rendered":"<p>Bib Hlace Helly Hansen Pier 2 Siva \u017dena &#8211; Velicina L &#8211; Helly Hansen Pier 3.0 Hla\u010de su idealne za<\/p>\n","protected":false},"featured_media":5944581,"comment_status":"open","ping_status":"closed","template":"","meta":[],"product_brand":[3001],"product_cat":[1857],"product_tag":[],"class_list":{"0":"post-743018","1":"product","2":"type-product","3":"status-publish","4":"has-post-thumbnail","6":"product_brand-helly-hansen-hr","7":"product_cat-jedrilicarska-odjeca-helly-hansen","9":"first","10":"instock","11":"shipping-taxable","12":"purchasable","13":"product-type-simple"},"_links":{"self":[{"href":"https:\/\/stoic-curie.212-227-153-4.plesk.page\/hr\/wp-json\/wp\/v2\/product\/743018","targetHints":{"allow":["GET"]}}],"collection":[{"href":"https:\/\/stoic-curie.212-227-153-4.plesk.page\/hr\/wp-json\/wp\/v2\/product"}],"about":[{"href":"https:\/\/stoic-curie.212-227-153-4.plesk.page\/hr\/wp-json\/wp\/v2\/types\/product"}],"replies":[{"embeddable":true,"href":"https:\/\/stoic-curie.212-227-153-4.plesk.page\/hr\/wp-json\/wp\/v2\/comments?post=743018"}],"version-history":[{"count":0,"href":"https:\/\/stoic-curie.212-227-153-4.plesk.page\/hr\/wp-json\/wp\/v2\/product\/743018\/revisions"}],"wp:featuredmedia":[{"embeddable":true,"href":"https:\/\/stoic-curie.212-227-153-4.plesk.page\/hr\/wp-json\/wp\/v2\/media\/5944581"}],"wp:attachment":[{"href":"https:\/\/stoic-curie.212-227-153-4.plesk.page\/hr\/wp-json\/wp\/v2\/media?parent=743018"}],"wp:term":[{"taxonomy":"product_brand","embeddable":true,"href":"https:\/\/stoic-curie.212-227-153-4.plesk.page\/hr\/wp-json\/wp\/v2\/product_brand?post=743018"},{"taxonomy":"product_cat","embeddable":true,"href":"https:\/\/stoic-curie.212-227-153-4.plesk.page\/hr\/wp-json\/wp\/v2\/product_cat?post=743018"},{"taxonomy":"product_tag","embeddable":true,"href":"https:\/\/stoic-curie.212-227-153-4.plesk.page\/hr\/wp-json\/wp\/v2\/product_tag?post=743018"}],"curies":[{"name":"wp","href":"https:\/\/api.w.org\/{rel}","templated":true}]}}