{"id":743019,"date":"2025-03-03T18:24:39","date_gmt":"2025-03-03T17:24:39","guid":{"rendered":"https:\/\/stoic-curie.212-227-153-4.plesk.page\/producto\/torba-helly-hansen-scout-duffel-crna-30lt\/"},"modified":"2026-02-25T00:01:06","modified_gmt":"2026-02-25T00:01:06","slug":"torba-helly-hansen-scout-duffel-crna-30lt","status":"publish","type":"product","link":"https:\/\/stoic-curie.212-227-153-4.plesk.page\/hr\/product\/torba-helly-hansen-scout-duffel-crna-30lt\/","title":{"rendered":"Torba Helly Hansen Scout Duffel Crna 30lt"},"content":{"rendered":"<p>Torba Helly Hansen Scout Duffel Crna 30lt &#8211; <\/p>\n<p>Izdr\u017eljivo vodootporno glavno platno Helly Hansen Scout Duffel s \u0161irokim glavnim zatvara\u010dem, vanjskim d\u017eepom s patentnim zatvara\u010dem, podstavljenim naramenicama s dr\u0161kom za no\u0161enje, izdr\u017eljivim podstavljenim dr\u0161kama s obje strane i unutarnjom d\u017eepom unutar gornjeg pokrova.<\/p>\n","protected":false},"excerpt":{"rendered":"<p>Torba Helly Hansen Scout Duffel Crna 30lt &#8211; Izdr\u017eljivo vodootporno glavno platno Helly Hansen Scout Duffel s \u0161irokim glavnim zatvara\u010dem,<\/p>\n","protected":false},"featured_media":5944583,"comment_status":"open","ping_status":"closed","template":"","meta":[],"product_brand":[3001],"product_cat":[1857,1855],"product_tag":[],"class_list":{"0":"post-743019","1":"product","2":"type-product","3":"status-publish","4":"has-post-thumbnail","6":"product_brand-helly-hansen-hr","7":"product_cat-jedrilicarska-odjeca-helly-hansen","8":"product_cat-suhe-torbe","10":"first","11":"instock","12":"shipping-taxable","13":"purchasable","14":"product-type-simple"},"_links":{"self":[{"href":"https:\/\/stoic-curie.212-227-153-4.plesk.page\/hr\/wp-json\/wp\/v2\/product\/743019","targetHints":{"allow":["GET"]}}],"collection":[{"href":"https:\/\/stoic-curie.212-227-153-4.plesk.page\/hr\/wp-json\/wp\/v2\/product"}],"about":[{"href":"https:\/\/stoic-curie.212-227-153-4.plesk.page\/hr\/wp-json\/wp\/v2\/types\/product"}],"replies":[{"embeddable":true,"href":"https:\/\/stoic-curie.212-227-153-4.plesk.page\/hr\/wp-json\/wp\/v2\/comments?post=743019"}],"version-history":[{"count":0,"href":"https:\/\/stoic-curie.212-227-153-4.plesk.page\/hr\/wp-json\/wp\/v2\/product\/743019\/revisions"}],"wp:featuredmedia":[{"embeddable":true,"href":"https:\/\/stoic-curie.212-227-153-4.plesk.page\/hr\/wp-json\/wp\/v2\/media\/5944583"}],"wp:attachment":[{"href":"https:\/\/stoic-curie.212-227-153-4.plesk.page\/hr\/wp-json\/wp\/v2\/media?parent=743019"}],"wp:term":[{"taxonomy":"product_brand","embeddable":true,"href":"https:\/\/stoic-curie.212-227-153-4.plesk.page\/hr\/wp-json\/wp\/v2\/product_brand?post=743019"},{"taxonomy":"product_cat","embeddable":true,"href":"https:\/\/stoic-curie.212-227-153-4.plesk.page\/hr\/wp-json\/wp\/v2\/product_cat?post=743019"},{"taxonomy":"product_tag","embeddable":true,"href":"https:\/\/stoic-curie.212-227-153-4.plesk.page\/hr\/wp-json\/wp\/v2\/product_tag?post=743019"}],"curies":[{"name":"wp","href":"https:\/\/api.w.org\/{rel}","templated":true}]}}