{"id":743037,"date":"2025-03-03T18:24:44","date_gmt":"2025-03-03T17:24:44","guid":{"rendered":"https:\/\/stoic-curie.212-227-153-4.plesk.page\/producto\/bib-hlace-helly-hansen-mandal-orange-velicina-xl\/"},"modified":"2026-02-25T00:01:06","modified_gmt":"2026-02-25T00:01:06","slug":"bib-hlace-helly-hansen-mandal-orange-velicina-xl","status":"publish","type":"product","link":"https:\/\/stoic-curie.212-227-153-4.plesk.page\/hr\/product\/bib-hlace-helly-hansen-mandal-orange-velicina-xl\/","title":{"rendered":"Bib Hlace Helly Hansen Mandal Orange &#8211; Velicina XL"},"content":{"rendered":"<p>Bib Hlace Helly Hansen Mandal Orange &#8211; Velicina XL &#8211; <\/p>\n<p>Helly Hansen Mandal Bib izra\u0111en je od poliesterske tkanine od 410 g\/m2 s PU premazom i idealan je za za\u0161titu od vode tijekom ribolova ili bilo koje druge aktivnosti na brodu ili na palubi. Ima unutarnju prednju d\u017eep s patentnim zatvara\u010dem, podesive elasti\u010dne naramenice i pode\u0161avanje donjeg ruba s gumbima.<\/p>\n","protected":false},"excerpt":{"rendered":"<p>Bib Hlace Helly Hansen Mandal Orange &#8211; Velicina XL &#8211; Helly Hansen Mandal Bib izra\u0111en je od poliesterske tkanine od<\/p>\n","protected":false},"featured_media":5944595,"comment_status":"open","ping_status":"closed","template":"","meta":[],"product_brand":[3001],"product_cat":[1857],"product_tag":[],"class_list":{"0":"post-743037","1":"product","2":"type-product","3":"status-publish","4":"has-post-thumbnail","6":"product_brand-helly-hansen-hr","7":"product_cat-jedrilicarska-odjeca-helly-hansen","9":"first","10":"instock","11":"shipping-taxable","12":"purchasable","13":"product-type-simple"},"_links":{"self":[{"href":"https:\/\/stoic-curie.212-227-153-4.plesk.page\/hr\/wp-json\/wp\/v2\/product\/743037","targetHints":{"allow":["GET"]}}],"collection":[{"href":"https:\/\/stoic-curie.212-227-153-4.plesk.page\/hr\/wp-json\/wp\/v2\/product"}],"about":[{"href":"https:\/\/stoic-curie.212-227-153-4.plesk.page\/hr\/wp-json\/wp\/v2\/types\/product"}],"replies":[{"embeddable":true,"href":"https:\/\/stoic-curie.212-227-153-4.plesk.page\/hr\/wp-json\/wp\/v2\/comments?post=743037"}],"version-history":[{"count":0,"href":"https:\/\/stoic-curie.212-227-153-4.plesk.page\/hr\/wp-json\/wp\/v2\/product\/743037\/revisions"}],"wp:featuredmedia":[{"embeddable":true,"href":"https:\/\/stoic-curie.212-227-153-4.plesk.page\/hr\/wp-json\/wp\/v2\/media\/5944595"}],"wp:attachment":[{"href":"https:\/\/stoic-curie.212-227-153-4.plesk.page\/hr\/wp-json\/wp\/v2\/media?parent=743037"}],"wp:term":[{"taxonomy":"product_brand","embeddable":true,"href":"https:\/\/stoic-curie.212-227-153-4.plesk.page\/hr\/wp-json\/wp\/v2\/product_brand?post=743037"},{"taxonomy":"product_cat","embeddable":true,"href":"https:\/\/stoic-curie.212-227-153-4.plesk.page\/hr\/wp-json\/wp\/v2\/product_cat?post=743037"},{"taxonomy":"product_tag","embeddable":true,"href":"https:\/\/stoic-curie.212-227-153-4.plesk.page\/hr\/wp-json\/wp\/v2\/product_tag?post=743037"}],"curies":[{"name":"wp","href":"https:\/\/api.w.org\/{rel}","templated":true}]}}