{"id":743042,"date":"2025-03-03T18:24:45","date_gmt":"2025-03-03T17:24:45","guid":{"rendered":"https:\/\/stoic-curie.212-227-153-4.plesk.page\/producto\/jedrilicarske-hlace-helly-hansen-pier-2-plava-velicina-xl\/"},"modified":"2026-02-25T00:01:06","modified_gmt":"2026-02-25T00:01:06","slug":"jedrilicarske-hlace-helly-hansen-pier-2-plava-velicina-xl","status":"publish","type":"product","link":"https:\/\/stoic-curie.212-227-153-4.plesk.page\/hr\/product\/jedrilicarske-hlace-helly-hansen-pier-2-plava-velicina-xl\/","title":{"rendered":"Jedrili\u010darske hla\u010de Helly Hansen Pier 2 Plava &#8211; Velicina XL"},"content":{"rendered":"<p>Jedrili\u010darske hla\u010de Helly Hansen Pier 2 Plava &#8211; Velicina XL &#8211; <\/p>\n<p>Helly Hansen Pier 3.0 hla\u010de idealne su za bilo koju obalnu ili brodsku aktivnost. Izra\u0111ene su od HellyTech Performance 2-slojne tkanine koja nudi trajnu otpornost na vodu (DWR) te su vodoodbojne, vjetrootporne i prozra\u010dne. Hla\u010de imaju potpuno zape\u010da\u0107ene \u0161avove, brzo su\u0161e\u0107u mre\u017eastu podstavu, oja\u010danja na sjedi\u0161tu i koljenima, visoki stra\u017enji dio s podesivim naramenicama, podesiv struk, dvosmjerni prednji zip, cargo d\u017eep, podesive otvore za noge te artikulirani kroj za sjedi\u0161te i koljena.<\/p>\n","protected":false},"excerpt":{"rendered":"<p>Jedrili\u010darske hla\u010de Helly Hansen Pier 2 Plava &#8211; Velicina XL &#8211; Helly Hansen Pier 3.0 hla\u010de idealne su za bilo<\/p>\n","protected":false},"featured_media":5944597,"comment_status":"open","ping_status":"closed","template":"","meta":[],"product_brand":[3001],"product_cat":[1857],"product_tag":[],"class_list":{"0":"post-743042","1":"product","2":"type-product","3":"status-publish","4":"has-post-thumbnail","6":"product_brand-helly-hansen-hr","7":"product_cat-jedrilicarska-odjeca-helly-hansen","9":"first","10":"instock","11":"shipping-taxable","12":"purchasable","13":"product-type-simple"},"_links":{"self":[{"href":"https:\/\/stoic-curie.212-227-153-4.plesk.page\/hr\/wp-json\/wp\/v2\/product\/743042","targetHints":{"allow":["GET"]}}],"collection":[{"href":"https:\/\/stoic-curie.212-227-153-4.plesk.page\/hr\/wp-json\/wp\/v2\/product"}],"about":[{"href":"https:\/\/stoic-curie.212-227-153-4.plesk.page\/hr\/wp-json\/wp\/v2\/types\/product"}],"replies":[{"embeddable":true,"href":"https:\/\/stoic-curie.212-227-153-4.plesk.page\/hr\/wp-json\/wp\/v2\/comments?post=743042"}],"version-history":[{"count":0,"href":"https:\/\/stoic-curie.212-227-153-4.plesk.page\/hr\/wp-json\/wp\/v2\/product\/743042\/revisions"}],"wp:featuredmedia":[{"embeddable":true,"href":"https:\/\/stoic-curie.212-227-153-4.plesk.page\/hr\/wp-json\/wp\/v2\/media\/5944597"}],"wp:attachment":[{"href":"https:\/\/stoic-curie.212-227-153-4.plesk.page\/hr\/wp-json\/wp\/v2\/media?parent=743042"}],"wp:term":[{"taxonomy":"product_brand","embeddable":true,"href":"https:\/\/stoic-curie.212-227-153-4.plesk.page\/hr\/wp-json\/wp\/v2\/product_brand?post=743042"},{"taxonomy":"product_cat","embeddable":true,"href":"https:\/\/stoic-curie.212-227-153-4.plesk.page\/hr\/wp-json\/wp\/v2\/product_cat?post=743042"},{"taxonomy":"product_tag","embeddable":true,"href":"https:\/\/stoic-curie.212-227-153-4.plesk.page\/hr\/wp-json\/wp\/v2\/product_tag?post=743042"}],"curies":[{"name":"wp","href":"https:\/\/api.w.org\/{rel}","templated":true}]}}