{"id":743044,"date":"2025-03-03T18:24:46","date_gmt":"2025-03-03T17:24:46","guid":{"rendered":"https:\/\/stoic-curie.212-227-153-4.plesk.page\/producto\/brodski-solarni-panel-s-okvirom-50wt-670-x-540-x-v30mm\/"},"modified":"2026-02-25T00:01:06","modified_gmt":"2026-02-25T00:01:06","slug":"brodski-solarni-panel-s-okvirom-50wt-670-x-540-x-v30mm","status":"publish","type":"product","link":"https:\/\/stoic-curie.212-227-153-4.plesk.page\/hr\/product\/brodski-solarni-panel-s-okvirom-50wt-670-x-540-x-v30mm\/","title":{"rendered":"Brodski solarni panel s okvirom 50wt 670 x 540 x V30mm"},"content":{"rendered":"<p>Brodski solarni panel s okvirom 50wt 670 x 540 x V30mm &#8211; <\/p>\n<p>Lagana i otporna monokristalna kruta solarna panela. Visokokvalitetno kaljeno staklo visoke propusnosti nudi dobru otpornost na udarce. Napredni EVA sustav kapsulacije s troslojnim stra\u017enjim dijelom ispunjava najstro\u017ee sigurnosne zahtjeve za rad pod visokim naponom. \u010cvrsti anodizirani aluminijski okvir omogu\u0107ava lako postavljanje modula uz razne sustave montiranja. Wp = Ocijenjena snaga (W) Imp = Maksimalni strujni (A) Voc = Napon otvorenog strujnog kruga (V)<\/p>\n","protected":false},"excerpt":{"rendered":"<p>Brodski solarni panel s okvirom 50wt 670 x 540 x V30mm &#8211; Lagana i otporna monokristalna kruta solarna panela. Visokokvalitetno<\/p>\n","protected":false},"featured_media":5944600,"comment_status":"open","ping_status":"closed","template":"","meta":[],"product_brand":[2831],"product_cat":[1749],"product_tag":[],"class_list":{"0":"post-743044","1":"product","2":"type-product","3":"status-publish","4":"has-post-thumbnail","6":"product_brand-blue-sea-systems-hr","7":"product_cat-solarni-paneli","9":"first","10":"instock","11":"shipping-taxable","12":"purchasable","13":"product-type-simple"},"_links":{"self":[{"href":"https:\/\/stoic-curie.212-227-153-4.plesk.page\/hr\/wp-json\/wp\/v2\/product\/743044","targetHints":{"allow":["GET"]}}],"collection":[{"href":"https:\/\/stoic-curie.212-227-153-4.plesk.page\/hr\/wp-json\/wp\/v2\/product"}],"about":[{"href":"https:\/\/stoic-curie.212-227-153-4.plesk.page\/hr\/wp-json\/wp\/v2\/types\/product"}],"replies":[{"embeddable":true,"href":"https:\/\/stoic-curie.212-227-153-4.plesk.page\/hr\/wp-json\/wp\/v2\/comments?post=743044"}],"version-history":[{"count":0,"href":"https:\/\/stoic-curie.212-227-153-4.plesk.page\/hr\/wp-json\/wp\/v2\/product\/743044\/revisions"}],"wp:featuredmedia":[{"embeddable":true,"href":"https:\/\/stoic-curie.212-227-153-4.plesk.page\/hr\/wp-json\/wp\/v2\/media\/5944600"}],"wp:attachment":[{"href":"https:\/\/stoic-curie.212-227-153-4.plesk.page\/hr\/wp-json\/wp\/v2\/media?parent=743044"}],"wp:term":[{"taxonomy":"product_brand","embeddable":true,"href":"https:\/\/stoic-curie.212-227-153-4.plesk.page\/hr\/wp-json\/wp\/v2\/product_brand?post=743044"},{"taxonomy":"product_cat","embeddable":true,"href":"https:\/\/stoic-curie.212-227-153-4.plesk.page\/hr\/wp-json\/wp\/v2\/product_cat?post=743044"},{"taxonomy":"product_tag","embeddable":true,"href":"https:\/\/stoic-curie.212-227-153-4.plesk.page\/hr\/wp-json\/wp\/v2\/product_tag?post=743044"}],"curies":[{"name":"wp","href":"https:\/\/api.w.org\/{rel}","templated":true}]}}