{"id":743045,"date":"2025-03-03T18:24:46","date_gmt":"2025-03-03T17:24:46","guid":{"rendered":"https:\/\/stoic-curie.212-227-153-4.plesk.page\/producto\/brodski-solarni-panel-s-okvirom-100wt-670-x-1020-x-h35mm\/"},"modified":"2026-02-25T00:01:06","modified_gmt":"2026-02-25T00:01:06","slug":"brodski-solarni-panel-s-okvirom-100wt-670-x-1020-x-h35mm","status":"publish","type":"product","link":"https:\/\/stoic-curie.212-227-153-4.plesk.page\/hr\/product\/brodski-solarni-panel-s-okvirom-100wt-670-x-1020-x-h35mm\/","title":{"rendered":"Brodski solarni panel s okvirom 100wt 670 x 1020 x H35mm"},"content":{"rendered":"<p>Brodski solarni panel s okvirom 100wt 670 x 1020 x H35mm &#8211; <\/p>\n<p>Laki i otpornik monokristalni \u010dvrsti solarni paneli. Visokokvalitetna kaljena stakla s visokom propusno\u0161\u0107u pru\u017ea dobru otpornost na udarce. Napredni EVA sustav enkapsulacije s trostrukim stra\u017enjim slojem ispunjava najstro\u017ee sigurnosne zahtjeve za rad na visokom naponu. \u010cvrsti anodizirani aluminijski okvir omogu\u0107uje jednostavno monta\u017eu modula uz \u0161iroku paletu sustava za monta\u017eu. Wp = Ocijenjena snaga (W) Imp = Maksimalna struja (A) Voc = Napetost na otvorenom (V)<\/p>\n","protected":false},"excerpt":{"rendered":"<p>Brodski solarni panel s okvirom 100wt 670 x 1020 x H35mm &#8211; Laki i otpornik monokristalni \u010dvrsti solarni paneli. Visokokvalitetna<\/p>\n","protected":false},"featured_media":5944600,"comment_status":"open","ping_status":"closed","template":"","meta":[],"product_brand":[2831],"product_cat":[1749],"product_tag":[],"class_list":{"0":"post-743045","1":"product","2":"type-product","3":"status-publish","4":"has-post-thumbnail","6":"product_brand-blue-sea-systems-hr","7":"product_cat-solarni-paneli","9":"first","10":"instock","11":"shipping-taxable","12":"purchasable","13":"product-type-simple"},"_links":{"self":[{"href":"https:\/\/stoic-curie.212-227-153-4.plesk.page\/hr\/wp-json\/wp\/v2\/product\/743045","targetHints":{"allow":["GET"]}}],"collection":[{"href":"https:\/\/stoic-curie.212-227-153-4.plesk.page\/hr\/wp-json\/wp\/v2\/product"}],"about":[{"href":"https:\/\/stoic-curie.212-227-153-4.plesk.page\/hr\/wp-json\/wp\/v2\/types\/product"}],"replies":[{"embeddable":true,"href":"https:\/\/stoic-curie.212-227-153-4.plesk.page\/hr\/wp-json\/wp\/v2\/comments?post=743045"}],"version-history":[{"count":0,"href":"https:\/\/stoic-curie.212-227-153-4.plesk.page\/hr\/wp-json\/wp\/v2\/product\/743045\/revisions"}],"wp:featuredmedia":[{"embeddable":true,"href":"https:\/\/stoic-curie.212-227-153-4.plesk.page\/hr\/wp-json\/wp\/v2\/media\/5944600"}],"wp:attachment":[{"href":"https:\/\/stoic-curie.212-227-153-4.plesk.page\/hr\/wp-json\/wp\/v2\/media?parent=743045"}],"wp:term":[{"taxonomy":"product_brand","embeddable":true,"href":"https:\/\/stoic-curie.212-227-153-4.plesk.page\/hr\/wp-json\/wp\/v2\/product_brand?post=743045"},{"taxonomy":"product_cat","embeddable":true,"href":"https:\/\/stoic-curie.212-227-153-4.plesk.page\/hr\/wp-json\/wp\/v2\/product_cat?post=743045"},{"taxonomy":"product_tag","embeddable":true,"href":"https:\/\/stoic-curie.212-227-153-4.plesk.page\/hr\/wp-json\/wp\/v2\/product_tag?post=743045"}],"curies":[{"name":"wp","href":"https:\/\/api.w.org\/{rel}","templated":true}]}}