{"id":743050,"date":"2025-03-03T18:24:47","date_gmt":"2025-03-03T17:24:47","guid":{"rendered":"https:\/\/stoic-curie.212-227-153-4.plesk.page\/producto\/ruksak-helly-hansen-work-day-crno\/"},"modified":"2026-02-25T00:01:06","modified_gmt":"2026-02-25T00:01:06","slug":"ruksak-helly-hansen-work-day-crno","status":"publish","type":"product","link":"https:\/\/stoic-curie.212-227-153-4.plesk.page\/hr\/product\/ruksak-helly-hansen-work-day-crno\/","title":{"rendered":"Ruksak Helly Hansen Work Day Crno"},"content":{"rendered":"<p>Ruksak Helly Hansen Work Day Crno &#8211; <\/p>\n<p>Helly Hansen Ruksak za rad od vodootpornog radnog materijala s glavnim odjeljkom na zip, podstavljenom unutarnjom d\u017eepom za prijenosno ra\u010dunalo, d\u017eepom za boce, odjeljkom za komplet prve pomo\u0107i, dva prednja i dva bo\u010dna d\u017eepa, raznim odjeljcima za alate i D-prstenom. Kompatibilne veli\u010dine za ru\u010dnu prtljagu u zrakoplovima.<\/p>\n","protected":false},"excerpt":{"rendered":"<p>Ruksak Helly Hansen Work Day Crno &#8211; Helly Hansen Ruksak za rad od vodootpornog radnog materijala s glavnim odjeljkom na<\/p>\n","protected":false},"featured_media":5944610,"comment_status":"open","ping_status":"closed","template":"","meta":[],"product_brand":[3001],"product_cat":[1857,1855],"product_tag":[],"class_list":{"0":"post-743050","1":"product","2":"type-product","3":"status-publish","4":"has-post-thumbnail","6":"product_brand-helly-hansen-hr","7":"product_cat-jedrilicarska-odjeca-helly-hansen","8":"product_cat-suhe-torbe","10":"first","11":"instock","12":"shipping-taxable","13":"purchasable","14":"product-type-simple"},"_links":{"self":[{"href":"https:\/\/stoic-curie.212-227-153-4.plesk.page\/hr\/wp-json\/wp\/v2\/product\/743050","targetHints":{"allow":["GET"]}}],"collection":[{"href":"https:\/\/stoic-curie.212-227-153-4.plesk.page\/hr\/wp-json\/wp\/v2\/product"}],"about":[{"href":"https:\/\/stoic-curie.212-227-153-4.plesk.page\/hr\/wp-json\/wp\/v2\/types\/product"}],"replies":[{"embeddable":true,"href":"https:\/\/stoic-curie.212-227-153-4.plesk.page\/hr\/wp-json\/wp\/v2\/comments?post=743050"}],"version-history":[{"count":0,"href":"https:\/\/stoic-curie.212-227-153-4.plesk.page\/hr\/wp-json\/wp\/v2\/product\/743050\/revisions"}],"wp:featuredmedia":[{"embeddable":true,"href":"https:\/\/stoic-curie.212-227-153-4.plesk.page\/hr\/wp-json\/wp\/v2\/media\/5944610"}],"wp:attachment":[{"href":"https:\/\/stoic-curie.212-227-153-4.plesk.page\/hr\/wp-json\/wp\/v2\/media?parent=743050"}],"wp:term":[{"taxonomy":"product_brand","embeddable":true,"href":"https:\/\/stoic-curie.212-227-153-4.plesk.page\/hr\/wp-json\/wp\/v2\/product_brand?post=743050"},{"taxonomy":"product_cat","embeddable":true,"href":"https:\/\/stoic-curie.212-227-153-4.plesk.page\/hr\/wp-json\/wp\/v2\/product_cat?post=743050"},{"taxonomy":"product_tag","embeddable":true,"href":"https:\/\/stoic-curie.212-227-153-4.plesk.page\/hr\/wp-json\/wp\/v2\/product_tag?post=743050"}],"curies":[{"name":"wp","href":"https:\/\/api.w.org\/{rel}","templated":true}]}}