{"id":743055,"date":"2025-03-03T18:24:49","date_gmt":"2025-03-03T17:24:49","guid":{"rendered":"https:\/\/stoic-curie.212-227-153-4.plesk.page\/producto\/hlace-za-padaline-helly-hansen-gale-blue-velicina-xxxl\/"},"modified":"2026-02-25T00:01:06","modified_gmt":"2026-02-25T00:01:06","slug":"hlace-za-padaline-helly-hansen-gale-blue-velicina-xxxl","status":"publish","type":"product","link":"https:\/\/stoic-curie.212-227-153-4.plesk.page\/hr\/product\/hlace-za-padaline-helly-hansen-gale-blue-velicina-xxxl\/","title":{"rendered":"Hlace za padaline Helly Hansen Gale Blue &#8211; Velicina XXXL"},"content":{"rendered":"<p>Hlace za padaline Helly Hansen Gale Blue &#8211; Velicina XXXL &#8211; <\/p>\n<p>Helly Hansen Gale ki\u0161na hla\u010da od 240 g\/m\u00b2 poliesterskog materijala s PU premazom idealna je za za\u0161titu od vode tijekom ribolova ili bilo koje druge aktivnosti na brodu ili na palubi. Sadr\u017ei elasti\u010dan pojas i pode\u0161avanje uzice u struku te pode\u0161avanje donjeg rubu s gumbima.<\/p>\n","protected":false},"excerpt":{"rendered":"<p>Hlace za padaline Helly Hansen Gale Blue &#8211; Velicina XXXL &#8211; Helly Hansen Gale ki\u0161na hla\u010da od 240 g\/m\u00b2 poliesterskog<\/p>\n","protected":false},"featured_media":5944572,"comment_status":"open","ping_status":"closed","template":"","meta":[],"product_brand":[3001],"product_cat":[1857],"product_tag":[],"class_list":{"0":"post-743055","1":"product","2":"type-product","3":"status-publish","4":"has-post-thumbnail","6":"product_brand-helly-hansen-hr","7":"product_cat-jedrilicarska-odjeca-helly-hansen","9":"first","10":"instock","11":"shipping-taxable","12":"purchasable","13":"product-type-simple"},"_links":{"self":[{"href":"https:\/\/stoic-curie.212-227-153-4.plesk.page\/hr\/wp-json\/wp\/v2\/product\/743055","targetHints":{"allow":["GET"]}}],"collection":[{"href":"https:\/\/stoic-curie.212-227-153-4.plesk.page\/hr\/wp-json\/wp\/v2\/product"}],"about":[{"href":"https:\/\/stoic-curie.212-227-153-4.plesk.page\/hr\/wp-json\/wp\/v2\/types\/product"}],"replies":[{"embeddable":true,"href":"https:\/\/stoic-curie.212-227-153-4.plesk.page\/hr\/wp-json\/wp\/v2\/comments?post=743055"}],"version-history":[{"count":0,"href":"https:\/\/stoic-curie.212-227-153-4.plesk.page\/hr\/wp-json\/wp\/v2\/product\/743055\/revisions"}],"wp:featuredmedia":[{"embeddable":true,"href":"https:\/\/stoic-curie.212-227-153-4.plesk.page\/hr\/wp-json\/wp\/v2\/media\/5944572"}],"wp:attachment":[{"href":"https:\/\/stoic-curie.212-227-153-4.plesk.page\/hr\/wp-json\/wp\/v2\/media?parent=743055"}],"wp:term":[{"taxonomy":"product_brand","embeddable":true,"href":"https:\/\/stoic-curie.212-227-153-4.plesk.page\/hr\/wp-json\/wp\/v2\/product_brand?post=743055"},{"taxonomy":"product_cat","embeddable":true,"href":"https:\/\/stoic-curie.212-227-153-4.plesk.page\/hr\/wp-json\/wp\/v2\/product_cat?post=743055"},{"taxonomy":"product_tag","embeddable":true,"href":"https:\/\/stoic-curie.212-227-153-4.plesk.page\/hr\/wp-json\/wp\/v2\/product_tag?post=743055"}],"curies":[{"name":"wp","href":"https:\/\/api.w.org\/{rel}","templated":true}]}}