{"id":743059,"date":"2025-03-03T18:24:50","date_gmt":"2025-03-03T17:24:50","guid":{"rendered":"https:\/\/stoic-curie.212-227-153-4.plesk.page\/producto\/solmax-generator-vjetra-90w-12v\/"},"modified":"2026-02-25T00:01:06","modified_gmt":"2026-02-25T00:01:06","slug":"solmax-generator-vjetra-90w-12v","status":"publish","type":"product","link":"https:\/\/stoic-curie.212-227-153-4.plesk.page\/hr\/product\/solmax-generator-vjetra-90w-12v\/","title":{"rendered":"Solmax generator vjetra 90w 12v"},"content":{"rendered":"<p>Solmax generator vjetra 90w 12v &#8211; <\/p>\n<p>12V vjetroturbina kompletna s integriranim regulatorom punjenja, zahvaljuju\u0107i kojem se mo\u017ee izravno spojiti na bateriju. IP65 polimerna ku\u0107i\u0161ta s priklju\u010dkom cijevi od 45 mm. Oja\u010dane stakloplasti\u010dne lopatice koje pri punoj snazi razvijaju 90W snage s operativnim rasponom vjetra od 3.6120 km\/h.<\/p>\n","protected":false},"excerpt":{"rendered":"<p>Solmax generator vjetra 90w 12v &#8211; 12V vjetroturbina kompletna s integriranim regulatorom punjenja, zahvaljuju\u0107i kojem se mo\u017ee izravno spojiti na<\/p>\n","protected":false},"featured_media":5944612,"comment_status":"open","ping_status":"closed","template":"","meta":[],"product_brand":[2831],"product_cat":[1728,1749],"product_tag":[],"class_list":{"0":"post-743059","1":"product","2":"type-product","3":"status-publish","4":"has-post-thumbnail","6":"product_brand-blue-sea-systems-hr","7":"product_cat-brodski-generatori","8":"product_cat-solarni-paneli","10":"first","11":"instock","12":"shipping-taxable","13":"purchasable","14":"product-type-simple"},"_links":{"self":[{"href":"https:\/\/stoic-curie.212-227-153-4.plesk.page\/hr\/wp-json\/wp\/v2\/product\/743059","targetHints":{"allow":["GET"]}}],"collection":[{"href":"https:\/\/stoic-curie.212-227-153-4.plesk.page\/hr\/wp-json\/wp\/v2\/product"}],"about":[{"href":"https:\/\/stoic-curie.212-227-153-4.plesk.page\/hr\/wp-json\/wp\/v2\/types\/product"}],"replies":[{"embeddable":true,"href":"https:\/\/stoic-curie.212-227-153-4.plesk.page\/hr\/wp-json\/wp\/v2\/comments?post=743059"}],"version-history":[{"count":0,"href":"https:\/\/stoic-curie.212-227-153-4.plesk.page\/hr\/wp-json\/wp\/v2\/product\/743059\/revisions"}],"wp:featuredmedia":[{"embeddable":true,"href":"https:\/\/stoic-curie.212-227-153-4.plesk.page\/hr\/wp-json\/wp\/v2\/media\/5944612"}],"wp:attachment":[{"href":"https:\/\/stoic-curie.212-227-153-4.plesk.page\/hr\/wp-json\/wp\/v2\/media?parent=743059"}],"wp:term":[{"taxonomy":"product_brand","embeddable":true,"href":"https:\/\/stoic-curie.212-227-153-4.plesk.page\/hr\/wp-json\/wp\/v2\/product_brand?post=743059"},{"taxonomy":"product_cat","embeddable":true,"href":"https:\/\/stoic-curie.212-227-153-4.plesk.page\/hr\/wp-json\/wp\/v2\/product_cat?post=743059"},{"taxonomy":"product_tag","embeddable":true,"href":"https:\/\/stoic-curie.212-227-153-4.plesk.page\/hr\/wp-json\/wp\/v2\/product_tag?post=743059"}],"curies":[{"name":"wp","href":"https:\/\/api.w.org\/{rel}","templated":true}]}}