{"id":743060,"date":"2025-03-03T18:24:50","date_gmt":"2025-03-03T17:24:50","guid":{"rendered":"https:\/\/stoic-curie.212-227-153-4.plesk.page\/producto\/set-magnetskih-casa-za-pice-6pz-82-x-100-mm\/"},"modified":"2026-02-25T00:01:06","modified_gmt":"2026-02-25T00:01:06","slug":"set-magnetskih-casa-za-pice-6pz-82-x-100-mm","status":"publish","type":"product","link":"https:\/\/stoic-curie.212-227-153-4.plesk.page\/hr\/product\/set-magnetskih-casa-za-pice-6pz-82-x-100-mm\/","title":{"rendered":"Set magnetskih \u010da\u0161a za pi\u0107e 6pz (82 x 100 mm)"},"content":{"rendered":"<p>Set magnetskih \u010da\u0161a za pi\u0107e 6pz (82 x 100 mm) &#8211; <\/p>\n<p>Elegantni Silwy viskovi s ugra\u0111enim magnetima na dnu koji ih dr\u017ee na mjestu \u010dak i na uzburkanom moru. Napravljeni su od \u010dvrste, neunistive, vrlo prozirne, certifikovane i testirane hrane plastike. Savr\u0161en omjer snage izme\u0111u podmeta\u010da i magnetskog viska. Metalni nano gel podmeta\u010di se mogu ukloniti bez ostataka, mogu se trajno koristiti i dr\u017ee se na svim povr\u0161inama. Isporu\u010duje se kao set od 6 \u010da\u0161a koji uklju\u010duje metalne gel podmeta\u010de.<\/p>\n","protected":false},"excerpt":{"rendered":"<p>Set magnetskih \u010da\u0161a za pi\u0107e 6pz (82 x 100 mm) &#8211; Elegantni Silwy viskovi s ugra\u0111enim magnetima na dnu koji<\/p>\n","protected":false},"featured_media":5944630,"comment_status":"open","ping_status":"closed","template":"","meta":[],"product_brand":[3111],"product_cat":[1645],"product_tag":[],"class_list":{"0":"post-743060","1":"product","2":"type-product","3":"status-publish","4":"has-post-thumbnail","6":"product_brand-marine-business-mb-hr","7":"product_cat-brodsko-posude","9":"first","10":"instock","11":"shipping-taxable","12":"purchasable","13":"product-type-simple"},"_links":{"self":[{"href":"https:\/\/stoic-curie.212-227-153-4.plesk.page\/hr\/wp-json\/wp\/v2\/product\/743060","targetHints":{"allow":["GET"]}}],"collection":[{"href":"https:\/\/stoic-curie.212-227-153-4.plesk.page\/hr\/wp-json\/wp\/v2\/product"}],"about":[{"href":"https:\/\/stoic-curie.212-227-153-4.plesk.page\/hr\/wp-json\/wp\/v2\/types\/product"}],"replies":[{"embeddable":true,"href":"https:\/\/stoic-curie.212-227-153-4.plesk.page\/hr\/wp-json\/wp\/v2\/comments?post=743060"}],"version-history":[{"count":0,"href":"https:\/\/stoic-curie.212-227-153-4.plesk.page\/hr\/wp-json\/wp\/v2\/product\/743060\/revisions"}],"wp:featuredmedia":[{"embeddable":true,"href":"https:\/\/stoic-curie.212-227-153-4.plesk.page\/hr\/wp-json\/wp\/v2\/media\/5944630"}],"wp:attachment":[{"href":"https:\/\/stoic-curie.212-227-153-4.plesk.page\/hr\/wp-json\/wp\/v2\/media?parent=743060"}],"wp:term":[{"taxonomy":"product_brand","embeddable":true,"href":"https:\/\/stoic-curie.212-227-153-4.plesk.page\/hr\/wp-json\/wp\/v2\/product_brand?post=743060"},{"taxonomy":"product_cat","embeddable":true,"href":"https:\/\/stoic-curie.212-227-153-4.plesk.page\/hr\/wp-json\/wp\/v2\/product_cat?post=743060"},{"taxonomy":"product_tag","embeddable":true,"href":"https:\/\/stoic-curie.212-227-153-4.plesk.page\/hr\/wp-json\/wp\/v2\/product_tag?post=743060"}],"curies":[{"name":"wp","href":"https:\/\/api.w.org\/{rel}","templated":true}]}}