{"id":743062,"date":"2025-03-03T18:24:51","date_gmt":"2025-03-03T17:24:51","guid":{"rendered":"https:\/\/stoic-curie.212-227-153-4.plesk.page\/producto\/par-magnetskih-casa-za-sampanjac-70-x-h212mm\/"},"modified":"2026-02-25T00:01:06","modified_gmt":"2026-02-25T00:01:06","slug":"par-magnetskih-casa-za-sampanjac-70-x-h212mm","status":"publish","type":"product","link":"https:\/\/stoic-curie.212-227-153-4.plesk.page\/hr\/product\/par-magnetskih-casa-za-sampanjac-70-x-h212mm\/","title":{"rendered":"Par magnetskih \u010da\u0161a za \u0161ampanjac 70 x H212mm"},"content":{"rendered":"<p>Par magnetskih \u010da\u0161a za \u0161ampanjac 70 x H212mm &#8211; <\/p>\n<p>Elegantne Silwy kristalne \u010da\u0161e za \u0161ampanjac s ugra\u0111enim magnetima na dnu koji ih dr\u017ee na mjestu \u010dak i u uzburkanom moru. Savr\u0161eni omjer sile izme\u0111u podmeta\u010da i magnetske \u010da\u0161e. Metalni nanogel podmeta\u010di mogu se ukloniti bez ostataka, mogu se trajno koristiti i nalijepe se na sve povr\u0161ine. Isporu\u010duje se kao set od 2 \u0161alice uklju\u010duju\u0107i metalne gel podmeta\u010de.<\/p>\n","protected":false},"excerpt":{"rendered":"<p>Par magnetskih \u010da\u0161a za \u0161ampanjac 70 x H212mm &#8211; Elegantne Silwy kristalne \u010da\u0161e za \u0161ampanjac s ugra\u0111enim magnetima na dnu<\/p>\n","protected":false},"featured_media":5944637,"comment_status":"open","ping_status":"closed","template":"","meta":[],"product_brand":[3111],"product_cat":[1645],"product_tag":[],"class_list":{"0":"post-743062","1":"product","2":"type-product","3":"status-publish","4":"has-post-thumbnail","6":"product_brand-marine-business-mb-hr","7":"product_cat-brodsko-posude","9":"first","10":"instock","11":"shipping-taxable","12":"purchasable","13":"product-type-simple"},"_links":{"self":[{"href":"https:\/\/stoic-curie.212-227-153-4.plesk.page\/hr\/wp-json\/wp\/v2\/product\/743062","targetHints":{"allow":["GET"]}}],"collection":[{"href":"https:\/\/stoic-curie.212-227-153-4.plesk.page\/hr\/wp-json\/wp\/v2\/product"}],"about":[{"href":"https:\/\/stoic-curie.212-227-153-4.plesk.page\/hr\/wp-json\/wp\/v2\/types\/product"}],"replies":[{"embeddable":true,"href":"https:\/\/stoic-curie.212-227-153-4.plesk.page\/hr\/wp-json\/wp\/v2\/comments?post=743062"}],"version-history":[{"count":0,"href":"https:\/\/stoic-curie.212-227-153-4.plesk.page\/hr\/wp-json\/wp\/v2\/product\/743062\/revisions"}],"wp:featuredmedia":[{"embeddable":true,"href":"https:\/\/stoic-curie.212-227-153-4.plesk.page\/hr\/wp-json\/wp\/v2\/media\/5944637"}],"wp:attachment":[{"href":"https:\/\/stoic-curie.212-227-153-4.plesk.page\/hr\/wp-json\/wp\/v2\/media?parent=743062"}],"wp:term":[{"taxonomy":"product_brand","embeddable":true,"href":"https:\/\/stoic-curie.212-227-153-4.plesk.page\/hr\/wp-json\/wp\/v2\/product_brand?post=743062"},{"taxonomy":"product_cat","embeddable":true,"href":"https:\/\/stoic-curie.212-227-153-4.plesk.page\/hr\/wp-json\/wp\/v2\/product_cat?post=743062"},{"taxonomy":"product_tag","embeddable":true,"href":"https:\/\/stoic-curie.212-227-153-4.plesk.page\/hr\/wp-json\/wp\/v2\/product_tag?post=743062"}],"curies":[{"name":"wp","href":"https:\/\/api.w.org\/{rel}","templated":true}]}}