{"id":743066,"date":"2025-03-03T18:24:52","date_gmt":"2025-03-03T17:24:52","guid":{"rendered":"https:\/\/stoic-curie.212-227-153-4.plesk.page\/producto\/nosac-prikolice-h500mm-s-4-valjka\/"},"modified":"2026-02-25T00:01:06","modified_gmt":"2026-02-25T00:01:06","slug":"nosac-prikolice-h500mm-s-4-valjka","status":"publish","type":"product","link":"https:\/\/stoic-curie.212-227-153-4.plesk.page\/hr\/product\/nosac-prikolice-h500mm-s-4-valjka\/","title":{"rendered":"Nosa\u010d prikolice H500mm s 4 valjka"},"content":{"rendered":"<p>Nosa\u010d prikolice H500mm s 4 valjka &#8211; <\/p>\n<p>Mobilni nosa\u010d \u0161arke s \u010detiri valjka koji se okre\u0107u (2805010).<\/p>\n","protected":false},"excerpt":{"rendered":"<p>Nosa\u010d prikolice H500mm s 4 valjka &#8211; Mobilni nosa\u010d \u0161arke s \u010detiri valjka koji se okre\u0107u (2805010).<\/p>\n","protected":false},"featured_media":5944655,"comment_status":"open","ping_status":"closed","template":"","meta":[],"product_brand":[2891],"product_cat":[1841],"product_tag":[],"class_list":{"0":"post-743066","1":"product","2":"type-product","3":"status-publish","4":"has-post-thumbnail","6":"product_brand-domar-hr","7":"product_cat-pribor-za-prikolicu-broda","9":"first","10":"instock","11":"shipping-taxable","12":"purchasable","13":"product-type-simple"},"_links":{"self":[{"href":"https:\/\/stoic-curie.212-227-153-4.plesk.page\/hr\/wp-json\/wp\/v2\/product\/743066","targetHints":{"allow":["GET"]}}],"collection":[{"href":"https:\/\/stoic-curie.212-227-153-4.plesk.page\/hr\/wp-json\/wp\/v2\/product"}],"about":[{"href":"https:\/\/stoic-curie.212-227-153-4.plesk.page\/hr\/wp-json\/wp\/v2\/types\/product"}],"replies":[{"embeddable":true,"href":"https:\/\/stoic-curie.212-227-153-4.plesk.page\/hr\/wp-json\/wp\/v2\/comments?post=743066"}],"version-history":[{"count":0,"href":"https:\/\/stoic-curie.212-227-153-4.plesk.page\/hr\/wp-json\/wp\/v2\/product\/743066\/revisions"}],"wp:featuredmedia":[{"embeddable":true,"href":"https:\/\/stoic-curie.212-227-153-4.plesk.page\/hr\/wp-json\/wp\/v2\/media\/5944655"}],"wp:attachment":[{"href":"https:\/\/stoic-curie.212-227-153-4.plesk.page\/hr\/wp-json\/wp\/v2\/media?parent=743066"}],"wp:term":[{"taxonomy":"product_brand","embeddable":true,"href":"https:\/\/stoic-curie.212-227-153-4.plesk.page\/hr\/wp-json\/wp\/v2\/product_brand?post=743066"},{"taxonomy":"product_cat","embeddable":true,"href":"https:\/\/stoic-curie.212-227-153-4.plesk.page\/hr\/wp-json\/wp\/v2\/product_cat?post=743066"},{"taxonomy":"product_tag","embeddable":true,"href":"https:\/\/stoic-curie.212-227-153-4.plesk.page\/hr\/wp-json\/wp\/v2\/product_tag?post=743066"}],"curies":[{"name":"wp","href":"https:\/\/api.w.org\/{rel}","templated":true}]}}