{"id":743081,"date":"2025-03-03T18:27:22","date_gmt":"2025-03-03T17:27:22","guid":{"rendered":"https:\/\/stoic-curie.212-227-153-4.plesk.page\/producto\/elektricno-vitlo-bada-dv3000-1360kg\/"},"modified":"2026-02-25T00:01:06","modified_gmt":"2026-02-25T00:01:06","slug":"elektricno-vitlo-bada-dv3000-1360kg","status":"publish","type":"product","link":"https:\/\/stoic-curie.212-227-153-4.plesk.page\/hr\/product\/elektricno-vitlo-bada-dv3000-1360kg\/","title":{"rendered":"Elektricno vitlo Bada DV3000 1360kg"},"content":{"rendered":"<p>Elektricno vitlo Bada DV3000 1360kg &#8211; <\/p>\n<p>Elektri\u010dni vitlo za vu\u010du \u010damaca i off-road monta\u017eu. Pokretanje i povla\u010denje se vr\u0161i putem \u017ei\u010dne daljinske upravlja\u010de. 0,9 kW trajni magnet 12V motor s ru\u010dnom pri\u010dvr\u0161\u0107enom spojkom i automatskim ko\u010dionim sustavom. Monta\u017ea s bazom i 4xM8 vijcima. Komplet s valjkom za kabel koji spre\u010dava tro\u0161enje. Brzina oporavka 2,8 m\/min bez optere\u0107enja, 0,6 m\/min pri punom optere\u0107enju.<\/p>\n","protected":false},"excerpt":{"rendered":"<p>Elektricno vitlo Bada DV3000 1360kg &#8211; Elektri\u010dni vitlo za vu\u010du \u010damaca i off-road monta\u017eu. Pokretanje i povla\u010denje se vr\u0161i putem<\/p>\n","protected":false},"featured_media":5944668,"comment_status":"open","ping_status":"closed","template":"","meta":[],"product_brand":[2891],"product_cat":[1834],"product_tag":[],"class_list":{"0":"post-743081","1":"product","2":"type-product","3":"status-publish","4":"has-post-thumbnail","6":"product_brand-domar-hr","7":"product_cat-vitla-za-prikolice-za-brodove","9":"first","10":"instock","11":"shipping-taxable","12":"purchasable","13":"product-type-simple"},"_links":{"self":[{"href":"https:\/\/stoic-curie.212-227-153-4.plesk.page\/hr\/wp-json\/wp\/v2\/product\/743081","targetHints":{"allow":["GET"]}}],"collection":[{"href":"https:\/\/stoic-curie.212-227-153-4.plesk.page\/hr\/wp-json\/wp\/v2\/product"}],"about":[{"href":"https:\/\/stoic-curie.212-227-153-4.plesk.page\/hr\/wp-json\/wp\/v2\/types\/product"}],"replies":[{"embeddable":true,"href":"https:\/\/stoic-curie.212-227-153-4.plesk.page\/hr\/wp-json\/wp\/v2\/comments?post=743081"}],"version-history":[{"count":0,"href":"https:\/\/stoic-curie.212-227-153-4.plesk.page\/hr\/wp-json\/wp\/v2\/product\/743081\/revisions"}],"wp:featuredmedia":[{"embeddable":true,"href":"https:\/\/stoic-curie.212-227-153-4.plesk.page\/hr\/wp-json\/wp\/v2\/media\/5944668"}],"wp:attachment":[{"href":"https:\/\/stoic-curie.212-227-153-4.plesk.page\/hr\/wp-json\/wp\/v2\/media?parent=743081"}],"wp:term":[{"taxonomy":"product_brand","embeddable":true,"href":"https:\/\/stoic-curie.212-227-153-4.plesk.page\/hr\/wp-json\/wp\/v2\/product_brand?post=743081"},{"taxonomy":"product_cat","embeddable":true,"href":"https:\/\/stoic-curie.212-227-153-4.plesk.page\/hr\/wp-json\/wp\/v2\/product_cat?post=743081"},{"taxonomy":"product_tag","embeddable":true,"href":"https:\/\/stoic-curie.212-227-153-4.plesk.page\/hr\/wp-json\/wp\/v2\/product_tag?post=743081"}],"curies":[{"name":"wp","href":"https:\/\/api.w.org\/{rel}","templated":true}]}}