{"id":743082,"date":"2025-03-03T18:27:23","date_gmt":"2025-03-03T17:27:23","guid":{"rendered":"https:\/\/stoic-curie.212-227-153-4.plesk.page\/producto\/elektricno-vitlo-dw4000-12v-1800-kg\/"},"modified":"2026-02-25T00:01:06","modified_gmt":"2026-02-25T00:01:06","slug":"elektricno-vitlo-dw4000-12v-1800-kg","status":"publish","type":"product","link":"https:\/\/stoic-curie.212-227-153-4.plesk.page\/hr\/product\/elektricno-vitlo-dw4000-12v-1800-kg\/","title":{"rendered":"Elektricno vitlo DW4000 12V (1800 kg)"},"content":{"rendered":"<p>Elektricno vitlo DW4000 12V (1800 kg) &#8211; <\/p>\n<p>Elektri\u010dni vitlo za vu\u010du \u010damaca i off-road montiranje. Pokretanje i vra\u0107anje se vr\u0161i sa \u017ei\u010danom daljinskom upravlja\u010dem. Motor od 1,3 kW s trajnim magnetom 12V s ru\u010dnom otpu\u0161tanjem spojke i automatskim ko\u010dionim sustavom. Monta\u017ea s osnovom i 4xM8 vijaka. Kompletan s valjkom za kabel koji spre\u010dava habanje. Brzina oporavka 4,8 m\/min bez optere\u0107enja, 1,2 m\/min s punim optere\u0107enjem.<\/p>\n","protected":false},"excerpt":{"rendered":"<p>Elektricno vitlo DW4000 12V (1800 kg) &#8211; Elektri\u010dni vitlo za vu\u010du \u010damaca i off-road montiranje. Pokretanje i vra\u0107anje se vr\u0161i<\/p>\n","protected":false},"featured_media":5944670,"comment_status":"open","ping_status":"closed","template":"","meta":[],"product_brand":[2891],"product_cat":[1834],"product_tag":[],"class_list":{"0":"post-743082","1":"product","2":"type-product","3":"status-publish","4":"has-post-thumbnail","6":"product_brand-domar-hr","7":"product_cat-vitla-za-prikolice-za-brodove","9":"first","10":"instock","11":"shipping-taxable","12":"purchasable","13":"product-type-simple"},"_links":{"self":[{"href":"https:\/\/stoic-curie.212-227-153-4.plesk.page\/hr\/wp-json\/wp\/v2\/product\/743082","targetHints":{"allow":["GET"]}}],"collection":[{"href":"https:\/\/stoic-curie.212-227-153-4.plesk.page\/hr\/wp-json\/wp\/v2\/product"}],"about":[{"href":"https:\/\/stoic-curie.212-227-153-4.plesk.page\/hr\/wp-json\/wp\/v2\/types\/product"}],"replies":[{"embeddable":true,"href":"https:\/\/stoic-curie.212-227-153-4.plesk.page\/hr\/wp-json\/wp\/v2\/comments?post=743082"}],"version-history":[{"count":0,"href":"https:\/\/stoic-curie.212-227-153-4.plesk.page\/hr\/wp-json\/wp\/v2\/product\/743082\/revisions"}],"wp:featuredmedia":[{"embeddable":true,"href":"https:\/\/stoic-curie.212-227-153-4.plesk.page\/hr\/wp-json\/wp\/v2\/media\/5944670"}],"wp:attachment":[{"href":"https:\/\/stoic-curie.212-227-153-4.plesk.page\/hr\/wp-json\/wp\/v2\/media?parent=743082"}],"wp:term":[{"taxonomy":"product_brand","embeddable":true,"href":"https:\/\/stoic-curie.212-227-153-4.plesk.page\/hr\/wp-json\/wp\/v2\/product_brand?post=743082"},{"taxonomy":"product_cat","embeddable":true,"href":"https:\/\/stoic-curie.212-227-153-4.plesk.page\/hr\/wp-json\/wp\/v2\/product_cat?post=743082"},{"taxonomy":"product_tag","embeddable":true,"href":"https:\/\/stoic-curie.212-227-153-4.plesk.page\/hr\/wp-json\/wp\/v2\/product_tag?post=743082"}],"curies":[{"name":"wp","href":"https:\/\/api.w.org\/{rel}","templated":true}]}}