{"id":743083,"date":"2025-03-03T18:27:23","date_gmt":"2025-03-03T17:27:23","guid":{"rendered":"https:\/\/stoic-curie.212-227-153-4.plesk.page\/producto\/rucno-vitlo-s-uzetom-76-mt-900-kg\/"},"modified":"2026-02-25T00:01:06","modified_gmt":"2026-02-25T00:01:06","slug":"rucno-vitlo-s-uzetom-76-mt-900-kg","status":"publish","type":"product","link":"https:\/\/stoic-curie.212-227-153-4.plesk.page\/hr\/product\/rucno-vitlo-s-uzetom-76-mt-900-kg\/","title":{"rendered":"Rucno vitlo s u\u017eetom 7,6 MT 900 kg"},"content":{"rendered":"<p>Rucno vitlo s u\u017eetom 7,6 MT 900 kg &#8211; <\/p>\n<p>Ru\u010dno uvin\u010de iz lakiranog \u010delika s 7,6 m dugim kabelom i kukom za lako vu\u010du \u010damca. Maksimalno optere\u0107enje u kg: te\u017eina koju uvin\u010d mo\u017ee podnijeti pri horizontalnom vu\u010denju s optimalnim klizanjem. Prilikom nagnutih vu\u010dnih optere\u0107enja preporu\u010duje se ne prelaziti dvije tre\u0107ine te\u017eine grani\u010dne vrijednosti.<\/p>\n","protected":false},"excerpt":{"rendered":"<p>Rucno vitlo s u\u017eetom 7,6 MT 900 kg &#8211; Ru\u010dno uvin\u010de iz lakiranog \u010delika s 7,6 m dugim kabelom i<\/p>\n","protected":false},"featured_media":5944672,"comment_status":"open","ping_status":"closed","template":"","meta":[],"product_brand":[2891],"product_cat":[1834],"product_tag":[],"class_list":{"0":"post-743083","1":"product","2":"type-product","3":"status-publish","4":"has-post-thumbnail","6":"product_brand-domar-hr","7":"product_cat-vitla-za-prikolice-za-brodove","9":"first","10":"instock","11":"shipping-taxable","12":"purchasable","13":"product-type-simple"},"_links":{"self":[{"href":"https:\/\/stoic-curie.212-227-153-4.plesk.page\/hr\/wp-json\/wp\/v2\/product\/743083","targetHints":{"allow":["GET"]}}],"collection":[{"href":"https:\/\/stoic-curie.212-227-153-4.plesk.page\/hr\/wp-json\/wp\/v2\/product"}],"about":[{"href":"https:\/\/stoic-curie.212-227-153-4.plesk.page\/hr\/wp-json\/wp\/v2\/types\/product"}],"replies":[{"embeddable":true,"href":"https:\/\/stoic-curie.212-227-153-4.plesk.page\/hr\/wp-json\/wp\/v2\/comments?post=743083"}],"version-history":[{"count":0,"href":"https:\/\/stoic-curie.212-227-153-4.plesk.page\/hr\/wp-json\/wp\/v2\/product\/743083\/revisions"}],"wp:featuredmedia":[{"embeddable":true,"href":"https:\/\/stoic-curie.212-227-153-4.plesk.page\/hr\/wp-json\/wp\/v2\/media\/5944672"}],"wp:attachment":[{"href":"https:\/\/stoic-curie.212-227-153-4.plesk.page\/hr\/wp-json\/wp\/v2\/media?parent=743083"}],"wp:term":[{"taxonomy":"product_brand","embeddable":true,"href":"https:\/\/stoic-curie.212-227-153-4.plesk.page\/hr\/wp-json\/wp\/v2\/product_brand?post=743083"},{"taxonomy":"product_cat","embeddable":true,"href":"https:\/\/stoic-curie.212-227-153-4.plesk.page\/hr\/wp-json\/wp\/v2\/product_cat?post=743083"},{"taxonomy":"product_tag","embeddable":true,"href":"https:\/\/stoic-curie.212-227-153-4.plesk.page\/hr\/wp-json\/wp\/v2\/product_tag?post=743083"}],"curies":[{"name":"wp","href":"https:\/\/api.w.org\/{rel}","templated":true}]}}