{"id":743084,"date":"2025-03-03T18:27:23","date_gmt":"2025-03-03T17:27:23","guid":{"rendered":"https:\/\/stoic-curie.212-227-153-4.plesk.page\/producto\/rucno-vitlo-s-uzetom-76-mt-1130-kg\/"},"modified":"2026-02-25T00:01:06","modified_gmt":"2026-02-25T00:01:06","slug":"rucno-vitlo-s-uzetom-76-mt-1130-kg","status":"publish","type":"product","link":"https:\/\/stoic-curie.212-227-153-4.plesk.page\/hr\/product\/rucno-vitlo-s-uzetom-76-mt-1130-kg\/","title":{"rendered":"Rucno vitlo s u\u017eetom 7,6 mt 1130 kg"},"content":{"rendered":"<p>Rucno vitlo s u\u017eetom 7,6 mt 1130 kg &#8211; <\/p>\n<p>Lakirani \u010deli\u010dni ru\u010dni vitlo s kabelom od 7,6 m i kukom za lako vu\u010du \u010damaca. Maksimalno optere\u0107enje u kg: te\u017einska granica koju vitlo mo\u017ee podr\u017eati pri horizontalnom vu\u010denju s optimalnim klizanjem. Kod nagiba tereta preporu\u010duje se ne prekora\u010diti dvije tre\u0107ine te\u017einske granice.<\/p>\n","protected":false},"excerpt":{"rendered":"<p>Rucno vitlo s u\u017eetom 7,6 mt 1130 kg &#8211; Lakirani \u010deli\u010dni ru\u010dni vitlo s kabelom od 7,6 m i kukom<\/p>\n","protected":false},"featured_media":5944672,"comment_status":"open","ping_status":"closed","template":"","meta":[],"product_brand":[2891],"product_cat":[1834],"product_tag":[],"class_list":{"0":"post-743084","1":"product","2":"type-product","3":"status-publish","4":"has-post-thumbnail","6":"product_brand-domar-hr","7":"product_cat-vitla-za-prikolice-za-brodove","9":"first","10":"instock","11":"shipping-taxable","12":"purchasable","13":"product-type-simple"},"_links":{"self":[{"href":"https:\/\/stoic-curie.212-227-153-4.plesk.page\/hr\/wp-json\/wp\/v2\/product\/743084","targetHints":{"allow":["GET"]}}],"collection":[{"href":"https:\/\/stoic-curie.212-227-153-4.plesk.page\/hr\/wp-json\/wp\/v2\/product"}],"about":[{"href":"https:\/\/stoic-curie.212-227-153-4.plesk.page\/hr\/wp-json\/wp\/v2\/types\/product"}],"replies":[{"embeddable":true,"href":"https:\/\/stoic-curie.212-227-153-4.plesk.page\/hr\/wp-json\/wp\/v2\/comments?post=743084"}],"version-history":[{"count":0,"href":"https:\/\/stoic-curie.212-227-153-4.plesk.page\/hr\/wp-json\/wp\/v2\/product\/743084\/revisions"}],"wp:featuredmedia":[{"embeddable":true,"href":"https:\/\/stoic-curie.212-227-153-4.plesk.page\/hr\/wp-json\/wp\/v2\/media\/5944672"}],"wp:attachment":[{"href":"https:\/\/stoic-curie.212-227-153-4.plesk.page\/hr\/wp-json\/wp\/v2\/media?parent=743084"}],"wp:term":[{"taxonomy":"product_brand","embeddable":true,"href":"https:\/\/stoic-curie.212-227-153-4.plesk.page\/hr\/wp-json\/wp\/v2\/product_brand?post=743084"},{"taxonomy":"product_cat","embeddable":true,"href":"https:\/\/stoic-curie.212-227-153-4.plesk.page\/hr\/wp-json\/wp\/v2\/product_cat?post=743084"},{"taxonomy":"product_tag","embeddable":true,"href":"https:\/\/stoic-curie.212-227-153-4.plesk.page\/hr\/wp-json\/wp\/v2\/product_tag?post=743084"}],"curies":[{"name":"wp","href":"https:\/\/api.w.org\/{rel}","templated":true}]}}