{"id":743092,"date":"2025-03-03T18:27:27","date_gmt":"2025-03-03T17:27:27","guid":{"rendered":"https:\/\/stoic-curie.212-227-153-4.plesk.page\/producto\/bezicni-daljinski-upravljac-black-fusion-ms-arx70\/"},"modified":"2026-02-25T00:01:06","modified_gmt":"2026-02-25T00:01:06","slug":"bezicni-daljinski-upravljac-black-fusion-ms-arx70","status":"publish","type":"product","link":"https:\/\/stoic-curie.212-227-153-4.plesk.page\/hr\/product\/bezicni-daljinski-upravljac-black-fusion-ms-arx70\/","title":{"rendered":"Be\u017ei\u010dni daljinski upravlja\u010d Black Fusion MS-ARX70"},"content":{"rendered":"<p>Be\u017ei\u010dni daljinski upravlja\u010d Black Fusion MS-ARX70 &#8211; <\/p>\n<p>Be\u017ei\u010dni daljinski upravlja\u010d s osvijetljenim digitalnim tipkama za Fusion stereo i radio. Kompaktan i IPx7 vodootporan, lako se mo\u017ee instalirati u bilo kojem polo\u017eaju, \u010dak i pod vodom i prskanjem. Napaja ga unutarnja baterija s trajanjem od 3 godine.<br \/>Kompatibilan sa svim Fusion radijima s ANT tehnologijom, poput: SA150\/BB100\/RA70N\/SRX400\/RA670\/RA770<\/p>\n","protected":false},"excerpt":{"rendered":"<p>Be\u017ei\u010dni daljinski upravlja\u010d Black Fusion MS-ARX70 &#8211; Be\u017ei\u010dni daljinski upravlja\u010d s osvijetljenim digitalnim tipkama za Fusion stereo i radio. Kompaktan<\/p>\n","protected":false},"featured_media":5944681,"comment_status":"open","ping_status":"closed","template":"","meta":[],"product_brand":[2961],"product_cat":[1733],"product_tag":[],"class_list":{"0":"post-743092","1":"product","2":"type-product","3":"status-publish","4":"has-post-thumbnail","6":"product_brand-fusion-hr","7":"product_cat-stereo-i-zvucnici","9":"first","10":"instock","11":"shipping-taxable","12":"purchasable","13":"product-type-simple"},"_links":{"self":[{"href":"https:\/\/stoic-curie.212-227-153-4.plesk.page\/hr\/wp-json\/wp\/v2\/product\/743092","targetHints":{"allow":["GET"]}}],"collection":[{"href":"https:\/\/stoic-curie.212-227-153-4.plesk.page\/hr\/wp-json\/wp\/v2\/product"}],"about":[{"href":"https:\/\/stoic-curie.212-227-153-4.plesk.page\/hr\/wp-json\/wp\/v2\/types\/product"}],"replies":[{"embeddable":true,"href":"https:\/\/stoic-curie.212-227-153-4.plesk.page\/hr\/wp-json\/wp\/v2\/comments?post=743092"}],"version-history":[{"count":0,"href":"https:\/\/stoic-curie.212-227-153-4.plesk.page\/hr\/wp-json\/wp\/v2\/product\/743092\/revisions"}],"wp:featuredmedia":[{"embeddable":true,"href":"https:\/\/stoic-curie.212-227-153-4.plesk.page\/hr\/wp-json\/wp\/v2\/media\/5944681"}],"wp:attachment":[{"href":"https:\/\/stoic-curie.212-227-153-4.plesk.page\/hr\/wp-json\/wp\/v2\/media?parent=743092"}],"wp:term":[{"taxonomy":"product_brand","embeddable":true,"href":"https:\/\/stoic-curie.212-227-153-4.plesk.page\/hr\/wp-json\/wp\/v2\/product_brand?post=743092"},{"taxonomy":"product_cat","embeddable":true,"href":"https:\/\/stoic-curie.212-227-153-4.plesk.page\/hr\/wp-json\/wp\/v2\/product_cat?post=743092"},{"taxonomy":"product_tag","embeddable":true,"href":"https:\/\/stoic-curie.212-227-153-4.plesk.page\/hr\/wp-json\/wp\/v2\/product_tag?post=743092"}],"curies":[{"name":"wp","href":"https:\/\/api.w.org\/{rel}","templated":true}]}}