{"id":743097,"date":"2025-03-03T18:27:28","date_gmt":"2025-03-03T17:27:28","guid":{"rendered":"https:\/\/stoic-curie.212-227-153-4.plesk.page\/producto\/okno-g-tipa-369x273-mm-cut-347x251-mm-aluminij\/"},"modified":"2026-02-25T00:01:06","modified_gmt":"2026-02-25T00:01:06","slug":"okno-g-tipa-369x273-mm-cut-347x251-mm-aluminij","status":"publish","type":"product","link":"https:\/\/stoic-curie.212-227-153-4.plesk.page\/hr\/product\/okno-g-tipa-369x273-mm-cut-347x251-mm-aluminij\/","title":{"rendered":"Okno G-tipa 369&#215;273 mm Cut 347&#215;251 mm Aluminij"},"content":{"rendered":"<p>Okno G-tipa 369&#215;273 mm Cut 347&#215;251 mm Aluminij &#8211; <\/p>\n<p>Anodizirani aluminijski Goiot prozor s vodonepropusnim akrilnim staklom, lijevanom konstrukcijom i brtvom s dvostrane strane. Odli\u010dan vidni kut zahvaljuju\u0107i ravnoj ru\u010dki. Maksimalna debljina pregrade 27 mm.<\/p>\n","protected":false},"excerpt":{"rendered":"<p>Okno G-tipa 369&#215;273 mm Cut 347&#215;251 mm Aluminij &#8211; Anodizirani aluminijski Goiot prozor s vodonepropusnim akrilnim staklom, lijevanom konstrukcijom i<\/p>\n","protected":false},"featured_media":5936606,"comment_status":"open","ping_status":"closed","template":"","meta":[],"product_brand":[2856],"product_cat":[1697,1702],"product_tag":[],"class_list":{"0":"post-743097","1":"product","2":"type-product","3":"status-publish","4":"has-post-thumbnail","6":"product_brand-can-marine-hr","7":"product_cat-brodska-okna","8":"product_cat-brodske-grotlasca-i-otvori","10":"first","11":"instock","12":"shipping-taxable","13":"purchasable","14":"product-type-simple"},"_links":{"self":[{"href":"https:\/\/stoic-curie.212-227-153-4.plesk.page\/hr\/wp-json\/wp\/v2\/product\/743097","targetHints":{"allow":["GET"]}}],"collection":[{"href":"https:\/\/stoic-curie.212-227-153-4.plesk.page\/hr\/wp-json\/wp\/v2\/product"}],"about":[{"href":"https:\/\/stoic-curie.212-227-153-4.plesk.page\/hr\/wp-json\/wp\/v2\/types\/product"}],"replies":[{"embeddable":true,"href":"https:\/\/stoic-curie.212-227-153-4.plesk.page\/hr\/wp-json\/wp\/v2\/comments?post=743097"}],"version-history":[{"count":0,"href":"https:\/\/stoic-curie.212-227-153-4.plesk.page\/hr\/wp-json\/wp\/v2\/product\/743097\/revisions"}],"wp:featuredmedia":[{"embeddable":true,"href":"https:\/\/stoic-curie.212-227-153-4.plesk.page\/hr\/wp-json\/wp\/v2\/media\/5936606"}],"wp:attachment":[{"href":"https:\/\/stoic-curie.212-227-153-4.plesk.page\/hr\/wp-json\/wp\/v2\/media?parent=743097"}],"wp:term":[{"taxonomy":"product_brand","embeddable":true,"href":"https:\/\/stoic-curie.212-227-153-4.plesk.page\/hr\/wp-json\/wp\/v2\/product_brand?post=743097"},{"taxonomy":"product_cat","embeddable":true,"href":"https:\/\/stoic-curie.212-227-153-4.plesk.page\/hr\/wp-json\/wp\/v2\/product_cat?post=743097"},{"taxonomy":"product_tag","embeddable":true,"href":"https:\/\/stoic-curie.212-227-153-4.plesk.page\/hr\/wp-json\/wp\/v2\/product_tag?post=743097"}],"curies":[{"name":"wp","href":"https:\/\/api.w.org\/{rel}","templated":true}]}}