{"id":743120,"date":"2025-03-03T18:27:36","date_gmt":"2025-03-03T17:27:36","guid":{"rendered":"https:\/\/stoic-curie.212-227-153-4.plesk.page\/producto\/eurovinil-air-180-cm-camac-na-napuhavanje\/"},"modified":"2026-02-25T00:01:06","modified_gmt":"2026-02-25T00:01:06","slug":"eurovinil-air-180-cm-camac-na-napuhavanje","status":"publish","type":"product","link":"https:\/\/stoic-curie.212-227-153-4.plesk.page\/hr\/product\/eurovinil-air-180-cm-camac-na-napuhavanje\/","title":{"rendered":"Dinghy Eurovinil Inflatable Basic 180"},"content":{"rendered":"<p>Dinghy Eurovinil Inflatable Basic 180 &#8211; <\/p>\n<div class=\"expander\">\n<div style=\"color: rgb(0, 0, 0); font-family: tahoma, arial, verdana, sans-serif; font-size: 12px;\">\n<p>Drago nam je predstaviti na\u0161 kompaktni tender, pomno izra\u0111en od visokokvalitetnog i durable 1100D PVC platna. Ovaj model izdvaja se svojom inovativnom napuhavaju\u0107om kobilicom, koja se \u010desto naziva &#8220;airmat.&#8221; Ovaj jedinstveni dizajn koristi drop-stitch platno, koje nudi iznimnu krutost i stabilnost prilikom navigacije u raznim uvjetima vode. Kombinacija ovih materijala osigurava da imate pouzdan i robustan tender za sve va\u0161e pustolovine na vodi.<\/p>\n<p>Uz tender dolazi nekoliko bitnih predmeta koji pobolj\u0161avaju va\u0161e iskustvo i osiguravaju da ste dobro pripremljeni za svoje izlete. Ove stavke uklju\u010duju pumpu za jednostavno napuhavanje, set za popravak za nepredvi\u0111ene probleme, vesla za ru\u010dnu propulziju, kliznu klupu za udobnost, sidrenu u\u017ee za osiguravanje va\u0161eg tendera i prakti\u010dnu torbu za no\u0161enje mjera 80 x 40 x 50 cm. Ovaj sveobuhvatan paket olak\u0161ava transport i postavljanje va\u0161eg tendera gdje god krenuli.<\/p>\n<p>Na\u0161a linija napuhanih \u010damaca prepoznata je kao Eurovinilov bestseler, \u0161to odra\u017eava godine stru\u010dnosti i predanosti ulo\u017eenih u industriju napuhanih \u010damaca. Tender ima napuhanu &#8220;V&#8221;-kobilicu kao i posebni &#8220;airmat,&#8221; koji ne samo da pru\u017ea iznimnu \u010dvrsto\u0107u ve\u0107 i neosporne otpornosti na probijanja i habanje, osiguravaju\u0107i dugotrajnost i pouzdanost.<\/p>\n<p>Standardna klizna klupa dizajnirana je za udobnost korisnika, omogu\u0107uju\u0107i osobama da lako prilagode svoju poziciju. Ova zna\u010dajka je posebno korisna kada se ulazi u \u010damac u razli\u010ditim situacijama ili se prilago\u0111avaju razli\u010diti tereti. Pored toga, protuprskava krila u\u010dinkovito poma\u017ee u sprje\u010davanju ulaska vode u \u010damac, \u010dak i kada je potpuno napunjen, dr\u017ee\u0107i vas i va\u0161e stvari suhim.<\/p>\n<p>Jedna od istaknutih zna\u010dajki ovog tendera je njegova sposobnost brzog pra\u017enjenja i jednostavnog skladi\u0161tenja. Mo\u017eete ga udobno smjestiti u ormar, postaviti ga naopako na pram\u010dano palubu ili na krov mosta, ili ga pri\u010dvrstiti na stra\u017enje davite. Njegov kompaktni dizajn omogu\u0107ava skladi\u0161tenje gotovo bilo gdje na brodu, omogu\u0107uju\u0107i vam da u\u017eivate u brojnim prednostima posjedovanja tendera bez \u017ertvovanja dragocjenog stambenog prostora na va\u0161em \u010damcu. To ga \u010dini idealnim izborom za ljubitelje brodova koji cijene i funkcionalnost i prakti\u010dnost.<\/p>\n<\/div>\n<\/div>\n","protected":false},"excerpt":{"rendered":"<p>Dinghy Eurovinil Inflatable Basic 180 &#8211; Drago nam je predstaviti na\u0161 kompaktni tender, pomno izra\u0111en od visokokvalitetnog i durable 1100D<\/p>\n","protected":false},"featured_media":5937416,"comment_status":"open","ping_status":"closed","template":"","meta":[],"product_brand":[2926],"product_cat":[1833],"product_tag":[],"class_list":{"0":"post-743120","1":"product","2":"type-product","3":"status-publish","4":"has-post-thumbnail","6":"product_brand-eurovinil-hr","7":"product_cat-pomocni-camci","9":"first","10":"instock","11":"shipping-taxable","12":"purchasable","13":"product-type-simple"},"_links":{"self":[{"href":"https:\/\/stoic-curie.212-227-153-4.plesk.page\/hr\/wp-json\/wp\/v2\/product\/743120","targetHints":{"allow":["GET"]}}],"collection":[{"href":"https:\/\/stoic-curie.212-227-153-4.plesk.page\/hr\/wp-json\/wp\/v2\/product"}],"about":[{"href":"https:\/\/stoic-curie.212-227-153-4.plesk.page\/hr\/wp-json\/wp\/v2\/types\/product"}],"replies":[{"embeddable":true,"href":"https:\/\/stoic-curie.212-227-153-4.plesk.page\/hr\/wp-json\/wp\/v2\/comments?post=743120"}],"version-history":[{"count":0,"href":"https:\/\/stoic-curie.212-227-153-4.plesk.page\/hr\/wp-json\/wp\/v2\/product\/743120\/revisions"}],"wp:featuredmedia":[{"embeddable":true,"href":"https:\/\/stoic-curie.212-227-153-4.plesk.page\/hr\/wp-json\/wp\/v2\/media\/5937416"}],"wp:attachment":[{"href":"https:\/\/stoic-curie.212-227-153-4.plesk.page\/hr\/wp-json\/wp\/v2\/media?parent=743120"}],"wp:term":[{"taxonomy":"product_brand","embeddable":true,"href":"https:\/\/stoic-curie.212-227-153-4.plesk.page\/hr\/wp-json\/wp\/v2\/product_brand?post=743120"},{"taxonomy":"product_cat","embeddable":true,"href":"https:\/\/stoic-curie.212-227-153-4.plesk.page\/hr\/wp-json\/wp\/v2\/product_cat?post=743120"},{"taxonomy":"product_tag","embeddable":true,"href":"https:\/\/stoic-curie.212-227-153-4.plesk.page\/hr\/wp-json\/wp\/v2\/product_tag?post=743120"}],"curies":[{"name":"wp","href":"https:\/\/api.w.org\/{rel}","templated":true}]}}