{"id":743121,"date":"2025-03-03T18:27:36","date_gmt":"2025-03-03T17:27:36","guid":{"rendered":"https:\/\/stoic-curie.212-227-153-4.plesk.page\/producto\/prijenosni-hladnjaci-icey-tek-hd-56l-crveni\/"},"modified":"2026-02-25T00:01:06","modified_gmt":"2026-02-25T00:01:06","slug":"prijenosni-hladnjaci-icey-tek-hd-56l-crveni","status":"publish","type":"product","link":"https:\/\/stoic-curie.212-227-153-4.plesk.page\/hr\/product\/prijenosni-hladnjaci-icey-tek-hd-56l-crveni\/","title":{"rendered":"Prijenosni hladnjaci Icey-Tek HD 56l crveni"},"content":{"rendered":"<p>Prijenosni hladnjaci Icey-Tek HD 56l crveni &#8211; <\/p>\n<p>56L Icey-Tek prijenosni hladnjak je najkompaktnija opcija dostupna u njihovoj seriji ve\u0107ih modela. Osobito je omiljena me\u0111u ribolovcima i ljubiteljima prirode, ali tako\u0111er slu\u017ei kao izvrsan hladnjak za zabave i ro\u0161tilje. Njegov elegantan, izdu\u017eeni dizajn pobolj\u0161ava organizaciju sadr\u017eaja, \u010dine\u0107i jednostavnim pristupanje stavkama bez potrebe za prekapanjem kroz hladnjak. Ova konfiguracija je idealna za dr\u017eanje male do srednje veli\u010dine koraljnih i sportskih riba, a prikladno se uklapa u prtlja\u017enik ve\u0107ine automobila ili na stra\u017enje sjedalo.<\/p>\n<p>Svaki 56L Icebox ima tri robusna lijevana \u0161arka koja se otvaraju vi\u0161e od 90 stupnjeva. Ove jake \u0161arke uklanjaju potrebu za konopcima kako bi se poklopac odr\u017eao otvorenim.<\/p>\n<p>Tehni\u010dke specifikacije:<\/p>\n<ul>\n<li>Vanjske dimenzije (\u0160xDxV): 42 x 79 x 41 cm<\/li>\n<li>Unutarnje dimenzije (\u0160xDxV): 30 x 66 x 30 cm<\/li>\n<li>Kapacitet: 56 litara<\/li>\n<li>Odvodnja: lijeva\/desna<\/li>\n<li>Te\u017eina: 10 kg<\/li>\n<\/ul>\n","protected":false},"excerpt":{"rendered":"<p>Prijenosni hladnjaci Icey-Tek HD 56l crveni &#8211; 56L Icey-Tek prijenosni hladnjak je najkompaktnija opcija dostupna u njihovoj seriji ve\u0107ih modela.<\/p>\n","protected":false},"featured_media":5944736,"comment_status":"open","ping_status":"closed","template":"","meta":[],"product_brand":[3006],"product_cat":[1646,1843],"product_tag":[],"class_list":{"0":"post-743121","1":"product","2":"type-product","3":"status-publish","4":"has-post-thumbnail","6":"product_brand-icey-tek-hr","7":"product_cat-cool-box-hladnjaci","8":"product_cat-oprema-za-ribolov-na-brodu","10":"first","11":"instock","12":"shipping-taxable","13":"purchasable","14":"product-type-simple"},"_links":{"self":[{"href":"https:\/\/stoic-curie.212-227-153-4.plesk.page\/hr\/wp-json\/wp\/v2\/product\/743121","targetHints":{"allow":["GET"]}}],"collection":[{"href":"https:\/\/stoic-curie.212-227-153-4.plesk.page\/hr\/wp-json\/wp\/v2\/product"}],"about":[{"href":"https:\/\/stoic-curie.212-227-153-4.plesk.page\/hr\/wp-json\/wp\/v2\/types\/product"}],"replies":[{"embeddable":true,"href":"https:\/\/stoic-curie.212-227-153-4.plesk.page\/hr\/wp-json\/wp\/v2\/comments?post=743121"}],"version-history":[{"count":0,"href":"https:\/\/stoic-curie.212-227-153-4.plesk.page\/hr\/wp-json\/wp\/v2\/product\/743121\/revisions"}],"wp:featuredmedia":[{"embeddable":true,"href":"https:\/\/stoic-curie.212-227-153-4.plesk.page\/hr\/wp-json\/wp\/v2\/media\/5944736"}],"wp:attachment":[{"href":"https:\/\/stoic-curie.212-227-153-4.plesk.page\/hr\/wp-json\/wp\/v2\/media?parent=743121"}],"wp:term":[{"taxonomy":"product_brand","embeddable":true,"href":"https:\/\/stoic-curie.212-227-153-4.plesk.page\/hr\/wp-json\/wp\/v2\/product_brand?post=743121"},{"taxonomy":"product_cat","embeddable":true,"href":"https:\/\/stoic-curie.212-227-153-4.plesk.page\/hr\/wp-json\/wp\/v2\/product_cat?post=743121"},{"taxonomy":"product_tag","embeddable":true,"href":"https:\/\/stoic-curie.212-227-153-4.plesk.page\/hr\/wp-json\/wp\/v2\/product_tag?post=743121"}],"curies":[{"name":"wp","href":"https:\/\/api.w.org\/{rel}","templated":true}]}}