{"id":743122,"date":"2025-03-03T18:27:36","date_gmt":"2025-03-03T17:27:36","guid":{"rendered":"https:\/\/stoic-curie.212-227-153-4.plesk.page\/producto\/prijenosni-hladnjaci-icey-tek-hd-70l-crveni\/"},"modified":"2026-02-25T00:01:06","modified_gmt":"2026-02-25T00:01:06","slug":"prijenosni-hladnjaci-icey-tek-hd-70l-crveni","status":"publish","type":"product","link":"https:\/\/stoic-curie.212-227-153-4.plesk.page\/hr\/product\/prijenosni-hladnjaci-icey-tek-hd-70l-crveni\/","title":{"rendered":"Prijenosni hladnjaci Icey-Tek Hd 70l crveni"},"content":{"rendered":"<p>Prijenosni hladnjaci Icey-Tek Hd 70l crveni &#8211; <\/p>\n<p style=\"color: rgb(34, 34, 34); font-family: Arial, Helvetica, sans-serif; font-size: small;\">70L hladnjak isti\u010de se kao na\u0161 najprodavaniji model, \u0161to ga \u010dini fantasti\u010dnom opcijom za va\u0161u prvu kupnju hladnjaka. Njegov produ\u017eeni dizajn savr\u0161en je za srednje velike ribolovne izlete, pru\u017eaju\u0107i dovoljno prostora za hranu i potrep\u0161tine prikladne za 2 do 3 osobe tijekom vikenda. Udobno se uklapa u prtlja\u017enik ve\u0107ine vozila ili se mo\u017ee smjestiti na stra\u017enjem sjedalu ili u krevetu va\u0161eg kamioneta.<\/p>\n<p style=\"color: rgb(34, 34, 34); font-family: Arial, Helvetica, sans-serif; font-size: small;\">Na\u0161i Icey-Tek hladnjaci dizajnirani su za profesionalne i rekreativne aktivnosti, osiguravaju\u0107i najbolju o\u010duvanje ribe i namirnica. S svojom gusto\u0107om izolacije, mogu odr\u017eavati hladne temperature nekoliko dana. Svaki hladnjak opremljen je s dva 1-in\u010dna navojna otvora s \u010depovima, koja mogu poslu\u017eiti kao akvarij za ribu. Konstruirani za izdr\u017eljivost, ovi hladnjaci imaju \u010dvrste injekcijske \u0161arke i zatvara\u010de od termoplasti\u010dnog elastomera, \u0161to im omogu\u0107uje da se koriste i kao sjedenje.<\/p>\n<p style=\"color: rgb(34, 34, 34); font-family: Arial, Helvetica, sans-serif; font-size: small;\">Modeli 160L i 260L dizajnirani su s preklopnim poklopcem s dvostrukim otvaranjem radi pobolj\u0161ane prakti\u010dnosti.<\/p>\n<p style=\"color: rgb(34, 34, 34); font-family: Arial, Helvetica, sans-serif; font-size: small;\">Svaki 70L hladnjak uklju\u010duje tri \u010dvrste injekcijske \u0161arke koje se zaustavljaju malo iznad 90 stupnjeva, eliminiraju\u0107i potrebu za u\u017eadima za dr\u017eanje poklopaca otvorenima.<\/p>\n<p style=\"color: rgb(34, 34, 34); font-family: Arial, Helvetica, sans-serif; font-size: small;\">Debljina zidova kre\u0107e se od 80 mm u poklopcu, gdje je izolacija presudna, do 40 mm do 45 mm u bazi i stranama. Ova konstrukcija nudi izvanrednu toplinsku izolaciju bez zna\u010dajnog pove\u0107anja te\u017eine.<\/p>\n<p style=\"color: rgb(34, 34, 34); font-family: Arial, Helvetica, sans-serif; font-size: small;\"><strong>Vanjske dimenzije:<\/strong><\/p>\n<ul style=\"color: rgb(34, 34, 34); font-family: Arial, Helvetica, sans-serif; font-size: small;\">\n<li>Duljina: 855 mm<\/li>\n<li>Visina: 445 mm<\/li>\n<li>\u0160irina: 435 mm<\/li>\n<\/ul>\n<p style=\"color: rgb(34, 34, 34); font-family: Arial, Helvetica, sans-serif; font-size: small;\"><strong>Unutarnje dimenzije:<\/strong><\/p>\n<ul style=\"color: rgb(34, 34, 34); font-family: Arial, Helvetica, sans-serif; font-size: small;\">\n<li>Duljina: 695 mm<\/li>\n<li>Visina: 320 mm<\/li>\n<li>\u0160irina: 310 mm<\/li>\n<\/ul>\n<p style=\"color: rgb(34, 34, 34); font-family: Arial, Helvetica, sans-serif; font-size: small;\"><strong>Te\u017eina:<\/strong>&nbsp;12.5 kg<br \/><strong>Visina poklopca kada je otvoren:<\/strong>&nbsp;875 mm<br \/><strong>Usnik poklopca:<\/strong>&nbsp;28 mm<\/p>\n","protected":false},"excerpt":{"rendered":"<p>Prijenosni hladnjaci Icey-Tek Hd 70l crveni &#8211; 70L hladnjak isti\u010de se kao na\u0161 najprodavaniji model, \u0161to ga \u010dini fantasti\u010dnom opcijom<\/p>\n","protected":false},"featured_media":5944736,"comment_status":"open","ping_status":"closed","template":"","meta":[],"product_brand":[3006],"product_cat":[1646,1843],"product_tag":[],"class_list":{"0":"post-743122","1":"product","2":"type-product","3":"status-publish","4":"has-post-thumbnail","6":"product_brand-icey-tek-hr","7":"product_cat-cool-box-hladnjaci","8":"product_cat-oprema-za-ribolov-na-brodu","10":"first","11":"instock","12":"shipping-taxable","13":"purchasable","14":"product-type-simple"},"_links":{"self":[{"href":"https:\/\/stoic-curie.212-227-153-4.plesk.page\/hr\/wp-json\/wp\/v2\/product\/743122","targetHints":{"allow":["GET"]}}],"collection":[{"href":"https:\/\/stoic-curie.212-227-153-4.plesk.page\/hr\/wp-json\/wp\/v2\/product"}],"about":[{"href":"https:\/\/stoic-curie.212-227-153-4.plesk.page\/hr\/wp-json\/wp\/v2\/types\/product"}],"replies":[{"embeddable":true,"href":"https:\/\/stoic-curie.212-227-153-4.plesk.page\/hr\/wp-json\/wp\/v2\/comments?post=743122"}],"version-history":[{"count":0,"href":"https:\/\/stoic-curie.212-227-153-4.plesk.page\/hr\/wp-json\/wp\/v2\/product\/743122\/revisions"}],"wp:featuredmedia":[{"embeddable":true,"href":"https:\/\/stoic-curie.212-227-153-4.plesk.page\/hr\/wp-json\/wp\/v2\/media\/5944736"}],"wp:attachment":[{"href":"https:\/\/stoic-curie.212-227-153-4.plesk.page\/hr\/wp-json\/wp\/v2\/media?parent=743122"}],"wp:term":[{"taxonomy":"product_brand","embeddable":true,"href":"https:\/\/stoic-curie.212-227-153-4.plesk.page\/hr\/wp-json\/wp\/v2\/product_brand?post=743122"},{"taxonomy":"product_cat","embeddable":true,"href":"https:\/\/stoic-curie.212-227-153-4.plesk.page\/hr\/wp-json\/wp\/v2\/product_cat?post=743122"},{"taxonomy":"product_tag","embeddable":true,"href":"https:\/\/stoic-curie.212-227-153-4.plesk.page\/hr\/wp-json\/wp\/v2\/product_tag?post=743122"}],"curies":[{"name":"wp","href":"https:\/\/api.w.org\/{rel}","templated":true}]}}