{"id":743123,"date":"2025-03-03T18:27:37","date_gmt":"2025-03-03T17:27:37","guid":{"rendered":"https:\/\/stoic-curie.212-227-153-4.plesk.page\/producto\/prijenosni-hladnjaci-icey-tek-hd-90l-crveni\/"},"modified":"2026-02-25T00:01:06","modified_gmt":"2026-02-25T00:01:06","slug":"prijenosni-hladnjaci-icey-tek-hd-90l-crveni","status":"publish","type":"product","link":"https:\/\/stoic-curie.212-227-153-4.plesk.page\/hr\/product\/prijenosni-hladnjaci-icey-tek-hd-90l-crveni\/","title":{"rendered":"prijenosni hladnjaci Icey-Tek HD 90lt crveni"},"content":{"rendered":"<p>prijenosni hladnjaci Icey-Tek HD 90lt crveni &#8211; <\/p>\n<p style=\"color: rgb(34, 34, 34); font-family: Arial, Helvetica, sans-serif; font-size: small;\">Predstavljamo Icey-Tek hladnjake, ponosno proizvedene u Australiji i pa\u017eljivo izra\u0111ene za profesionalce koji tra\u017ee pouzdana rje\u0161enja za skladi\u0161tenje ribe i hrane. Ovi hladnjaci su dizajnirani s gustim izolacijskim slojem, osiguravaju\u0107i da sadr\u017eaj ostaje hladan dulje vrijeme, \u010dime se optimizira o\u010duvanje va\u0161eg ulova. Svaki hladnjak opremljen je s dva 1-in\u010dna navojna otvora s \u010depovima, \u0161to ih \u010dini idealnima za kori\u0161tenje kao \u017eivu\u0107u vodu za ribu.<\/p>\n<p style=\"color: rgb(34, 34, 34); font-family: Arial, Helvetica, sans-serif; font-size: small;\">Izra\u0111eni za izdr\u017eljivost, Icey-Tek hladnjaci imaju robusne \u0161arke od injekcijski oblikovane plastike i bravu od termoplasti\u010dne elastomere, omogu\u0107uju\u0107i im da slu\u017ee dvostruko kao sjedi\u0161ta. Modeli od 160 litara i 260 litara dizajnirani su s prakti\u010dnim dvostrukim preklopom, dok model od 90 litara u\u017eiva u zna\u010dajnoj popularnosti, blizu konkurencije s verzijom od 70 litara. Ovi ve\u0107i kapaciteti su posebno prikladni za obitelji strastvenih ribolovaca i kampere. Iako mo\u017eda ne\u0107e stati u prtlja\u017enik ve\u0107ine vozila, mogu se udobno smjestiti na stra\u017enjem sjedalu limuzine ili u stra\u017enjem dijelu terenskog vozila. Ovi hladnjaci mogu dr\u017eati srednje velike pelagi\u010dne i velike riblje vrste, \u0161to ih \u010dini idealnima za ribolovne izlete, kao i za skladi\u0161tenje hrane i pi\u0107a tijekom kampiranja ili vikend izleta. \u0160tovi\u0161e, predstavljaju odli\u010dan dodatak va\u0161em domu za ro\u0161tilje i dru\u0161tvena okupljanja, omogu\u0107uju\u0107i vam da odr\u017eavate vi\u0161e kutija pi\u0107a hladnima, a da pritom ne zauzimaju prostor u va\u0161em hladnjaku.<\/p>\n<p style=\"color: rgb(34, 34, 34); font-family: Arial, Helvetica, sans-serif; font-size: small;\">Svaki hladnjak od 90 litara dizajniran je s tri izdr\u017eljive \u0161arke od injekcijski oblikovane plastike koje se otvaraju dalje od 90 stupnjeva, \u010dime se eliminira potreba za \u0161tofama kako bi se poklopci osigurali u otvorenom polo\u017eaju.<\/p>\n<p style=\"color: rgb(34, 34, 34); font-family: Arial, Helvetica, sans-serif; font-size: small;\">Debljina zidova hladnjaka varira, pri \u010demu poklopac mjeri 80 mm, gdje je izolacija od najve\u0107e va\u017enosti, a donji dijelovi i stranice kre\u0107u se od 40 mm do 45 mm. Ovaj promi\u0161ljen dizajn osigurava izvanrednu termalnu izolaciju dok odr\u017eava prihvatljivu te\u017einu.<\/p>\n<p style=\"color: rgb(34, 34, 34); font-family: Arial, Helvetica, sans-serif; font-size: small;\"><strong>Vanjske dimenzije:<\/strong><\/p>\n<ul style=\"color: rgb(34, 34, 34); font-family: Arial, Helvetica, sans-serif; font-size: small;\">\n<li>Du\u017eina: 925 mm<\/li>\n<li>Visina: 480 mm<\/li>\n<li>\u0160irina: 470 mm<\/li>\n<\/ul>\n<p style=\"color: rgb(34, 34, 34); font-family: Arial, Helvetica, sans-serif; font-size: small;\"><strong>Unutarnje dimenzije:<\/strong><\/p>\n<ul style=\"color: rgb(34, 34, 34); font-family: Arial, Helvetica, sans-serif; font-size: small;\">\n<li>Du\u017eina: 770 mm<\/li>\n<li>Visina: 345 mm<\/li>\n<li>\u0160irina: 340 mm<\/li>\n<\/ul>\n<p style=\"color: rgb(34, 34, 34); font-family: Arial, Helvetica, sans-serif; font-size: small;\"><strong>Te\u017eina:<\/strong>&nbsp;14 kg<br \/><strong>Visina poklopca kada je otvoren:<\/strong>&nbsp;935 mm<br \/><strong>Usni poklopca:<\/strong>&nbsp;38 mm<\/p>\n","protected":false},"excerpt":{"rendered":"<p>prijenosni hladnjaci Icey-Tek HD 90lt crveni &#8211; Predstavljamo Icey-Tek hladnjake, ponosno proizvedene u Australiji i pa\u017eljivo izra\u0111ene za profesionalce koji<\/p>\n","protected":false},"featured_media":5944736,"comment_status":"open","ping_status":"closed","template":"","meta":[],"product_brand":[3006],"product_cat":[1646,1843],"product_tag":[],"class_list":{"0":"post-743123","1":"product","2":"type-product","3":"status-publish","4":"has-post-thumbnail","6":"product_brand-icey-tek-hr","7":"product_cat-cool-box-hladnjaci","8":"product_cat-oprema-za-ribolov-na-brodu","10":"first","11":"instock","12":"shipping-taxable","13":"purchasable","14":"product-type-simple"},"_links":{"self":[{"href":"https:\/\/stoic-curie.212-227-153-4.plesk.page\/hr\/wp-json\/wp\/v2\/product\/743123","targetHints":{"allow":["GET"]}}],"collection":[{"href":"https:\/\/stoic-curie.212-227-153-4.plesk.page\/hr\/wp-json\/wp\/v2\/product"}],"about":[{"href":"https:\/\/stoic-curie.212-227-153-4.plesk.page\/hr\/wp-json\/wp\/v2\/types\/product"}],"replies":[{"embeddable":true,"href":"https:\/\/stoic-curie.212-227-153-4.plesk.page\/hr\/wp-json\/wp\/v2\/comments?post=743123"}],"version-history":[{"count":0,"href":"https:\/\/stoic-curie.212-227-153-4.plesk.page\/hr\/wp-json\/wp\/v2\/product\/743123\/revisions"}],"wp:featuredmedia":[{"embeddable":true,"href":"https:\/\/stoic-curie.212-227-153-4.plesk.page\/hr\/wp-json\/wp\/v2\/media\/5944736"}],"wp:attachment":[{"href":"https:\/\/stoic-curie.212-227-153-4.plesk.page\/hr\/wp-json\/wp\/v2\/media?parent=743123"}],"wp:term":[{"taxonomy":"product_brand","embeddable":true,"href":"https:\/\/stoic-curie.212-227-153-4.plesk.page\/hr\/wp-json\/wp\/v2\/product_brand?post=743123"},{"taxonomy":"product_cat","embeddable":true,"href":"https:\/\/stoic-curie.212-227-153-4.plesk.page\/hr\/wp-json\/wp\/v2\/product_cat?post=743123"},{"taxonomy":"product_tag","embeddable":true,"href":"https:\/\/stoic-curie.212-227-153-4.plesk.page\/hr\/wp-json\/wp\/v2\/product_tag?post=743123"}],"curies":[{"name":"wp","href":"https:\/\/api.w.org\/{rel}","templated":true}]}}