{"id":743124,"date":"2025-03-03T18:27:37","date_gmt":"2025-03-03T17:27:37","guid":{"rendered":"https:\/\/stoic-curie.212-227-153-4.plesk.page\/producto\/icey-tek-plava-prijenosna-ledenica-56lt\/"},"modified":"2026-02-25T00:01:06","modified_gmt":"2026-02-25T00:01:06","slug":"icey-tek-plava-prijenosna-ledenica-56lt","status":"publish","type":"product","link":"https:\/\/stoic-curie.212-227-153-4.plesk.page\/hr\/product\/icey-tek-plava-prijenosna-ledenica-56lt\/","title":{"rendered":"Prijenosni hladnjaci Icey-Tek HD 56lt plavi"},"content":{"rendered":"<p>Prijenosni hladnjaci Icey-Tek HD 56lt plavi &#8211; <\/p>\n<p>Prijenosni hladnjak Icey-Tek s kapacitetom od 56L predstavlja najkompaktniju opciju unutar njihove ve\u0107e serije. Osobito ga cijene ribolovci i ljubitelji prirode, ali slu\u017ei i kao izvanredan hladnjak za dru\u0161tvena okupljanja i ro\u0161tilje. Njegov elegantan i izdu\u017een dizajn pobolj\u0161ava organizaciju sadr\u017eaja, olak\u0161avaju\u0107i pristup predmetima bez potrebe za pretra\u017eivanjem hladnjaka. Ova konfiguracija posebno je pogodna za smje\u0161taj malih do srednje velikih riba u koraljnim grebenima i igra\u010dkama, a lako staje u prtlja\u017enik ve\u0107ine vozila ili na stra\u017enje sjedalo.<\/p>\n<p>Svaki hladnjak od 56L opremljen je s tri izdr\u017eljive lijevane \u0161arke koje se otvaraju pod kutom ve\u0107im od 90 stupnjeva. Ove robusne \u0161arke eliminiraju potrebu za u\u017eadima za osiguranje poklopca u otvorenom polo\u017eaju.<\/p>\n<p>Specifikacije:<\/p>\n<ul>\n<li>Vanjske dimenzije (\u0160xDxV): 42 x 79 x 41 cm<\/li>\n<li>Unutarnje dimenzije (\u0160xDxV): 30 x 66 x 30 cm<\/li>\n<li>Kapacitet: 56 litara<\/li>\n<li>Odvod: lijevo\/desno<\/li>\n<li>Te\u017eina: 10 kg<\/li>\n<\/ul>\n","protected":false},"excerpt":{"rendered":"<p>Prijenosni hladnjaci Icey-Tek HD 56lt plavi &#8211; Prijenosni hladnjak Icey-Tek s kapacitetom od 56L predstavlja najkompaktniju opciju unutar njihove ve\u0107e<\/p>\n","protected":false},"featured_media":5944738,"comment_status":"open","ping_status":"closed","template":"","meta":[],"product_brand":[3006],"product_cat":[1646,1843],"product_tag":[],"class_list":{"0":"post-743124","1":"product","2":"type-product","3":"status-publish","4":"has-post-thumbnail","6":"product_brand-icey-tek-hr","7":"product_cat-cool-box-hladnjaci","8":"product_cat-oprema-za-ribolov-na-brodu","10":"first","11":"instock","12":"shipping-taxable","13":"purchasable","14":"product-type-simple"},"_links":{"self":[{"href":"https:\/\/stoic-curie.212-227-153-4.plesk.page\/hr\/wp-json\/wp\/v2\/product\/743124","targetHints":{"allow":["GET"]}}],"collection":[{"href":"https:\/\/stoic-curie.212-227-153-4.plesk.page\/hr\/wp-json\/wp\/v2\/product"}],"about":[{"href":"https:\/\/stoic-curie.212-227-153-4.plesk.page\/hr\/wp-json\/wp\/v2\/types\/product"}],"replies":[{"embeddable":true,"href":"https:\/\/stoic-curie.212-227-153-4.plesk.page\/hr\/wp-json\/wp\/v2\/comments?post=743124"}],"version-history":[{"count":0,"href":"https:\/\/stoic-curie.212-227-153-4.plesk.page\/hr\/wp-json\/wp\/v2\/product\/743124\/revisions"}],"wp:featuredmedia":[{"embeddable":true,"href":"https:\/\/stoic-curie.212-227-153-4.plesk.page\/hr\/wp-json\/wp\/v2\/media\/5944738"}],"wp:attachment":[{"href":"https:\/\/stoic-curie.212-227-153-4.plesk.page\/hr\/wp-json\/wp\/v2\/media?parent=743124"}],"wp:term":[{"taxonomy":"product_brand","embeddable":true,"href":"https:\/\/stoic-curie.212-227-153-4.plesk.page\/hr\/wp-json\/wp\/v2\/product_brand?post=743124"},{"taxonomy":"product_cat","embeddable":true,"href":"https:\/\/stoic-curie.212-227-153-4.plesk.page\/hr\/wp-json\/wp\/v2\/product_cat?post=743124"},{"taxonomy":"product_tag","embeddable":true,"href":"https:\/\/stoic-curie.212-227-153-4.plesk.page\/hr\/wp-json\/wp\/v2\/product_tag?post=743124"}],"curies":[{"name":"wp","href":"https:\/\/api.w.org\/{rel}","templated":true}]}}