{"id":743125,"date":"2025-03-03T18:27:37","date_gmt":"2025-03-03T17:27:37","guid":{"rendered":"https:\/\/stoic-curie.212-227-153-4.plesk.page\/producto\/icey-tek-plava-prijenosna-ledenica-70lt\/"},"modified":"2026-02-25T00:01:06","modified_gmt":"2026-02-25T00:01:06","slug":"icey-tek-plava-prijenosna-ledenica-70lt","status":"publish","type":"product","link":"https:\/\/stoic-curie.212-227-153-4.plesk.page\/hr\/product\/icey-tek-plava-prijenosna-ledenica-70lt\/","title":{"rendered":"Prijenosni hladnjaci Icey-Tek HD 70l plavi"},"content":{"rendered":"<p>Prijenosni hladnjaci Icey-Tek HD 70l plavi &#8211; <\/p>\n<p style=\"color: rgb(34, 34, 34); font-family: Arial, Helvetica, sans-serif; font-size: small;\">70L hladnjak isti\u010de se kao na\u0161 najbolji model, \u0161to ga \u010dini izvrsnim izborom za va\u0161u prvu nabavu hladnjaka. Njegov produljeni dizajn idealno je prilago\u0111en za srednje velike ribolovne izlete, nude\u0107i dovoljno prostora za namirnice i opskrbu primjereno za 2 do 3 osobe tijekom vikenda. Obje mogu\u0107nosti \u2014 smje\u0161taj u prtlja\u017eniku ve\u0107ine vozila ili na stra\u017enjem sjedalu ili u teretnom dijelu va\u0161eg kamiona \u2014 omogu\u0107uju prakti\u010dnost.<\/p>\n<p style=\"color: rgb(34, 34, 34); font-family: Arial, Helvetica, sans-serif; font-size: small;\">Na\u0161i Icey-Tek hladnjaci pa\u017eljivo su dizajnirani za profesionalne i rekreativne aktivnosti, osiguravaju\u0107i optimalno o\u010duvanje ribe i hrane. Sa svojom gustim izolacijom, ovi hladnjaci mogu odr\u017eavati niske temperature kroz nekoliko dana. Svaka jedinica opremljena je s dva rupica promjera 1 in\u010d sa \u010depovima, \u0161to mo\u017ee slu\u017eiti kao \u017eivi rezervoar za ribu. Izra\u0111eni za dugotrajnost, ovi hladnjaci sadr\u017ee robusne \u0161arke od injekcijski oblikovane plastike i zatvara\u010de od termoplasti\u010dnog elastomera, \u010dine\u0107i ih pogodnima i za sjedenje.<\/p>\n<p style=\"color: rgb(34, 34, 34); font-family: Arial, Helvetica, sans-serif; font-size: small;\">Modeli od 160L i 260L dizajnirani su s duplom otvorenom podjelom poklopca za pobolj\u0161anu udobnost.<\/p>\n<p style=\"color: rgb(34, 34, 34); font-family: Arial, Helvetica, sans-serif; font-size: small;\">Svaki 70L hladnjak opremljen je s tri izuzetno sna\u017ene injekcijski oblikovane \u0161arke koje se zaustavljaju malo iznad 90 stupnjeva, \u010dime se eliminira potreba za u\u017eadima za osiguranje poklopaca u otvorenom polo\u017eaju.<\/p>\n<p style=\"color: rgb(34, 34, 34); font-family: Arial, Helvetica, sans-serif; font-size: small;\">Debljina stijenki varira od 80 mm na poklopcu, gdje je izolacija klju\u010dna, do 40 mm do 45 mm u bazi i stranama. Ova konstrukcija pru\u017ea izvanrednu termalnu izolaciju bez zna\u010dajnog pove\u0107anja ukupne te\u017eine.<\/p>\n<p style=\"color: rgb(34, 34, 34); font-family: Arial, Helvetica, sans-serif; font-size: small;\"><strong>Vanjske Dimenzije:<\/strong><\/p>\n<ul style=\"color: rgb(34, 34, 34); font-family: Arial, Helvetica, sans-serif; font-size: small;\">\n<li>Du\u017eina: 855 mm<\/li>\n<li>Visina: 445 mm<\/li>\n<li>\u0160irina: 435 mm<\/li>\n<\/ul>\n<p style=\"color: rgb(34, 34, 34); font-family: Arial, Helvetica, sans-serif; font-size: small;\"><strong>Unutarnje Dimenzije:<\/strong><\/p>\n<ul style=\"color: rgb(34, 34, 34); font-family: Arial, Helvetica, sans-serif; font-size: small;\">\n<li>Du\u017eina: 695 mm<\/li>\n<li>Visina: 320 mm<\/li>\n<li>\u0160irina: 310 mm<\/li>\n<\/ul>\n<p style=\"color: rgb(34, 34, 34); font-family: Arial, Helvetica, sans-serif; font-size: small;\"><strong>Te\u017eina:<\/strong>&nbsp;12,5 kg<br \/><strong>Visina Poklopca Kada je Otvoren:<\/strong>&nbsp;875 mm<br \/><strong>Rub Poklopca:<\/strong>&nbsp;28 mm<\/p>\n","protected":false},"excerpt":{"rendered":"<p>Prijenosni hladnjaci Icey-Tek HD 70l plavi &#8211; 70L hladnjak isti\u010de se kao na\u0161 najbolji model, \u0161to ga \u010dini izvrsnim izborom<\/p>\n","protected":false},"featured_media":5944738,"comment_status":"open","ping_status":"closed","template":"","meta":[],"product_brand":[3006],"product_cat":[1646,1843],"product_tag":[],"class_list":{"0":"post-743125","1":"product","2":"type-product","3":"status-publish","4":"has-post-thumbnail","6":"product_brand-icey-tek-hr","7":"product_cat-cool-box-hladnjaci","8":"product_cat-oprema-za-ribolov-na-brodu","10":"first","11":"instock","12":"shipping-taxable","13":"purchasable","14":"product-type-simple"},"_links":{"self":[{"href":"https:\/\/stoic-curie.212-227-153-4.plesk.page\/hr\/wp-json\/wp\/v2\/product\/743125","targetHints":{"allow":["GET"]}}],"collection":[{"href":"https:\/\/stoic-curie.212-227-153-4.plesk.page\/hr\/wp-json\/wp\/v2\/product"}],"about":[{"href":"https:\/\/stoic-curie.212-227-153-4.plesk.page\/hr\/wp-json\/wp\/v2\/types\/product"}],"replies":[{"embeddable":true,"href":"https:\/\/stoic-curie.212-227-153-4.plesk.page\/hr\/wp-json\/wp\/v2\/comments?post=743125"}],"version-history":[{"count":0,"href":"https:\/\/stoic-curie.212-227-153-4.plesk.page\/hr\/wp-json\/wp\/v2\/product\/743125\/revisions"}],"wp:featuredmedia":[{"embeddable":true,"href":"https:\/\/stoic-curie.212-227-153-4.plesk.page\/hr\/wp-json\/wp\/v2\/media\/5944738"}],"wp:attachment":[{"href":"https:\/\/stoic-curie.212-227-153-4.plesk.page\/hr\/wp-json\/wp\/v2\/media?parent=743125"}],"wp:term":[{"taxonomy":"product_brand","embeddable":true,"href":"https:\/\/stoic-curie.212-227-153-4.plesk.page\/hr\/wp-json\/wp\/v2\/product_brand?post=743125"},{"taxonomy":"product_cat","embeddable":true,"href":"https:\/\/stoic-curie.212-227-153-4.plesk.page\/hr\/wp-json\/wp\/v2\/product_cat?post=743125"},{"taxonomy":"product_tag","embeddable":true,"href":"https:\/\/stoic-curie.212-227-153-4.plesk.page\/hr\/wp-json\/wp\/v2\/product_tag?post=743125"}],"curies":[{"name":"wp","href":"https:\/\/api.w.org\/{rel}","templated":true}]}}