{"id":743126,"date":"2025-03-03T18:27:38","date_gmt":"2025-03-03T17:27:38","guid":{"rendered":"https:\/\/stoic-curie.212-227-153-4.plesk.page\/producto\/icey-tek-plava-prijenosna-ledenica-90lt\/"},"modified":"2026-02-25T00:01:06","modified_gmt":"2026-02-25T00:01:06","slug":"icey-tek-plava-prijenosna-ledenica-90lt","status":"publish","type":"product","link":"https:\/\/stoic-curie.212-227-153-4.plesk.page\/hr\/product\/icey-tek-plava-prijenosna-ledenica-90lt\/","title":{"rendered":"Prijenosni hladnjaci Icey-Tek HD 90lt plavi"},"content":{"rendered":"<p>Prijenosni hladnjaci Icey-Tek HD 90lt plavi &#8211; <\/p>\n<p style=\"color: rgb(34, 34, 34); font-family: Arial, Helvetica, sans-serif; font-size: small;\">Predstavljamo Icey-Tek hladnjake, ponosno proizvedene u Australiji i pa\u017eljivo dizajnirane za profesinalce koji trebaju pouzdane opcije skladi\u0161tenja hrane i ribe. Ovi hladnjaci su izra\u0111eni s visokom gusto\u0107om izolacije, osiguravaju\u0107i da sadr\u017eaj ostane hladan tijekom dugih vremenskih razdoblja, \u0161to optimizira o\u010duvanje va\u0161eg ulova. Svaki hladnjak dolazi s dva 1-in\u010dna navojna otvora s \u010depovima, \u0161to ih \u010dini savr\u0161eno pogodnima za funkcioniranje kao \u017eivopisno mjesto za ribu.<\/p>\n<p style=\"color: rgb(34, 34, 34); font-family: Arial, Helvetica, sans-serif; font-size: small;\">Dizajnirani za dugotrajnost, Icey-Tek hladnjaci uklju\u010duju \u010dvrste \u0161arke od injekcijskog lijevanja i brtve od termoplasti\u010dnog elastomera, omogu\u0107uju\u0107i im da slu\u017ee i kao sjedenje. Modeli od 160 litara i 260 litara imaju prakti\u010dni dvostruki poklopac, dok je model od 90 litara vrlo popularan, blisko se natje\u010du\u0107i s modelom od 70 litara. Ove ve\u0107e dimenzije su posebno idealne za obitelji entuzijasta ribolova i kampiranja. Iako mo\u017eda ne stanu u prtlja\u017enik ve\u0107ine automobila, lako se mogu smjestiti na stra\u017enje sjedalo limuzine ili u teretni prostor kombiniranog vozila. Ovi hladnjaci mogu primiti srednje velike pelagi\u010dne i velike koraljne ribe, \u0161to ih \u010dini savr\u0161enima za ribolovne izlete, kao i za skladi\u0161tenje hrane i pi\u0107a tijekom kampiranja ili vikend bijega. Osim toga, fantasti\u010dan su dodatak va\u0161em domu za ro\u0161tilje i dru\u0161tvene doga\u0111aje, omogu\u0107uju\u0107i vam da odr\u017eavate nekoliko paketa pi\u0107a hladnima bez zauzimanja prostora u hladnjaku.<\/p>\n<p style=\"color: rgb(34, 34, 34); font-family: Arial, Helvetica, sans-serif; font-size: small;\">Svaki hladnjak od 90 litara opremljen je s tri \u010dvrste \u0161arke od injekcijskog lijevanja koje se otvaraju vi\u0161e od 90 stupnjeva, \u0161to eliminira potrebu za u\u017eetima za dr\u017eanje poklopaca otvorenima.<\/p>\n<p style=\"color: rgb(34, 34, 34); font-family: Arial, Helvetica, sans-serif; font-size: small;\">Debljina zidova hladnjaka varira, s poklopcem debljine 80 mm, gdje je izolacija klju\u010dna, dok se baza i strane kre\u0107u od 40 mm do 45 mm. Ova promi\u0161ljena konstrukcija nudi izvanrednu toplinsku izolaciju dok odr\u017eava te\u017einu pod kontrolom.<\/p>\n<p style=\"color: rgb(34, 34, 34); font-family: Arial, Helvetica, sans-serif; font-size: small;\"><strong>Vanjske dimenzije:<\/strong><\/p>\n<ul style=\"color: rgb(34, 34, 34); font-family: Arial, Helvetica, sans-serif; font-size: small;\">\n<li>Du\u017eina: 925 mm<\/li>\n<li>Visina: 480 mm<\/li>\n<li>\u0160irina: 470 mm<\/li>\n<\/ul>\n<p style=\"color: rgb(34, 34, 34); font-family: Arial, Helvetica, sans-serif; font-size: small;\"><strong>Unutarnje dimenzije:<\/strong><\/p>\n<ul style=\"color: rgb(34, 34, 34); font-family: Arial, Helvetica, sans-serif; font-size: small;\">\n<li>Du\u017eina: 770 mm<\/li>\n<li>Visina: 345 mm<\/li>\n<li>\u0160irina: 340 mm<\/li>\n<\/ul>\n<p style=\"color: rgb(34, 34, 34); font-family: Arial, Helvetica, sans-serif; font-size: small;\"><strong>Te\u017eina:<\/strong>&nbsp;14 kg<br \/><strong>Visina poklopca kada je otvoren:<\/strong>&nbsp;935 mm<br \/><strong>Usna poklopca:<\/strong>&nbsp;38 mm<\/p>\n","protected":false},"excerpt":{"rendered":"<p>Prijenosni hladnjaci Icey-Tek HD 90lt plavi &#8211; Predstavljamo Icey-Tek hladnjake, ponosno proizvedene u Australiji i pa\u017eljivo dizajnirane za profesinalce koji<\/p>\n","protected":false},"featured_media":5944740,"comment_status":"open","ping_status":"closed","template":"","meta":[],"product_brand":[3006],"product_cat":[1646,1843],"product_tag":[],"class_list":{"0":"post-743126","1":"product","2":"type-product","3":"status-publish","4":"has-post-thumbnail","6":"product_brand-icey-tek-hr","7":"product_cat-cool-box-hladnjaci","8":"product_cat-oprema-za-ribolov-na-brodu","10":"first","11":"instock","12":"shipping-taxable","13":"purchasable","14":"product-type-simple"},"_links":{"self":[{"href":"https:\/\/stoic-curie.212-227-153-4.plesk.page\/hr\/wp-json\/wp\/v2\/product\/743126","targetHints":{"allow":["GET"]}}],"collection":[{"href":"https:\/\/stoic-curie.212-227-153-4.plesk.page\/hr\/wp-json\/wp\/v2\/product"}],"about":[{"href":"https:\/\/stoic-curie.212-227-153-4.plesk.page\/hr\/wp-json\/wp\/v2\/types\/product"}],"replies":[{"embeddable":true,"href":"https:\/\/stoic-curie.212-227-153-4.plesk.page\/hr\/wp-json\/wp\/v2\/comments?post=743126"}],"version-history":[{"count":0,"href":"https:\/\/stoic-curie.212-227-153-4.plesk.page\/hr\/wp-json\/wp\/v2\/product\/743126\/revisions"}],"wp:featuredmedia":[{"embeddable":true,"href":"https:\/\/stoic-curie.212-227-153-4.plesk.page\/hr\/wp-json\/wp\/v2\/media\/5944740"}],"wp:attachment":[{"href":"https:\/\/stoic-curie.212-227-153-4.plesk.page\/hr\/wp-json\/wp\/v2\/media?parent=743126"}],"wp:term":[{"taxonomy":"product_brand","embeddable":true,"href":"https:\/\/stoic-curie.212-227-153-4.plesk.page\/hr\/wp-json\/wp\/v2\/product_brand?post=743126"},{"taxonomy":"product_cat","embeddable":true,"href":"https:\/\/stoic-curie.212-227-153-4.plesk.page\/hr\/wp-json\/wp\/v2\/product_cat?post=743126"},{"taxonomy":"product_tag","embeddable":true,"href":"https:\/\/stoic-curie.212-227-153-4.plesk.page\/hr\/wp-json\/wp\/v2\/product_tag?post=743126"}],"curies":[{"name":"wp","href":"https:\/\/api.w.org\/{rel}","templated":true}]}}