{"id":743127,"date":"2025-03-03T18:27:38","date_gmt":"2025-03-03T17:27:38","guid":{"rendered":"https:\/\/stoic-curie.212-227-153-4.plesk.page\/producto\/mostic-od-karbonskih-vlakana-200x38-cm\/"},"modified":"2026-02-25T00:01:06","modified_gmt":"2026-02-25T00:01:06","slug":"mostic-od-karbonskih-vlakana-200x38-cm","status":"publish","type":"product","link":"https:\/\/stoic-curie.212-227-153-4.plesk.page\/hr\/product\/mostic-od-karbonskih-vlakana-200x38-cm\/","title":{"rendered":"Mosti\u0107 od karbonskih vlakana 200&#215;38 cm"},"content":{"rendered":"<p>Mosti\u0107 od karbonskih vlakana 200&#215;38 cm &#8211; <\/p>\n<p style=\"color: rgb(34, 34, 34); font-family: Arial, Helvetica, sans-serif; font-size: small;\">Predstavljamo na\u0161u gangway od karbonskih vlakana, dimenzija 200&#215;38 cm. Ova gangway je izuzetno lagana i izdr\u017eljiva, napravljena od jedinstvenog komada karbonskih vlakana i polimernog kompozita. Dizajnirana je bez ikakvih spojeva, \u0161to pove\u0107ava njezinu \u010dvrsto\u0107u i pouzdanost. Gangway dolazi s iglom i ugradnom uti\u010dnicom za jednostavnu instalaciju.<\/p>\n<p style=\"color: rgb(34, 34, 34); font-family: Arial, Helvetica, sans-serif; font-size: small;\">Ova gangway pluta i otporna je na hr\u0111u i UV o\u0161te\u0107enja, \u0161to je \u010dini savr\u0161enom za produ\u017eenu vanjsku upotrebu. Njena antislip povr\u0161ina osigurava sigurnost, dok elasti\u010dna za\u0161titna bo\u010dna traka poma\u017ee u sprje\u010davanju ogrebotina tijekom rada.<\/p>\n<p style=\"color: rgb(34, 34, 34); font-family: Arial, Helvetica, sans-serif; font-size: small;\">Model 200 mo\u017ee se savijati oko 2,5 cm za svaka 100 kg te\u017eine, a te\u017ei samo 7,4 kg. Uklju\u010duje mu\u0161ki pin, kota\u010di\u0107e montirane na robusni kota\u010d i u\u0161ice za dokove za trapez i \u0161page. Gangway ima prepoznatljivu zavr\u0161nu obradu od karbonskih vlakana otpornih na UV, u kombinaciji sa sivom antiskliznom povr\u0161inom za dodatnu sigurnost.<\/p>\n<p style=\"color: rgb(34, 34, 34); font-family: Arial, Helvetica, sans-serif; font-size: small;\">Tehni\u010dke specifikacije:<\/p>\n<ul style=\"color: rgb(34, 34, 34); font-family: Arial, Helvetica, sans-serif; font-size: small;\">\n<li>Duljina: 200 cm<\/li>\n<li>\u0160irina: 38 cm<\/li>\n<li>Ukupna te\u017eina: 7,4 kg<\/li>\n<li>Maksimalno optere\u0107enje: 350 kg<\/li>\n<\/ul>\n<p style=\"color: rgb(34, 34, 34); font-family: Arial, Helvetica, sans-serif; font-size: small;\">U kompletu s gangway-om dolaze kota\u010di\u0107i za kori\u0161tenje uz dok, gumena podloga za stranu \u010damca i o\u010dice za trapez i \u0161page. Visoki sjaj karbonske vlaknaste povr\u0161ine ima prozirni premaz protiv UV zraka, osiguravaju\u0107i vizualnu privla\u010dnost i dugotrajne performanse. Svijetlosiva antisklizana povr\u0161ina pobolj\u0161ava sigurnost i stabilnost tijekom kori\u0161tenja.<\/p>\n","protected":false},"excerpt":{"rendered":"<p>Mosti\u0107 od karbonskih vlakana 200&#215;38 cm &#8211; Predstavljamo na\u0161u gangway od karbonskih vlakana, dimenzija 200&#215;38 cm. Ova gangway je izuzetno<\/p>\n","protected":false},"featured_media":5944743,"comment_status":"open","ping_status":"closed","template":"","meta":[],"product_brand":[3491],"product_cat":[1612],"product_tag":[],"class_list":{"0":"post-743127","1":"product","2":"type-product","3":"status-publish","4":"has-post-thumbnail","6":"product_brand-trem-hr","7":"product_cat-gangways-za-brodove","9":"first","10":"instock","11":"shipping-taxable","12":"purchasable","13":"product-type-simple"},"_links":{"self":[{"href":"https:\/\/stoic-curie.212-227-153-4.plesk.page\/hr\/wp-json\/wp\/v2\/product\/743127","targetHints":{"allow":["GET"]}}],"collection":[{"href":"https:\/\/stoic-curie.212-227-153-4.plesk.page\/hr\/wp-json\/wp\/v2\/product"}],"about":[{"href":"https:\/\/stoic-curie.212-227-153-4.plesk.page\/hr\/wp-json\/wp\/v2\/types\/product"}],"replies":[{"embeddable":true,"href":"https:\/\/stoic-curie.212-227-153-4.plesk.page\/hr\/wp-json\/wp\/v2\/comments?post=743127"}],"version-history":[{"count":0,"href":"https:\/\/stoic-curie.212-227-153-4.plesk.page\/hr\/wp-json\/wp\/v2\/product\/743127\/revisions"}],"wp:featuredmedia":[{"embeddable":true,"href":"https:\/\/stoic-curie.212-227-153-4.plesk.page\/hr\/wp-json\/wp\/v2\/media\/5944743"}],"wp:attachment":[{"href":"https:\/\/stoic-curie.212-227-153-4.plesk.page\/hr\/wp-json\/wp\/v2\/media?parent=743127"}],"wp:term":[{"taxonomy":"product_brand","embeddable":true,"href":"https:\/\/stoic-curie.212-227-153-4.plesk.page\/hr\/wp-json\/wp\/v2\/product_brand?post=743127"},{"taxonomy":"product_cat","embeddable":true,"href":"https:\/\/stoic-curie.212-227-153-4.plesk.page\/hr\/wp-json\/wp\/v2\/product_cat?post=743127"},{"taxonomy":"product_tag","embeddable":true,"href":"https:\/\/stoic-curie.212-227-153-4.plesk.page\/hr\/wp-json\/wp\/v2\/product_tag?post=743127"}],"curies":[{"name":"wp","href":"https:\/\/api.w.org\/{rel}","templated":true}]}}