{"id":743128,"date":"2025-03-03T18:27:39","date_gmt":"2025-03-03T17:27:39","guid":{"rendered":"https:\/\/stoic-curie.212-227-153-4.plesk.page\/producto\/sklopivi-mostic-od-karbonskih-vlakana-220x38-cm\/"},"modified":"2026-02-25T00:01:06","modified_gmt":"2026-02-25T00:01:06","slug":"sklopivi-mostic-od-karbonskih-vlakana-220x38-cm","status":"publish","type":"product","link":"https:\/\/stoic-curie.212-227-153-4.plesk.page\/hr\/product\/sklopivi-mostic-od-karbonskih-vlakana-220x38-cm\/","title":{"rendered":"Sklopivi mosti\u0107 od karbonskih vlakana 220&#215;38 cm"},"content":{"rendered":"<p>Sklopivi mosti\u0107 od karbonskih vlakana 220&#215;38 cm &#8211; <\/p>\n<p style=\"color: rgb(34, 34, 34); font-family: Arial, Helvetica, sans-serif; font-size: small;\">Sa zadovoljstvom predstavljamo na\u0161u nevjerojatno laganu i \u010dvrstu gangway od karbonskih vlakana, pomno dizajniranu za superiorne performanse i jednostavnost kori\u0161tenja. Ova gangway dolazi s iglom i ugradbenom uti\u010dnicom, osiguravaju\u0107i sigurno prianjanje. Pru\u017ea uzgon, otpornost na koroziju i za\u0161titu od UV zraka, zajedno s neskliznom povr\u0161inom koja pove\u0107ava sigurnost.<\/p>\n<p style=\"color: rgb(34, 34, 34); font-family: Arial, Helvetica, sans-serif; font-size: small;\">S du\u017einom od 220 cm, ova ultra-lagana sklopiva gangway idealna je za jahte i jedrilice. Njezin sofisticirani monokok dizajn, izra\u0111en od prethodno impregniranih karbonskih vlakana i epoksidne smole, pru\u017ea izvanrednu \u010dvrsto\u0107u, dok dr\u017ei te\u017einu na minimumu, olak\u0161avaju\u0107i instalaciju i svakodnevnu upotrebu.<\/p>\n<p style=\"color: rgb(34, 34, 34); font-family: Arial, Helvetica, sans-serif; font-size: small;\">Gangway ima visoko-adhezivnu skliznu prevlaku koja osigurava sigurnost \u010dak i u nepovoljnim morskim uvjetima. Njezin elegantan dizajn harmonizira s elegantnim linijama suvremenih jahti i jedrilica. \u0160tovi\u0161e, inovativni sklopivi mehanizam omogu\u0107uje jednostavno skladi\u0161tenje, optimiziraju\u0107i prostor na brodu dok osigurava da je gangway uvijek na dohvat ruke.<\/p>\n<p style=\"color: rgb(34, 34, 34); font-family: Arial, Helvetica, sans-serif; font-size: small;\"><strong>Specifikacije:<\/strong><\/p>\n<ul style=\"color: rgb(34, 34, 34); font-family: Arial, Helvetica, sans-serif; font-size: small;\">\n<li><strong>Materijal:<\/strong> Karbonska vlakna i epoksidna smola<\/li>\n<li><strong>Duljina:<\/strong> 220 cm<\/li>\n<li><strong>Maksimalno optere\u0107enje:<\/strong> 150 kg<\/li>\n<li><strong>Obrada:<\/strong> Nesklizna prevlaka<\/li>\n<li><strong>Sklapanje:<\/strong> Da<\/li>\n<\/ul>\n<p style=\"color: rgb(34, 34, 34); font-family: Arial, Helvetica, sans-serif; font-size: small;\">Ova sklopiva gangway predstavlja izvrstan izbor za vlasnike brodova u potrazi za pouzdanim i visokokvalitetnim rje\u0161enjem za pristup svojim plovilima.<\/p>\n","protected":false},"excerpt":{"rendered":"<p>Sklopivi mosti\u0107 od karbonskih vlakana 220&#215;38 cm &#8211; Sa zadovoljstvom predstavljamo na\u0161u nevjerojatno laganu i \u010dvrstu gangway od karbonskih vlakana,<\/p>\n","protected":false},"featured_media":5944748,"comment_status":"open","ping_status":"closed","template":"","meta":[],"product_brand":[3491],"product_cat":[1612],"product_tag":[],"class_list":{"0":"post-743128","1":"product","2":"type-product","3":"status-publish","4":"has-post-thumbnail","6":"product_brand-trem-hr","7":"product_cat-gangways-za-brodove","9":"first","10":"instock","11":"shipping-taxable","12":"purchasable","13":"product-type-simple"},"_links":{"self":[{"href":"https:\/\/stoic-curie.212-227-153-4.plesk.page\/hr\/wp-json\/wp\/v2\/product\/743128","targetHints":{"allow":["GET"]}}],"collection":[{"href":"https:\/\/stoic-curie.212-227-153-4.plesk.page\/hr\/wp-json\/wp\/v2\/product"}],"about":[{"href":"https:\/\/stoic-curie.212-227-153-4.plesk.page\/hr\/wp-json\/wp\/v2\/types\/product"}],"replies":[{"embeddable":true,"href":"https:\/\/stoic-curie.212-227-153-4.plesk.page\/hr\/wp-json\/wp\/v2\/comments?post=743128"}],"version-history":[{"count":0,"href":"https:\/\/stoic-curie.212-227-153-4.plesk.page\/hr\/wp-json\/wp\/v2\/product\/743128\/revisions"}],"wp:featuredmedia":[{"embeddable":true,"href":"https:\/\/stoic-curie.212-227-153-4.plesk.page\/hr\/wp-json\/wp\/v2\/media\/5944748"}],"wp:attachment":[{"href":"https:\/\/stoic-curie.212-227-153-4.plesk.page\/hr\/wp-json\/wp\/v2\/media?parent=743128"}],"wp:term":[{"taxonomy":"product_brand","embeddable":true,"href":"https:\/\/stoic-curie.212-227-153-4.plesk.page\/hr\/wp-json\/wp\/v2\/product_brand?post=743128"},{"taxonomy":"product_cat","embeddable":true,"href":"https:\/\/stoic-curie.212-227-153-4.plesk.page\/hr\/wp-json\/wp\/v2\/product_cat?post=743128"},{"taxonomy":"product_tag","embeddable":true,"href":"https:\/\/stoic-curie.212-227-153-4.plesk.page\/hr\/wp-json\/wp\/v2\/product_tag?post=743128"}],"curies":[{"name":"wp","href":"https:\/\/api.w.org\/{rel}","templated":true}]}}