{"id":743133,"date":"2025-03-03T18:27:41","date_gmt":"2025-03-03T17:27:41","guid":{"rendered":"https:\/\/stoic-curie.212-227-153-4.plesk.page\/producto\/zasun-od-nehrdajuceg-celika-za-grotla-97-x-80-mm-s-kljucem\/"},"modified":"2026-02-25T00:01:07","modified_gmt":"2026-02-25T00:01:07","slug":"zasun-od-nehrdajuceg-celika-za-grotla-97-x-80-mm-s-kljucem","status":"publish","type":"product","link":"https:\/\/stoic-curie.212-227-153-4.plesk.page\/hr\/product\/zasun-od-nehrdajuceg-celika-za-grotla-97-x-80-mm-s-kljucem\/","title":{"rendered":"Zasun od nehr\u0111aju\u0107eg \u010delika za grotla 97 x 80 mm s kljucem"},"content":{"rendered":"<p>Zasun od nehr\u0111aju\u0107eg \u010delika za grotla 97 x 80 mm s kljucem &#8211; Ograda za poklopac od lijevanog AISI 316 nehr\u0111aju\u0107eg \u010delika je vodonepropusna. Ru\u010dka sa oprugom omogu\u0107ava tiho kori\u0161tenje. Sakriveni pri\u010dvr\u0161\u0107iva\u010di.<\/p>\n","protected":false},"excerpt":{"rendered":"<p>Zasun od nehr\u0111aju\u0107eg \u010delika za grotla 97 x 80 mm s kljucem &#8211; Ograda za poklopac od lijevanog AISI 316<\/p>\n","protected":false},"featured_media":5944758,"comment_status":"open","ping_status":"closed","template":"","meta":[],"product_brand":[3136],"product_cat":[1708,1687],"product_tag":[],"class_list":{"0":"post-743133","1":"product","2":"type-product","3":"status-publish","4":"has-post-thumbnail","6":"product_brand-masterlock-hr","7":"product_cat-brave-za-vrata","8":"product_cat-brodski-zasuni","10":"first","11":"instock","12":"shipping-taxable","13":"purchasable","14":"product-type-simple"},"_links":{"self":[{"href":"https:\/\/stoic-curie.212-227-153-4.plesk.page\/hr\/wp-json\/wp\/v2\/product\/743133","targetHints":{"allow":["GET"]}}],"collection":[{"href":"https:\/\/stoic-curie.212-227-153-4.plesk.page\/hr\/wp-json\/wp\/v2\/product"}],"about":[{"href":"https:\/\/stoic-curie.212-227-153-4.plesk.page\/hr\/wp-json\/wp\/v2\/types\/product"}],"replies":[{"embeddable":true,"href":"https:\/\/stoic-curie.212-227-153-4.plesk.page\/hr\/wp-json\/wp\/v2\/comments?post=743133"}],"version-history":[{"count":0,"href":"https:\/\/stoic-curie.212-227-153-4.plesk.page\/hr\/wp-json\/wp\/v2\/product\/743133\/revisions"}],"wp:featuredmedia":[{"embeddable":true,"href":"https:\/\/stoic-curie.212-227-153-4.plesk.page\/hr\/wp-json\/wp\/v2\/media\/5944758"}],"wp:attachment":[{"href":"https:\/\/stoic-curie.212-227-153-4.plesk.page\/hr\/wp-json\/wp\/v2\/media?parent=743133"}],"wp:term":[{"taxonomy":"product_brand","embeddable":true,"href":"https:\/\/stoic-curie.212-227-153-4.plesk.page\/hr\/wp-json\/wp\/v2\/product_brand?post=743133"},{"taxonomy":"product_cat","embeddable":true,"href":"https:\/\/stoic-curie.212-227-153-4.plesk.page\/hr\/wp-json\/wp\/v2\/product_cat?post=743133"},{"taxonomy":"product_tag","embeddable":true,"href":"https:\/\/stoic-curie.212-227-153-4.plesk.page\/hr\/wp-json\/wp\/v2\/product_tag?post=743133"}],"curies":[{"name":"wp","href":"https:\/\/api.w.org\/{rel}","templated":true}]}}