{"id":743134,"date":"2025-03-03T18:27:41","date_gmt":"2025-03-03T17:27:41","guid":{"rendered":"https:\/\/stoic-curie.212-227-153-4.plesk.page\/producto\/spremnik-za-sivu-vodu-s-pumpom-rule-98b-800gph-12v\/"},"modified":"2026-02-25T00:01:07","modified_gmt":"2026-02-25T00:01:07","slug":"spremnik-za-sivu-vodu-s-pumpom-rule-98b-800gph-12v","status":"publish","type":"product","link":"https:\/\/stoic-curie.212-227-153-4.plesk.page\/hr\/product\/spremnik-za-sivu-vodu-s-pumpom-rule-98b-800gph-12v\/","title":{"rendered":"Spremnik za sivu vodu s pumpom Rule 98B 800gph 12v"},"content":{"rendered":"<p>Spremnik za sivu vodu s pumpom Rule 98B 800gph 12v &#8211; Novi potpuno automatski i jednostavno instaliraju\u0107i sustav odvodnje za tu\u0161, opremljen: poklopcem na klik koji sprje\u010dava ne\u017eeljene prskanje vode, visokokapacitetnom pumpom (800 GPH \/ 3028 LPH) za suo\u010davanje s dolaznom sivom vodom, plovkom za prekida\u010d, nepovratnim ventilom za sprje\u010davanje povratnog toka i izbjegavanje bijega neugodnih mirisa. Skupno s Fast Fix sustavom: poklopac, pumpa, filter i plovak se mogu ukloniti i popraviti bez alata. U paketu uklju\u010deno: 1x 3\/4&#8243; navojni spojnik za crijevo (19mm), 1x (25mm), 1x 1-1\/8&#8243; (29mm) za ulaze i montirane tra\u010dnice.<\/p>\n","protected":false},"excerpt":{"rendered":"<p>Spremnik za sivu vodu s pumpom Rule 98B 800gph 12v &#8211; Novi potpuno automatski i jednostavno instaliraju\u0107i sustav odvodnje za<\/p>\n","protected":false},"featured_media":5944760,"comment_status":"open","ping_status":"closed","template":"","meta":[],"product_brand":[3326],"product_cat":[1652,1656],"product_tag":[],"class_list":{"0":"post-743134","1":"product","2":"type-product","3":"status-publish","4":"has-post-thumbnail","6":"product_brand-rule-hr","7":"product_cat-brodski-tusevi","8":"product_cat-sustavi-sive-vode","10":"first","11":"instock","12":"shipping-taxable","13":"purchasable","14":"product-type-simple"},"_links":{"self":[{"href":"https:\/\/stoic-curie.212-227-153-4.plesk.page\/hr\/wp-json\/wp\/v2\/product\/743134","targetHints":{"allow":["GET"]}}],"collection":[{"href":"https:\/\/stoic-curie.212-227-153-4.plesk.page\/hr\/wp-json\/wp\/v2\/product"}],"about":[{"href":"https:\/\/stoic-curie.212-227-153-4.plesk.page\/hr\/wp-json\/wp\/v2\/types\/product"}],"replies":[{"embeddable":true,"href":"https:\/\/stoic-curie.212-227-153-4.plesk.page\/hr\/wp-json\/wp\/v2\/comments?post=743134"}],"version-history":[{"count":0,"href":"https:\/\/stoic-curie.212-227-153-4.plesk.page\/hr\/wp-json\/wp\/v2\/product\/743134\/revisions"}],"wp:featuredmedia":[{"embeddable":true,"href":"https:\/\/stoic-curie.212-227-153-4.plesk.page\/hr\/wp-json\/wp\/v2\/media\/5944760"}],"wp:attachment":[{"href":"https:\/\/stoic-curie.212-227-153-4.plesk.page\/hr\/wp-json\/wp\/v2\/media?parent=743134"}],"wp:term":[{"taxonomy":"product_brand","embeddable":true,"href":"https:\/\/stoic-curie.212-227-153-4.plesk.page\/hr\/wp-json\/wp\/v2\/product_brand?post=743134"},{"taxonomy":"product_cat","embeddable":true,"href":"https:\/\/stoic-curie.212-227-153-4.plesk.page\/hr\/wp-json\/wp\/v2\/product_cat?post=743134"},{"taxonomy":"product_tag","embeddable":true,"href":"https:\/\/stoic-curie.212-227-153-4.plesk.page\/hr\/wp-json\/wp\/v2\/product_tag?post=743134"}],"curies":[{"name":"wp","href":"https:\/\/api.w.org\/{rel}","templated":true}]}}