{"id":743136,"date":"2025-03-03T18:27:42","date_gmt":"2025-03-03T17:27:42","guid":{"rendered":"https:\/\/stoic-curie.212-227-153-4.plesk.page\/producto\/jakna-helly-hansen-pier-3-0-crvena-velicina-xxl\/"},"modified":"2026-02-25T00:01:07","modified_gmt":"2026-02-25T00:01:07","slug":"jakna-helly-hansen-pier-3-0-crvena-velicina-xxl","status":"publish","type":"product","link":"https:\/\/stoic-curie.212-227-153-4.plesk.page\/hr\/product\/jakna-helly-hansen-pier-3-0-crvena-velicina-xxl\/","title":{"rendered":"Jakna Helly Hansen Pier 3.0 Crvena &#8211; Velicina XXL"},"content":{"rendered":"<p>Jakna Helly Hansen Pier 3.0 Crvena &#8211; Velicina XXL &#8211; <\/p>\n<p>Helly Hansen Pier 3.0 jakna je idealna za svaku obalnu ili plovidbenu aktivnost. S HellyTech Performance dvoslojnim materijalom, ima trajnu vodoodbojnost (DWR) i otpornu je na vodu, vjetar i prozra\u010dnu. Opremljena je potpuno zatvorenim \u0161avovima, mre\u017eastom oblogom koja brzo su\u0161i, za\u0161titnim preklopom, dvostruko podesivim man\u017eetama, pode\u0161avanjem rubova i struka, d\u017eepovima za grijanje ruku, oblikovanim rukavima, visokim za\u0161titnim kragnom od flisa, EN471 visokom vidljivo\u0161\u0107u podesivom kapom i reflektiraju\u0107im materijalima sukladnim Solas.<\/p>\n","protected":false},"excerpt":{"rendered":"<p>Jakna Helly Hansen Pier 3.0 Crvena &#8211; Velicina XXL &#8211; Helly Hansen Pier 3.0 jakna je idealna za svaku obalnu<\/p>\n","protected":false},"featured_media":5944763,"comment_status":"open","ping_status":"closed","template":"","meta":[],"product_brand":[3001],"product_cat":[1857],"product_tag":[],"class_list":{"0":"post-743136","1":"product","2":"type-product","3":"status-publish","4":"has-post-thumbnail","6":"product_brand-helly-hansen-hr","7":"product_cat-jedrilicarska-odjeca-helly-hansen","9":"first","10":"instock","11":"shipping-taxable","12":"purchasable","13":"product-type-simple"},"_links":{"self":[{"href":"https:\/\/stoic-curie.212-227-153-4.plesk.page\/hr\/wp-json\/wp\/v2\/product\/743136","targetHints":{"allow":["GET"]}}],"collection":[{"href":"https:\/\/stoic-curie.212-227-153-4.plesk.page\/hr\/wp-json\/wp\/v2\/product"}],"about":[{"href":"https:\/\/stoic-curie.212-227-153-4.plesk.page\/hr\/wp-json\/wp\/v2\/types\/product"}],"replies":[{"embeddable":true,"href":"https:\/\/stoic-curie.212-227-153-4.plesk.page\/hr\/wp-json\/wp\/v2\/comments?post=743136"}],"version-history":[{"count":0,"href":"https:\/\/stoic-curie.212-227-153-4.plesk.page\/hr\/wp-json\/wp\/v2\/product\/743136\/revisions"}],"wp:featuredmedia":[{"embeddable":true,"href":"https:\/\/stoic-curie.212-227-153-4.plesk.page\/hr\/wp-json\/wp\/v2\/media\/5944763"}],"wp:attachment":[{"href":"https:\/\/stoic-curie.212-227-153-4.plesk.page\/hr\/wp-json\/wp\/v2\/media?parent=743136"}],"wp:term":[{"taxonomy":"product_brand","embeddable":true,"href":"https:\/\/stoic-curie.212-227-153-4.plesk.page\/hr\/wp-json\/wp\/v2\/product_brand?post=743136"},{"taxonomy":"product_cat","embeddable":true,"href":"https:\/\/stoic-curie.212-227-153-4.plesk.page\/hr\/wp-json\/wp\/v2\/product_cat?post=743136"},{"taxonomy":"product_tag","embeddable":true,"href":"https:\/\/stoic-curie.212-227-153-4.plesk.page\/hr\/wp-json\/wp\/v2\/product_tag?post=743136"}],"curies":[{"name":"wp","href":"https:\/\/api.w.org\/{rel}","templated":true}]}}