{"id":743144,"date":"2025-03-03T18:27:44","date_gmt":"2025-03-03T17:27:44","guid":{"rendered":"https:\/\/stoic-curie.212-227-153-4.plesk.page\/producto\/lanac-od-nehrdajuceg-celika-kalibriran-13-mm-x-100mt-iso-4565\/"},"modified":"2026-02-25T00:01:07","modified_gmt":"2026-02-25T00:01:07","slug":"lanac-od-nehrdajuceg-celika-kalibriran-13-mm-x-100mt-iso-4565","status":"publish","type":"product","link":"https:\/\/stoic-curie.212-227-153-4.plesk.page\/hr\/product\/lanac-od-nehrdajuceg-celika-kalibriran-13-mm-x-100mt-iso-4565\/","title":{"rendered":"Lanac od nehr\u0111aju\u0107eg \u010delika kalibriran 13 mm x 100mt"},"content":{"rendered":"<p>Lanac od nehr\u0111aju\u0107eg \u010delika kalibriran 13 mm x 100mt &#8211; <\/p>\n<p style=\"color: rgb(34, 34, 34); font-family: Arial, Helvetica, sans-serif; font-size: small;\"><strong>DIN766 316L Nehr\u0111aju\u0107i \u010celik Kalibrirana Nosa\u010d za Pomo\u0107ne Nju\u0161ke: <\/strong>Ova lan\u010dana komponenta proizvedena je pod strogim uvjetima kako bi se zadovoljile G40 standarde, osiguravaju\u0107i visoku masu pucanja. Zanatno, masa pucanja ove lan\u010dane spojke je \u010detiri puta ve\u0107a od radne mase, \u0161to podi\u017ee sigurnost i pouzdanost. Izra\u0111ena od A4-AISI 316 nehr\u0111aju\u0107eg \u010delika, nudi izvanrednu izdr\u017eljivost i \u010dvrsto\u0107u, \u0161to ga \u010dini izvrsnim izborom za pomorske primjene.<\/p>\n<p style=\"color: rgb(34, 34, 34); font-family: Arial, Helvetica, sans-serif; font-size: small;\">Ova lan\u010dana komponenta, koja je posebno dizajnirana za pomorsku upotrebu, iznimno dobro obavlja svoj posao tokom manevra sidrom i tako\u0111er je pogodna za osiguranje bova, sidara i raznih drugih primjena u morskim okru\u017eenjima. U usporedbi s tradicionalnim \u017eeljeznim i \u010deli\u010dnim lancima, A4 nehr\u0111aju\u0107i \u010deli\u010dni lanci nude vrhunski otpor na koroziju, slanu vodu i kiseline, osiguravaju\u0107i dug vijek trajanja \u010dak i u izazovnim morskim uvjetima.<\/p>\n<p style=\"color: rgb(34, 34, 34); font-family: Arial, Helvetica, sans-serif; font-size: small;\">Zbog svoje impresivne stabilnosti i visoke te\u017eine pucanja, ovaj svestrani lanac prikladan je za raznolike primjene unutar i izvan prostora. Dostupan je u raznim promjerima, s cijenama obra\u010dunatim po metru, \u0161to ga \u010dini idealnim rje\u0161enjem za va\u0161e pomorske potrebe i jo\u0161 vi\u0161e.<\/p>\n","protected":false},"excerpt":{"rendered":"<p>Lanac od nehr\u0111aju\u0107eg \u010delika kalibriran 13 mm x 100mt &#8211; DIN766 316L Nehr\u0111aju\u0107i \u010celik Kalibrirana Nosa\u010d za Pomo\u0107ne Nju\u0161ke: Ova<\/p>\n","protected":false},"featured_media":5937697,"comment_status":"open","ping_status":"closed","template":"","meta":[],"product_brand":[3086],"product_cat":[1620,1692],"product_tag":[],"class_list":{"0":"post-743144","1":"product","2":"type-product","3":"status-publish","4":"has-post-thumbnail","6":"product_brand-maggigroup-hr","7":"product_cat-kalibrirani-lanac-od-nehrdajuceg-celika","8":"product_cat-lanac-od-nehrdajuci-celik","10":"first","11":"instock","12":"shipping-taxable","13":"purchasable","14":"product-type-simple"},"_links":{"self":[{"href":"https:\/\/stoic-curie.212-227-153-4.plesk.page\/hr\/wp-json\/wp\/v2\/product\/743144","targetHints":{"allow":["GET"]}}],"collection":[{"href":"https:\/\/stoic-curie.212-227-153-4.plesk.page\/hr\/wp-json\/wp\/v2\/product"}],"about":[{"href":"https:\/\/stoic-curie.212-227-153-4.plesk.page\/hr\/wp-json\/wp\/v2\/types\/product"}],"replies":[{"embeddable":true,"href":"https:\/\/stoic-curie.212-227-153-4.plesk.page\/hr\/wp-json\/wp\/v2\/comments?post=743144"}],"version-history":[{"count":0,"href":"https:\/\/stoic-curie.212-227-153-4.plesk.page\/hr\/wp-json\/wp\/v2\/product\/743144\/revisions"}],"wp:featuredmedia":[{"embeddable":true,"href":"https:\/\/stoic-curie.212-227-153-4.plesk.page\/hr\/wp-json\/wp\/v2\/media\/5937697"}],"wp:attachment":[{"href":"https:\/\/stoic-curie.212-227-153-4.plesk.page\/hr\/wp-json\/wp\/v2\/media?parent=743144"}],"wp:term":[{"taxonomy":"product_brand","embeddable":true,"href":"https:\/\/stoic-curie.212-227-153-4.plesk.page\/hr\/wp-json\/wp\/v2\/product_brand?post=743144"},{"taxonomy":"product_cat","embeddable":true,"href":"https:\/\/stoic-curie.212-227-153-4.plesk.page\/hr\/wp-json\/wp\/v2\/product_cat?post=743144"},{"taxonomy":"product_tag","embeddable":true,"href":"https:\/\/stoic-curie.212-227-153-4.plesk.page\/hr\/wp-json\/wp\/v2\/product_tag?post=743144"}],"curies":[{"name":"wp","href":"https:\/\/api.w.org\/{rel}","templated":true}]}}