{"id":743145,"date":"2025-03-03T18:27:45","date_gmt":"2025-03-03T17:27:45","guid":{"rendered":"https:\/\/stoic-curie.212-227-153-4.plesk.page\/producto\/lanac-od-nehrdajuceg-celika-kalibriran-12mm-x-100mt-iso-4565\/"},"modified":"2026-02-25T00:01:07","modified_gmt":"2026-02-25T00:01:07","slug":"lanac-od-nehrdajuceg-celika-kalibriran-12mm-x-100mt-iso-4565","status":"publish","type":"product","link":"https:\/\/stoic-curie.212-227-153-4.plesk.page\/hr\/product\/lanac-od-nehrdajuceg-celika-kalibriran-12mm-x-100mt-iso-4565\/","title":{"rendered":"Lanac od nehr\u0111aju\u0107eg \u010delika kalibriran 12mm x 100mt"},"content":{"rendered":"<p>Lanac od nehr\u0111aju\u0107eg \u010delika kalibriran 12mm x 100mt &#8211; <\/p>\n<p>Kalkulirana lan\u010dana DIN766 316L od nehr\u0111aju\u0107eg \u010delika za vitlove. Kontrolirana proizvodnja G40 razreda s visokom nosivom snagom. Napomena: nosivost lanca je \u010detiri puta ve\u0107a od radne nosivosti.<\/p>\n<p style=\"color: rgb(34, 34, 34); font-family: Arial, Helvetica, sans-serif; font-size: small;\">Kalkulirani lanac DIN 766, izra\u0111en od A4-AISI 316 nehr\u0111aju\u0107eg \u010delika, nudi pobolj\u0161anu izdr\u017eljivost i snagu za primjene na vitlovima. Ovaj lanac specijalno je dizajniran za pomorsku upotrebu i odli\u010dno se pona\u0161a u manevrima s sidrom, idealan je za osiguranje bova, sidara i druge opreme u maritimnim okru\u017eenjima. Za razliku od tradicionalnih lanaca od \u017eeljeza i \u010delika, A4 nehr\u0111aju\u0107i \u010deli\u010dni lanci pokazuju izvanrednu otpornost na koroziju, slanu vodu i kiseline, osiguravaju\u0107i produ\u017een \u017eivotni vijek \u010dak iu te\u0161kim maritimnim uvjetima. Sa svojom izvanrednom stabilno\u0161\u0107u i visokom nosivo\u0161\u0107u, ovaj svestrani lanac prikladan je za \u0161irok spektar unutarnjih i vanjskih primjena. Dostupan je u razli\u010ditim promjerima i prodaje se po metru, \u0161to ga \u010dini odli\u010dnim izborom za razne nauti\u010dke potrebe i \u0161ire.<\/p>\n<p style=\"color: rgb(34, 34, 34); font-family: Arial, Helvetica, sans-serif; font-size: small;\"><strong>G4 Nehr\u0111aju\u0107i \u010celi\u010dni Sidreni Lanac: Klju\u010dne \u010cinjenice, Zna\u010dajke i Prednosti<\/strong><\/p>\n<ul style=\"color: rgb(34, 34, 34); font-family: Arial, Helvetica, sans-serif; font-size: small;\">\n<li>Proizvedeno prema G4 specifikacijama<\/li>\n<li>Kalibrirano prema DIN 766 standardima<\/li>\n<li>Polirano za pobolj\u0161anje estetike<\/li>\n<li>Otklonjeno kako bi se osigurala dodatna otpornost na koroziju<\/li>\n<li>Idealno za okru\u017eenja s ekstremnom korozijom, kao \u0161to je slana voda<\/li>\n<li>Testirano optere\u0107enje na kraju proizvodnog procesa<\/li>\n<li>Ispitano po serijama i certificirano za osiguranje kvalitete<\/li>\n<\/ul>\n","protected":false},"excerpt":{"rendered":"<p>Lanac od nehr\u0111aju\u0107eg \u010delika kalibriran 12mm x 100mt &#8211; Kalkulirana lan\u010dana DIN766 316L od nehr\u0111aju\u0107eg \u010delika za vitlove. Kontrolirana proizvodnja<\/p>\n","protected":false},"featured_media":5937697,"comment_status":"open","ping_status":"closed","template":"","meta":[],"product_brand":[3086],"product_cat":[1620,1692],"product_tag":[],"class_list":{"0":"post-743145","1":"product","2":"type-product","3":"status-publish","4":"has-post-thumbnail","6":"product_brand-maggigroup-hr","7":"product_cat-kalibrirani-lanac-od-nehrdajuceg-celika","8":"product_cat-lanac-od-nehrdajuci-celik","10":"first","11":"instock","12":"shipping-taxable","13":"purchasable","14":"product-type-simple"},"_links":{"self":[{"href":"https:\/\/stoic-curie.212-227-153-4.plesk.page\/hr\/wp-json\/wp\/v2\/product\/743145","targetHints":{"allow":["GET"]}}],"collection":[{"href":"https:\/\/stoic-curie.212-227-153-4.plesk.page\/hr\/wp-json\/wp\/v2\/product"}],"about":[{"href":"https:\/\/stoic-curie.212-227-153-4.plesk.page\/hr\/wp-json\/wp\/v2\/types\/product"}],"replies":[{"embeddable":true,"href":"https:\/\/stoic-curie.212-227-153-4.plesk.page\/hr\/wp-json\/wp\/v2\/comments?post=743145"}],"version-history":[{"count":0,"href":"https:\/\/stoic-curie.212-227-153-4.plesk.page\/hr\/wp-json\/wp\/v2\/product\/743145\/revisions"}],"wp:featuredmedia":[{"embeddable":true,"href":"https:\/\/stoic-curie.212-227-153-4.plesk.page\/hr\/wp-json\/wp\/v2\/media\/5937697"}],"wp:attachment":[{"href":"https:\/\/stoic-curie.212-227-153-4.plesk.page\/hr\/wp-json\/wp\/v2\/media?parent=743145"}],"wp:term":[{"taxonomy":"product_brand","embeddable":true,"href":"https:\/\/stoic-curie.212-227-153-4.plesk.page\/hr\/wp-json\/wp\/v2\/product_brand?post=743145"},{"taxonomy":"product_cat","embeddable":true,"href":"https:\/\/stoic-curie.212-227-153-4.plesk.page\/hr\/wp-json\/wp\/v2\/product_cat?post=743145"},{"taxonomy":"product_tag","embeddable":true,"href":"https:\/\/stoic-curie.212-227-153-4.plesk.page\/hr\/wp-json\/wp\/v2\/product_tag?post=743145"}],"curies":[{"name":"wp","href":"https:\/\/api.w.org\/{rel}","templated":true}]}}