{"id":743146,"date":"2025-03-03T18:27:45","date_gmt":"2025-03-03T17:27:45","guid":{"rendered":"https:\/\/stoic-curie.212-227-153-4.plesk.page\/producto\/lanac-od-nehrdajuceg-celika-kalibriran-316-7-22mm-x-50mt-din766\/"},"modified":"2026-02-25T00:01:07","modified_gmt":"2026-02-25T00:01:07","slug":"lanac-od-nehrdajuceg-celika-kalibriran-316-7-22mm-x-50mt-din766","status":"publish","type":"product","link":"https:\/\/stoic-curie.212-227-153-4.plesk.page\/hr\/product\/lanac-od-nehrdajuceg-celika-kalibriran-316-7-22mm-x-50mt-din766\/","title":{"rendered":"Lanac od nehr\u0111aju\u0107eg \u010delika kalibriran 316 7mm x 50mt DIN766"},"content":{"rendered":"<p>Lanac od nehr\u0111aju\u0107eg \u010delika kalibriran 316 7mm x 50mt DIN766 &#8211; <\/p>\n<p style=\"color: rgb(34, 34, 34); font-family: Arial, Helvetica, sans-serif; font-size: small;\"><strong>DIN766 316L Nehr\u0111aju\u0107i \u010celik Kalibrirani Lanac za Ankere<\/strong><\/p>\n<p style=\"color: rgb(34, 34, 34); font-family: Arial, Helvetica, sans-serif; font-size: small;\">Predstavljamo na\u0161 DIN766 316L nehr\u0111aju\u0107i \u010delik kalibrirani lanac, posebno dizajniran za kori\u0161tenje s ankerima. Ovaj izniman lanac izra\u0111en je pod strogim uvjetima, jam\u010de\u0107i da ispunjava G40 standarde. Ova uskla\u0111enost jam\u010di izuzetno visoku razbija\u010dku optere\u0107enje, \u010dine\u0107i ga pouzdanim izborom za va\u0161e potrebe na brodu.<\/p>\n<p style=\"color: rgb(34, 34, 34); font-family: Arial, Helvetica, sans-serif; font-size: small;\">Va\u017eno je naglasiti da je razbija\u010dko optere\u0107enje ovog lanca impresivno \u010detiri puta ve\u0107e od radnog optere\u0107enja. To zna\u010di da mo\u017eete vjerovati ovom lanci da \u0107e se nositi s zahtjevnim zadacima s lako\u0107om. Izra\u0111en od 316 nehr\u0111aju\u0107eg \u010delika, koji se \u010desto naziva &#8220;morski tip&#8221;, ovaj materijal je izvanredno otporan na habanje, posebno u vla\u017enim i izazovnim okru\u017eenjima. Stoga je posebno prikladan za vanjske primjene, posebno u brodogradnji i pomorskim okru\u017eenjima gdje je izdr\u017eljivost klju\u010dna.<\/p>\n<p style=\"color: rgb(34, 34, 34); font-family: Arial, Helvetica, sans-serif; font-size: small;\">Jedna od izvanrednih karakteristika ovog lanca su njegovi niski zahtjevi za odr\u017eavanjem. Izuzetno je otporan na hr\u0111u i koroziju, \u0161to zna\u010di da se mo\u017eete osloniti na njegovu dugotrajnu izvedbu bez potrebe za stalnom njegom. Osim toga, mo\u017ee se lako sterilizirati ili oprati parom, a nije potrebno bojati ili koristiti za\u0161titne premaze, \u0161to ga \u010dini jednostavnim izborom za korisnike.<\/p>\n<p style=\"color: rgb(34, 34, 34); font-family: Arial, Helvetica, sans-serif; font-size: small;\">Ovaj svestrani komercijalni lanac nije idealan samo za pomorske primjene, ve\u0107 je i pogodan za \u0161irok spektar upotreba. Mo\u017ee se koristiti u raznim sektorima, uklju\u010duju\u0107i ku\u0107ne primjene, zdravstvenu njegu, ugostiteljstvo, preradu hrane, arhitekturu, opskrbu vodom i kemijsku proizvodnju. Svojom robusnom konstrukcijom i prilagodljivo\u0161\u0107u, ovaj lanac je vrijedna dopuna svakom alatu ili opremi.<\/p>\n","protected":false},"excerpt":{"rendered":"<p>Lanac od nehr\u0111aju\u0107eg \u010delika kalibriran 316 7mm x 50mt DIN766 &#8211; DIN766 316L Nehr\u0111aju\u0107i \u010celik Kalibrirani Lanac za Ankere Predstavljamo<\/p>\n","protected":false},"featured_media":5944766,"comment_status":"open","ping_status":"closed","template":"","meta":[],"product_brand":[3086],"product_cat":[1620],"product_tag":[],"class_list":{"0":"post-743146","1":"product","2":"type-product","3":"status-publish","4":"has-post-thumbnail","6":"product_brand-maggigroup-hr","7":"product_cat-kalibrirani-lanac-od-nehrdajuceg-celika","9":"first","10":"instock","11":"shipping-taxable","12":"purchasable","13":"product-type-simple"},"_links":{"self":[{"href":"https:\/\/stoic-curie.212-227-153-4.plesk.page\/hr\/wp-json\/wp\/v2\/product\/743146","targetHints":{"allow":["GET"]}}],"collection":[{"href":"https:\/\/stoic-curie.212-227-153-4.plesk.page\/hr\/wp-json\/wp\/v2\/product"}],"about":[{"href":"https:\/\/stoic-curie.212-227-153-4.plesk.page\/hr\/wp-json\/wp\/v2\/types\/product"}],"replies":[{"embeddable":true,"href":"https:\/\/stoic-curie.212-227-153-4.plesk.page\/hr\/wp-json\/wp\/v2\/comments?post=743146"}],"version-history":[{"count":0,"href":"https:\/\/stoic-curie.212-227-153-4.plesk.page\/hr\/wp-json\/wp\/v2\/product\/743146\/revisions"}],"wp:featuredmedia":[{"embeddable":true,"href":"https:\/\/stoic-curie.212-227-153-4.plesk.page\/hr\/wp-json\/wp\/v2\/media\/5944766"}],"wp:attachment":[{"href":"https:\/\/stoic-curie.212-227-153-4.plesk.page\/hr\/wp-json\/wp\/v2\/media?parent=743146"}],"wp:term":[{"taxonomy":"product_brand","embeddable":true,"href":"https:\/\/stoic-curie.212-227-153-4.plesk.page\/hr\/wp-json\/wp\/v2\/product_brand?post=743146"},{"taxonomy":"product_cat","embeddable":true,"href":"https:\/\/stoic-curie.212-227-153-4.plesk.page\/hr\/wp-json\/wp\/v2\/product_cat?post=743146"},{"taxonomy":"product_tag","embeddable":true,"href":"https:\/\/stoic-curie.212-227-153-4.plesk.page\/hr\/wp-json\/wp\/v2\/product_tag?post=743146"}],"curies":[{"name":"wp","href":"https:\/\/api.w.org\/{rel}","templated":true}]}}