{"id":743149,"date":"2025-03-03T18:27:46","date_gmt":"2025-03-03T17:27:46","guid":{"rendered":"https:\/\/stoic-curie.212-227-153-4.plesk.page\/producto\/racor-vizualni-alarm-vode-u-gorivu-24v\/"},"modified":"2026-02-25T00:01:07","modified_gmt":"2026-02-25T00:01:07","slug":"racor-vizualni-alarm-vode-u-gorivu-24v","status":"publish","type":"product","link":"https:\/\/stoic-curie.212-227-153-4.plesk.page\/hr\/product\/racor-vizualni-alarm-vode-u-gorivu-24v\/","title":{"rendered":"Racor vizualni alarm vode u  gorivu (24V)"},"content":{"rendered":"<p>Racor vizualni alarm vode u  gorivu (24V) &#8211; <\/p>\n<div class=\"col-24 col-md-15\">\n<p>LED jedinica montirana na povr\u0161inu koja radi kada se voda detektira u posudi za prikupljanje. Prikazuje zeleno &#8216;U\u010cINJENO&#8217; kada radi, a mijenja se u crveno &#8216;ISPUSTITE&#8217; kada se detektira voda. Uklju\u010duje funkciju samoprovere pri pokretanju i za\u0161titu od strujnog udara.<\/p>\n<p>Racor alarm za gorivo dolazi s sondom (ASAP oznaka dijela 301333).<\/p>\n<p><style id=\"1\" name=\"Bold\" type=\"2\"><![CDATA[Napomena: Ova naprava nije namijenjena kori\u0161tenju s benzinom.]]><\/style>\n<\/p>\n<\/div>\n<h3>Specifikacije<\/h3>\n<table class=\"table\">\n<tbody>\n<tr>\n<td><strong>Ampere<\/strong><\/td>\n<td>Potro\u0161nja: 10mA, Maksimalno optere\u0107enje: 30mA<\/td>\n<\/tr>\n<tr>\n<td><strong>Visina<\/strong><\/td>\n<td>25mm (1&#8243;)<\/td>\n<\/tr>\n<tr>\n<td><strong>Napon<\/strong><\/td>\n<td>24V DC<\/td>\n<\/tr>\n<tr>\n<td><strong>\u0160irina<\/strong><\/td>\n<td>51mm (2&#8243;)<\/td>\n<\/tr>\n<tr>\n<td><strong>Marka<\/strong><\/td>\n<td>Racor<\/td>\n<\/tr>\n<tr>\n<td><strong>Dubina<\/strong><\/td>\n<td>38mm (1-1\/2&#8243;)<\/td>\n<\/tr>\n<\/tbody>\n<\/table>\n","protected":false},"excerpt":{"rendered":"<p>Racor vizualni alarm vode u gorivu (24V) &#8211; LED jedinica montirana na povr\u0161inu koja radi kada se voda detektira u<\/p>\n","protected":false},"featured_media":5944773,"comment_status":"open","ping_status":"closed","template":"","meta":[],"product_brand":[3246],"product_cat":[1797],"product_tag":[],"class_list":{"0":"post-743149","1":"product","2":"type-product","3":"status-publish","4":"has-post-thumbnail","6":"product_brand-parker-racor-hr","7":"product_cat-filtri-separatora-vode-za-gorivo","9":"first","10":"instock","11":"shipping-taxable","12":"purchasable","13":"product-type-simple"},"_links":{"self":[{"href":"https:\/\/stoic-curie.212-227-153-4.plesk.page\/hr\/wp-json\/wp\/v2\/product\/743149","targetHints":{"allow":["GET"]}}],"collection":[{"href":"https:\/\/stoic-curie.212-227-153-4.plesk.page\/hr\/wp-json\/wp\/v2\/product"}],"about":[{"href":"https:\/\/stoic-curie.212-227-153-4.plesk.page\/hr\/wp-json\/wp\/v2\/types\/product"}],"replies":[{"embeddable":true,"href":"https:\/\/stoic-curie.212-227-153-4.plesk.page\/hr\/wp-json\/wp\/v2\/comments?post=743149"}],"version-history":[{"count":0,"href":"https:\/\/stoic-curie.212-227-153-4.plesk.page\/hr\/wp-json\/wp\/v2\/product\/743149\/revisions"}],"wp:featuredmedia":[{"embeddable":true,"href":"https:\/\/stoic-curie.212-227-153-4.plesk.page\/hr\/wp-json\/wp\/v2\/media\/5944773"}],"wp:attachment":[{"href":"https:\/\/stoic-curie.212-227-153-4.plesk.page\/hr\/wp-json\/wp\/v2\/media?parent=743149"}],"wp:term":[{"taxonomy":"product_brand","embeddable":true,"href":"https:\/\/stoic-curie.212-227-153-4.plesk.page\/hr\/wp-json\/wp\/v2\/product_brand?post=743149"},{"taxonomy":"product_cat","embeddable":true,"href":"https:\/\/stoic-curie.212-227-153-4.plesk.page\/hr\/wp-json\/wp\/v2\/product_cat?post=743149"},{"taxonomy":"product_tag","embeddable":true,"href":"https:\/\/stoic-curie.212-227-153-4.plesk.page\/hr\/wp-json\/wp\/v2\/product_tag?post=743149"}],"curies":[{"name":"wp","href":"https:\/\/api.w.org\/{rel}","templated":true}]}}