{"id":743150,"date":"2025-03-03T18:27:46","date_gmt":"2025-03-03T17:27:46","guid":{"rendered":"https:\/\/stoic-curie.212-227-153-4.plesk.page\/producto\/seaflow-okrugli-ispust-iz-kokpita-nehrdajuci-celik-316-40mm\/"},"modified":"2026-02-25T00:01:07","modified_gmt":"2026-02-25T00:01:07","slug":"seaflow-okrugli-ispust-iz-kokpita-nehrdajuci-celik-316-40mm","status":"publish","type":"product","link":"https:\/\/stoic-curie.212-227-153-4.plesk.page\/hr\/product\/seaflow-okrugli-ispust-iz-kokpita-nehrdajuci-celik-316-40mm\/","title":{"rendered":"Seaflow okrugli ispust iz kokpita nehr\u0111aju\u0107i \u010delik 316, 40mm"},"content":{"rendered":"<p>Seaflow okrugli ispust iz kokpita nehr\u0111aju\u0107i \u010delik 316, 40mm &#8211; Seaflowov okrugli odvod za kokpit izra\u0111en je od morskog nehr\u0111aju\u0107eg \u010delika AISI 316. Odvod za kokpit ima ugra\u0111eni sustav protiv povratnog toka koji koristi unutarnju kuglu za sprje\u010davanje mogu\u0107eg povratnog toka i uklonjivu re\u0161etku za lako \u010di\u0161\u0107enje. Okrugli odvod za kokpit ima promjer od 92 mm i izlaz za crijevo od 40 mm pod kutom od 45 stupnjeva.<\/p>\n","protected":false},"excerpt":{"rendered":"<p>Seaflow okrugli ispust iz kokpita nehr\u0111aju\u0107i \u010delik 316, 40mm &#8211; Seaflowov okrugli odvod za kokpit izra\u0111en je od morskog nehr\u0111aju\u0107eg<\/p>\n","protected":false},"featured_media":5944787,"comment_status":"open","ping_status":"closed","template":"","meta":[],"product_brand":[3356],"product_cat":[1652,1667],"product_tag":[],"class_list":{"0":"post-743150","1":"product","2":"type-product","3":"status-publish","4":"has-post-thumbnail","6":"product_brand-seaflow-hr","7":"product_cat-brodski-tusevi","8":"product_cat-odvodni-cepovi","10":"first","11":"instock","12":"shipping-taxable","13":"purchasable","14":"product-type-simple"},"_links":{"self":[{"href":"https:\/\/stoic-curie.212-227-153-4.plesk.page\/hr\/wp-json\/wp\/v2\/product\/743150","targetHints":{"allow":["GET"]}}],"collection":[{"href":"https:\/\/stoic-curie.212-227-153-4.plesk.page\/hr\/wp-json\/wp\/v2\/product"}],"about":[{"href":"https:\/\/stoic-curie.212-227-153-4.plesk.page\/hr\/wp-json\/wp\/v2\/types\/product"}],"replies":[{"embeddable":true,"href":"https:\/\/stoic-curie.212-227-153-4.plesk.page\/hr\/wp-json\/wp\/v2\/comments?post=743150"}],"version-history":[{"count":0,"href":"https:\/\/stoic-curie.212-227-153-4.plesk.page\/hr\/wp-json\/wp\/v2\/product\/743150\/revisions"}],"wp:featuredmedia":[{"embeddable":true,"href":"https:\/\/stoic-curie.212-227-153-4.plesk.page\/hr\/wp-json\/wp\/v2\/media\/5944787"}],"wp:attachment":[{"href":"https:\/\/stoic-curie.212-227-153-4.plesk.page\/hr\/wp-json\/wp\/v2\/media?parent=743150"}],"wp:term":[{"taxonomy":"product_brand","embeddable":true,"href":"https:\/\/stoic-curie.212-227-153-4.plesk.page\/hr\/wp-json\/wp\/v2\/product_brand?post=743150"},{"taxonomy":"product_cat","embeddable":true,"href":"https:\/\/stoic-curie.212-227-153-4.plesk.page\/hr\/wp-json\/wp\/v2\/product_cat?post=743150"},{"taxonomy":"product_tag","embeddable":true,"href":"https:\/\/stoic-curie.212-227-153-4.plesk.page\/hr\/wp-json\/wp\/v2\/product_tag?post=743150"}],"curies":[{"name":"wp","href":"https:\/\/api.w.org\/{rel}","templated":true}]}}