{"id":743151,"date":"2025-03-03T18:27:47","date_gmt":"2025-03-03T17:27:47","guid":{"rendered":"https:\/\/stoic-curie.212-227-153-4.plesk.page\/producto\/seaflow-ovalni-ispust-iz-kokpita-nehrdajuci-celik-crijevo-38mm\/"},"modified":"2026-02-25T00:01:07","modified_gmt":"2026-02-25T00:01:07","slug":"seaflow-ovalni-ispust-iz-kokpita-nehrdajuci-celik-crijevo-38mm","status":"publish","type":"product","link":"https:\/\/stoic-curie.212-227-153-4.plesk.page\/hr\/product\/seaflow-ovalni-ispust-iz-kokpita-nehrdajuci-celik-crijevo-38mm\/","title":{"rendered":"Seaflow ovalni ispust iz kokpita nehr\u0111aju\u0107i \u010delik, (crijevo 38mm)"},"content":{"rendered":"<p>Seaflow ovalni ispust iz kokpita nehr\u0111aju\u0107i \u010delik, (crijevo 38mm) &#8211; <\/p>\n<div class=\"col-24 col-md-15\">\n<p>Ovalni odvod kokpita Seaflow izra\u0111en je od morskog nehr\u0111aju\u0107eg \u010delika AISI 316.<\/p>\n<p>Odvod kokpita ima uklonjivu re\u0161etku koja omogu\u0107ava jednostavno \u010di\u0161\u0107enje i odr\u017eavanje.<\/p>\n<p>Ovalno oblikovani odvod kokpita mjeri 190 mm x 92 mm i ima izlaz za crijevo od 38 mm pod kutom od 90 stupnjeva.<\/p>\n<\/div>\n<h3>Specifikacije<\/h3>\n<table class=\"table\">\n<tbody>\n<tr>\n<td><strong>Duljina<\/strong><\/td>\n<td>190 mm x 92 mm (7-1\/2&#8243; x 3-5\/8&#8243;)<\/td>\n<\/tr>\n<tr>\n<td><strong>Marka<\/strong><\/td>\n<td>Seaflow<\/td>\n<\/tr>\n<tr>\n<td><strong>Veli\u010dina izlazne cijevi<\/strong><\/td>\n<td>38 mm \/ 1-1\/2&#8243;<\/td>\n<\/tr>\n<tr>\n<td><strong>Izrada<\/strong><\/td>\n<td>Morski nehr\u0111aju\u0107i \u010delik 316<\/td>\n<\/tr>\n<tr>\n<td><strong>Izlaz za crijevo<\/strong><\/td>\n<td>38 mm (1-1\/2&#8243;) (Pod kutom od 90 stupnjeva)<\/td>\n<\/tr>\n<\/tbody>\n<\/table>\n","protected":false},"excerpt":{"rendered":"<p>Seaflow ovalni ispust iz kokpita nehr\u0111aju\u0107i \u010delik, (crijevo 38mm) &#8211; Ovalni odvod kokpita Seaflow izra\u0111en je od morskog nehr\u0111aju\u0107eg \u010delika<\/p>\n","protected":false},"featured_media":5944790,"comment_status":"open","ping_status":"closed","template":"","meta":[],"product_brand":[3356],"product_cat":[1652,1667],"product_tag":[],"class_list":{"0":"post-743151","1":"product","2":"type-product","3":"status-publish","4":"has-post-thumbnail","6":"product_brand-seaflow-hr","7":"product_cat-brodski-tusevi","8":"product_cat-odvodni-cepovi","10":"first","11":"instock","12":"shipping-taxable","13":"purchasable","14":"product-type-simple"},"_links":{"self":[{"href":"https:\/\/stoic-curie.212-227-153-4.plesk.page\/hr\/wp-json\/wp\/v2\/product\/743151","targetHints":{"allow":["GET"]}}],"collection":[{"href":"https:\/\/stoic-curie.212-227-153-4.plesk.page\/hr\/wp-json\/wp\/v2\/product"}],"about":[{"href":"https:\/\/stoic-curie.212-227-153-4.plesk.page\/hr\/wp-json\/wp\/v2\/types\/product"}],"replies":[{"embeddable":true,"href":"https:\/\/stoic-curie.212-227-153-4.plesk.page\/hr\/wp-json\/wp\/v2\/comments?post=743151"}],"version-history":[{"count":0,"href":"https:\/\/stoic-curie.212-227-153-4.plesk.page\/hr\/wp-json\/wp\/v2\/product\/743151\/revisions"}],"wp:featuredmedia":[{"embeddable":true,"href":"https:\/\/stoic-curie.212-227-153-4.plesk.page\/hr\/wp-json\/wp\/v2\/media\/5944790"}],"wp:attachment":[{"href":"https:\/\/stoic-curie.212-227-153-4.plesk.page\/hr\/wp-json\/wp\/v2\/media?parent=743151"}],"wp:term":[{"taxonomy":"product_brand","embeddable":true,"href":"https:\/\/stoic-curie.212-227-153-4.plesk.page\/hr\/wp-json\/wp\/v2\/product_brand?post=743151"},{"taxonomy":"product_cat","embeddable":true,"href":"https:\/\/stoic-curie.212-227-153-4.plesk.page\/hr\/wp-json\/wp\/v2\/product_cat?post=743151"},{"taxonomy":"product_tag","embeddable":true,"href":"https:\/\/stoic-curie.212-227-153-4.plesk.page\/hr\/wp-json\/wp\/v2\/product_tag?post=743151"}],"curies":[{"name":"wp","href":"https:\/\/api.w.org\/{rel}","templated":true}]}}