{"id":743152,"date":"2025-03-03T18:27:47","date_gmt":"2025-03-03T17:27:47","guid":{"rendered":"https:\/\/stoic-curie.212-227-153-4.plesk.page\/producto\/uljev-za-otpadnu-vodu-od-nehrdajuceg-celika-4dek-za-crijevo-od-38-mm\/"},"modified":"2026-02-25T00:01:07","modified_gmt":"2026-02-25T00:01:07","slug":"uljev-za-otpadnu-vodu-od-nehrdajuceg-celika-4dek-za-crijevo-od-38-mm","status":"publish","type":"product","link":"https:\/\/stoic-curie.212-227-153-4.plesk.page\/hr\/product\/uljev-za-otpadnu-vodu-od-nehrdajuceg-celika-4dek-za-crijevo-od-38-mm\/","title":{"rendered":"Uljev za otpadnu vodu od nehr\u0111aju\u0107eg \u010delika 4Dek za crijevo od 38 mm"},"content":{"rendered":"<p>Uljev za otpadnu vodu od nehr\u0111aju\u0107eg \u010delika 4Dek za crijevo od 38 mm &#8211; <\/p>\n<div class=\"col-24 col-md-15\">\n<p>4Dek plo\u010da za ispu\u0161tanje otpada izra\u0111ena je od zrcalno poliranog nehr\u0111aju\u0107eg \u010delika AISI316 i odgovara crijevima promjera 38 mm. Ova plo\u010da za ispu\u0161tanje otpada ima poklopac s preklopnom ru\u010dkom i tri uvu\u010dena rupna za u\u010dvr\u0161\u0107ivanje.<\/p>\n<\/div>\n<h3>Tehni\u010dki podaci<\/h3>\n<table class=\"table\">\n<tbody>\n<tr>\n<td><strong>Duljina<\/strong><\/td>\n<td>90 mm<\/td>\n<\/tr>\n<tr>\n<td><strong>Marka<\/strong><\/td>\n<td>4Dek<\/td>\n<\/tr>\n<tr>\n<td><strong>Pokrov za palubu<\/strong><\/td>\n<td>Otpad<\/td>\n<\/tr>\n<tr>\n<td><strong>Priklju\u010dak za crijevo za punjenje<\/strong><\/td>\n<td>38 mm \/ 1-1\/2&#8243;<\/td>\n<\/tr>\n<tr>\n<td><strong>Ozna\u010davanje<\/strong><\/td>\n<td>Otpad<\/td>\n<\/tr>\n<tr>\n<td><strong>Ventilirano<\/strong><\/td>\n<td>Ne<\/td>\n<\/tr>\n<tr>\n<td><strong>Kut<\/strong><\/td>\n<td>Ravno<\/td>\n<\/tr>\n<tr>\n<td><strong>PCD rupa za vijak [Pitch Circle Diameter]<\/strong><\/td>\n<td>3 rupe na 68 mm PCD<\/td>\n<\/tr>\n<tr>\n<td><strong>Izgradnja<\/strong><\/td>\n<td>Polirani nehr\u0111aju\u0107i \u010delik ASIS 316<\/td>\n<\/tr>\n<tr>\n<td><strong>Promjer<\/strong><\/td>\n<td>Ukupno: 88 mm (3-1\/2&#8243;)<\/td>\n<\/tr>\n<tr>\n<td><strong>Dimenzije<\/strong><\/td>\n<td>Veli\u010dina otvora: 51 mm (2&#8243;)<\/td>\n<\/tr>\n<\/tbody>\n<\/table>\n","protected":false},"excerpt":{"rendered":"<p>Uljev za otpadnu vodu od nehr\u0111aju\u0107eg \u010delika 4Dek za crijevo od 38 mm &#8211; 4Dek plo\u010da za ispu\u0161tanje otpada izra\u0111ena<\/p>\n","protected":false},"featured_media":5944791,"comment_status":"open","ping_status":"closed","template":"","meta":[],"product_brand":[3236],"product_cat":[1649],"product_tag":[],"class_list":{"0":"post-743152","1":"product","2":"type-product","3":"status-publish","4":"has-post-thumbnail","6":"product_brand-osculati-hr","7":"product_cat-spremnici-za-otpadne-vode","9":"first","10":"instock","11":"shipping-taxable","12":"purchasable","13":"product-type-simple"},"_links":{"self":[{"href":"https:\/\/stoic-curie.212-227-153-4.plesk.page\/hr\/wp-json\/wp\/v2\/product\/743152","targetHints":{"allow":["GET"]}}],"collection":[{"href":"https:\/\/stoic-curie.212-227-153-4.plesk.page\/hr\/wp-json\/wp\/v2\/product"}],"about":[{"href":"https:\/\/stoic-curie.212-227-153-4.plesk.page\/hr\/wp-json\/wp\/v2\/types\/product"}],"replies":[{"embeddable":true,"href":"https:\/\/stoic-curie.212-227-153-4.plesk.page\/hr\/wp-json\/wp\/v2\/comments?post=743152"}],"version-history":[{"count":0,"href":"https:\/\/stoic-curie.212-227-153-4.plesk.page\/hr\/wp-json\/wp\/v2\/product\/743152\/revisions"}],"wp:featuredmedia":[{"embeddable":true,"href":"https:\/\/stoic-curie.212-227-153-4.plesk.page\/hr\/wp-json\/wp\/v2\/media\/5944791"}],"wp:attachment":[{"href":"https:\/\/stoic-curie.212-227-153-4.plesk.page\/hr\/wp-json\/wp\/v2\/media?parent=743152"}],"wp:term":[{"taxonomy":"product_brand","embeddable":true,"href":"https:\/\/stoic-curie.212-227-153-4.plesk.page\/hr\/wp-json\/wp\/v2\/product_brand?post=743152"},{"taxonomy":"product_cat","embeddable":true,"href":"https:\/\/stoic-curie.212-227-153-4.plesk.page\/hr\/wp-json\/wp\/v2\/product_cat?post=743152"},{"taxonomy":"product_tag","embeddable":true,"href":"https:\/\/stoic-curie.212-227-153-4.plesk.page\/hr\/wp-json\/wp\/v2\/product_tag?post=743152"}],"curies":[{"name":"wp","href":"https:\/\/api.w.org\/{rel}","templated":true}]}}