{"id":743153,"date":"2025-03-03T18:27:48","date_gmt":"2025-03-03T17:27:48","guid":{"rendered":"https:\/\/stoic-curie.212-227-153-4.plesk.page\/producto\/crijevo-za-vodu-john-guest-speedfit-15mm-x-25mt\/"},"modified":"2026-02-25T00:01:07","modified_gmt":"2026-02-25T00:01:07","slug":"crijevo-za-vodu-john-guest-speedfit-15mm-x-25mt","status":"publish","type":"product","link":"https:\/\/stoic-curie.212-227-153-4.plesk.page\/hr\/product\/crijevo-za-vodu-john-guest-speedfit-15mm-x-25mt\/","title":{"rendered":"Crijevo za vodu John Guest Speedfit 15mm x 25mt"},"content":{"rendered":"<p>Crijevo za vodu John Guest Speedfit 15mm x 25mt &#8211; <\/p>\n<div class=\"col-24 col-md-15\">\n<p>John Guest Speedfit PEX cijev s barijerom ima vanjski promjer od 15 mm i isporu\u010duje se u kolu od 25 metara. Cijev je pogodna za kori\u0161tenje u ku\u0107nim vodovodnim instalacijama za toplu i hladnu vodu zbog materijala koji su bez olova i netoksi\u010dni. Speedfit PEX cijev ima laganu, fleksibilnu konstrukciju od 5 slojeva, \u010diji je sredi\u0161nji dio plava barijera kisika koja sprje\u010dava ulazak zraka u sustav, smanjuju\u0107i time u\u010dinak korozije na metalnim komponentama. Ova Speedfit cijev ima nisku toplinsku vodljivost, pa je prilikom transporta tople vode hladnija i sigurnija za dodir.<\/p>\n<p>Speedfit PEX barijerna cijev ispunjava britanski standard BS7291: dio 3: razred S.<\/p>\n<p>JG Speedfit umetci moraju se koristiti prilikom kori\u0161tenja Speedfit priklju\u010daka s ovom cijevi.<\/p>\n<\/div>\n<h3>Specifikacije<\/h3>\n<table class=\"table\">\n<tbody>\n<tr>\n<td><strong>Odobrenja<\/strong><\/td>\n<td>U skladu s britanskim standardom BS7291: dio 3: razred S<\/td>\n<\/tr>\n<tr>\n<td><strong>Marka<\/strong><\/td>\n<td>JG Speedfit<\/td>\n<\/tr>\n<tr>\n<td><strong>Zemlja podrijetla<\/strong><\/td>\n<td>Ujedinjeno Kraljevstvo<\/td>\n<\/tr>\n<tr>\n<td><strong>Prodajna jedinica<\/strong><\/td>\n<td>25 metara<\/td>\n<\/tr>\n<tr>\n<td><strong>Konstrukcija<\/strong><\/td>\n<td>PEX (umre\u017eeni polietilen visoke gusto\u0107e (HDPE))<\/td>\n<\/tr>\n<tr>\n<td><strong>Promjer<\/strong><\/td>\n<td>15 mm OD<\/td>\n<\/tr>\n<tr>\n<td><strong>Pogodnost<\/strong><\/td>\n<td>Ku\u0107ne vodovodne instalacije za toplu i hladnu vodu<\/td>\n<\/tr>\n<\/tbody>\n<\/table>\n","protected":false},"excerpt":{"rendered":"<p>Crijevo za vodu John Guest Speedfit 15mm x 25mt &#8211; John Guest Speedfit PEX cijev s barijerom ima vanjski promjer<\/p>\n","protected":false},"featured_media":5944795,"comment_status":"open","ping_status":"closed","template":"","meta":[],"product_brand":[3426],"product_cat":[1655,1661],"product_tag":[],"class_list":{"0":"post-743153","1":"product","2":"type-product","3":"status-publish","4":"has-post-thumbnail","6":"product_brand-speedfit-hr","7":"product_cat-crijevo-za-vodu","8":"product_cat-elementi-brodskog-vovovoda-plastika","10":"first","11":"instock","12":"shipping-taxable","13":"purchasable","14":"product-type-simple"},"_links":{"self":[{"href":"https:\/\/stoic-curie.212-227-153-4.plesk.page\/hr\/wp-json\/wp\/v2\/product\/743153","targetHints":{"allow":["GET"]}}],"collection":[{"href":"https:\/\/stoic-curie.212-227-153-4.plesk.page\/hr\/wp-json\/wp\/v2\/product"}],"about":[{"href":"https:\/\/stoic-curie.212-227-153-4.plesk.page\/hr\/wp-json\/wp\/v2\/types\/product"}],"replies":[{"embeddable":true,"href":"https:\/\/stoic-curie.212-227-153-4.plesk.page\/hr\/wp-json\/wp\/v2\/comments?post=743153"}],"version-history":[{"count":0,"href":"https:\/\/stoic-curie.212-227-153-4.plesk.page\/hr\/wp-json\/wp\/v2\/product\/743153\/revisions"}],"wp:featuredmedia":[{"embeddable":true,"href":"https:\/\/stoic-curie.212-227-153-4.plesk.page\/hr\/wp-json\/wp\/v2\/media\/5944795"}],"wp:attachment":[{"href":"https:\/\/stoic-curie.212-227-153-4.plesk.page\/hr\/wp-json\/wp\/v2\/media?parent=743153"}],"wp:term":[{"taxonomy":"product_brand","embeddable":true,"href":"https:\/\/stoic-curie.212-227-153-4.plesk.page\/hr\/wp-json\/wp\/v2\/product_brand?post=743153"},{"taxonomy":"product_cat","embeddable":true,"href":"https:\/\/stoic-curie.212-227-153-4.plesk.page\/hr\/wp-json\/wp\/v2\/product_cat?post=743153"},{"taxonomy":"product_tag","embeddable":true,"href":"https:\/\/stoic-curie.212-227-153-4.plesk.page\/hr\/wp-json\/wp\/v2\/product_tag?post=743153"}],"curies":[{"name":"wp","href":"https:\/\/api.w.org\/{rel}","templated":true}]}}